{"id":622,"date":"2025-03-08T18:42:17","date_gmt":"2025-03-08T18:42:17","guid":{"rendered":"https:\/\/stavanger-industri.no\/product\/vindusvaskersystem-hpe\/"},"modified":"2025-10-24T11:58:01","modified_gmt":"2025-10-24T11:58:01","slug":"vindusvaskersystem-hpe","status":"publish","type":"product","link":"https:\/\/stavanger-industri.no\/nn\/product\/vindusvaskersystem-hpe\/","title":{"rendered":"Vindusvaskersystem HPE"},"content":{"rendered":"<p>HighPure er basert p\u00e5 det siste innen vannrensingsteknologi og utformet for \u00e5 tilfredsstille to grunnleggende behov: behovet for \u00e5 n\u00e5 vinduer i betydelige h\u00f8yder uten \u00e5 m\u00e5tte bruke stiger eller stillaser og behovet for perfekt rengj\u00f8ring uten bruk av rengj\u00f8ringsmidler.\u00a0Med HighPure-systemet kan rengj\u00f8ringstiden bli s\u00e5 lite som 75 prosent av rengj\u00f8ringstiden med konvensjonelle metoder. Operat\u00f8rene kan rengj\u00f8re over 200 m2 med vinduer p\u00e5 bare 1 time (erfarne operat\u00f8rer), og besparelsene i arbeidskostnader er enorme. HighPure rengj\u00f8r ikke bare vinduer, men alle ikke-por\u00f8se overflater (f.eks. metall). Vinduene blir ogs\u00e5 perfekt renset og forblir krystallklare lenger siden det ikke etterlates kjemikaler eller salt som kan danne flekker n\u00e5r vinduene t\u00f8rker.<\/p>\n<p>Takket v\u00e6re redusert forbruk av vann og eliminering av alle potensielt forurensende kjemiske produkter kan man b\u00e5de rengj\u00f8re vinduer og ta hensyn til milj\u00f8et p\u00e5 n gang. Siden det ikke brukes rengj\u00f8ringsmidler, kan spillvannet fra HighPure-systemet brukes til \u00e5 vanne planter med eller rett og slett skylles ned i offentlige avl\u00f8p.<\/p>\n<p>Med HighPure blir vindusrengj\u00f8ring helt ufarlig. Utstyret h\u00e5ndteres fra bakken og krever ikke bruk av stiger, stillaser eller plattformer. Med forlengelsesstenger kan operat\u00f8rene lett rekke vinduer h\u00f8yt oppe, ogs\u00e5<br \/>\nover hindre som plener, busker og urban utsmykning.<\/p>\n<p>Vann fra r\u00f8rnettet passerer gjennom spesielle filterenheter og renses til 99,99 prosent. N\u00e5r det har g\u00e5tt igjennom osmose og avionisering, er det rensende vannet et sv\u00e6rt effektivt rengj\u00f8ringsmiddel. Det rene vannet, hjulpet av den mekaniske virkningen av den bevegelige b\u00f8rsten p\u00e5 enden av stanga, river l\u00f8s og f\u00f8rer med seg alle partikler. Overflaten kan s\u00e5 renses slik at den blir helt fri for flekker. N\u00e5r det t\u00f8rker, etterlater rent vann seg dessuten ikke merker eller flekker (og jo renere vann, desto lavere niv\u00e5er av oppl\u00f8st salt).<\/p>\n<p>HighPure bruker det mest effektive vannrensesystemet p\u00e5 markedet. I systemet inng\u00e5r fire rensetrinn:<br \/>\n1. Et sedimentforfilter fjerner svevepartikler over 5 mikrometer.<br \/>\n2. Aktive kullfiltre fjerner alle spor av klor (klor kan skade omvendt osmosemembranen).<br \/>\n3. En omvendt osmose-membran eliminerer 98 prosent av alle salter og andre urenheter.<br \/>\n4. Et avioniserende filter med harpikspatron fjerner de resterende to prosentene salt og reduserer saltkonsentrasjonen til 0 ppm (deler pr.million).<\/p>\n<p>HighPure er lett \u00e5 man\u00f8vrere og lett \u00e5 transporterere. De robuste hjulene p\u00e5 trallen gj\u00f8r at trallen kan beveges raskt og enkelt. Noen modeller lar to operat\u00f8rer bruke hver sin rengj\u00f8ringsstang samtidig slik at produktiviteten dobles. HighPure-systemet omfatter et bredt spekter av tilleggsutstyr laget for \u00e5 oppn\u00e5 effektiv rengj\u00f8ring under alle forhold.<\/p>\n<p>Standardutstyr<\/p>\n<p>Omvendt osmose-membran (RO)<br \/>\nFilter kit &#8211; sediment, karbon og deionizingfilter<br \/>\nFleksibel slange 30m med koblinger<br \/>\nH\u00e5ndholdt konduktivitetssensor (TDS meter)<br \/>\nVannbestandig fett<br \/>\nVannmengderegulator<br \/>\nPulver for vedlikehold av osmose membran filter<br \/>\nDreneringsslange 3m<\/p>\n<p>Varenavn: HPE<br \/>\nVarenummer: APTA40015<br \/>\nTrykk: 8-10 Bar<br \/>\nVannmengde: 3-8 ltr\/time &#8211; ltr \/ timme &#8211; ltr \/ hour<br \/>\nSpenning: 230 V\/10 amp. V-Amp<br \/>\nAbsorbert effekt: 0,6 kW<br \/>\nVekt: 55 kg<br \/>\nDimensjoner: 53x50x127 cm<\/p>","protected":false},"excerpt":{"rendered":"<p>HighPure er basert p\u00e5 det siste innen vannrensingsteknologi og utformet for \u00e5 tilfredsstille to grunnleggende behov: behovet for \u00e5 n\u00e5 vinduer i betydelige h\u00f8yder uten \u00e5 m\u00e5tte bruke stiger eller stillaser og behovet for perfekt rengj\u00f8ring uten bruk av rengj\u00f8ringsmidler.\u00a0Med HighPure-systemet kan rengj\u00f8ringstiden bli s\u00e5 lite som 75 prosent av rengj\u00f8ringstiden med konvensjonelle metoder. Operat\u00f8rene [&hellip;]<\/p>\n","protected":false},"featured_media":438,"comment_status":"open","ping_status":"closed","template":"","meta":[],"product_brand":[],"product_cat":[105],"product_tag":[],"class_list":{"0":"post-622","1":"product","2":"type-product","3":"status-publish","4":"has-post-thumbnail","6":"product_cat-rentvann-rengjoringsutstyr","8":"first","9":"instock","10":"taxable","11":"shipping-taxable","12":"product-type-simple"},"_links":{"self":[{"href":"https:\/\/stavanger-industri.no\/nn\/wp-json\/wp\/v2\/product\/622","targetHints":{"allow":["GET"]}}],"collection":[{"href":"https:\/\/stavanger-industri.no\/nn\/wp-json\/wp\/v2\/product"}],"about":[{"href":"https:\/\/stavanger-industri.no\/nn\/wp-json\/wp\/v2\/types\/product"}],"replies":[{"embeddable":true,"href":"https:\/\/stavanger-industri.no\/nn\/wp-json\/wp\/v2\/comments?post=622"}],"version-history":[{"count":1,"href":"https:\/\/stavanger-industri.no\/nn\/wp-json\/wp\/v2\/product\/622\/revisions"}],"predecessor-version":[{"id":1681,"href":"https:\/\/stavanger-industri.no\/nn\/wp-json\/wp\/v2\/product\/622\/revisions\/1681"}],"wp:featuredmedia":[{"embeddable":true,"href":"https:\/\/stavanger-industri.no\/nn\/wp-json\/wp\/v2\/media\/438"}],"wp:attachment":[{"href":"https:\/\/stavanger-industri.no\/nn\/wp-json\/wp\/v2\/media?parent=622"}],"wp:term":[{"taxonomy":"product_brand","embeddable":true,"href":"https:\/\/stavanger-industri.no\/nn\/wp-json\/wp\/v2\/product_brand?post=622"},{"taxonomy":"product_cat","embeddable":true,"href":"https:\/\/stavanger-industri.no\/nn\/wp-json\/wp\/v2\/product_cat?post=622"},{"taxonomy":"product_tag","embeddable":true,"href":"https:\/\/stavanger-industri.no\/nn\/wp-json\/wp\/v2\/product_tag?post=622"}],"curies":[{"name":"wp","href":"https:\/\/api.w.org\/{rel}","templated":true}]}}