{"id":616,"date":"2025-03-08T18:42:17","date_gmt":"2025-03-08T18:42:17","guid":{"rendered":"https:\/\/stavanger-industri.no\/product\/cyclo-vac-gs115-sentralstovsuger\/"},"modified":"2025-06-11T10:24:12","modified_gmt":"2025-06-11T10:24:12","slug":"cyclo-vac-gs115-sentralstovsuger","status":"publish","type":"product","link":"https:\/\/stavanger-industri.no\/nn\/product\/cyclo-vac-gs115-sentralstovsuger\/","title":{"rendered":"Cyclo Vac GS115 sentralst\u00f8vsuger"},"content":{"rendered":"<p>Cyclo Vac GS115 sentralst\u00f8vsuger produsert i Canada<br \/>\nMeget kompakt, kraftig, stilleg\u00e5ende og solid modell i metall.<br \/>\nEnkel t\u00f8mming med st\u00f8vpose under et lokk p\u00e5 toppen<br \/>\nVakuum: 3033 mmVS<br \/>\nAirwatts: 600<\/p>\n<p>&nbsp;<\/p>\n<p>&nbsp;<\/p>\n<table class=\"woocommerce-product-attributes shop_attributes\">\n<tbody>\n<tr class=\"woocommerce-product-attributes-item woocommerce-product-attributes-item--attribute_pa_passer-for\">\n<th class=\"woocommerce-product-attributes-item__label\">Passer for<\/th>\n<td class=\"woocommerce-product-attributes-item__value\"><a href=\"https:\/\/www.sentralstovsuger.no\/passer-for\/hytter\/\" rel=\"tag\">Hytter<\/a>, <a href=\"https:\/\/www.sentralstovsuger.no\/passer-for\/leiligheter\/\" rel=\"tag\">Leiligheter<\/a><\/td>\n<\/tr>\n<tr class=\"woocommerce-product-attributes-item woocommerce-product-attributes-item--attribute_pa_boligstorrelse\">\n<th class=\"woocommerce-product-attributes-item__label\">Boligst\u00f8rrelse<\/th>\n<td class=\"woocommerce-product-attributes-item__value\"><a href=\"https:\/\/www.sentralstovsuger.no\/boligstorrelse\/50-250m2\/\" rel=\"tag\">50-250m2<\/a><\/td>\n<\/tr>\n<tr class=\"woocommerce-product-attributes-item woocommerce-product-attributes-item--attribute_pa_egenskaper\">\n<th class=\"woocommerce-product-attributes-item__label\">Egenskaper<\/th>\n<td class=\"woocommerce-product-attributes-item__value\"><a href=\"https:\/\/www.sentralstovsuger.no\/egenskaper\/stoysvak\/\" rel=\"tag\">St\u00f8ysvak<\/a>, <a href=\"https:\/\/www.sentralstovsuger.no\/egenskaper\/god-sugeeffekt\/\" rel=\"tag\">God sugeeffekt<\/a>, <a href=\"https:\/\/www.sentralstovsuger.no\/egenskaper\/plassbesparende\/\" rel=\"tag\">Plassbesparende<\/a><\/td>\n<\/tr>\n<tr class=\"woocommerce-product-attributes-item woocommerce-product-attributes-item--attribute_pa_type-2\">\n<th class=\"woocommerce-product-attributes-item__label\">Type<\/th>\n<td class=\"woocommerce-product-attributes-item__value\"><a href=\"https:\/\/www.sentralstovsuger.no\/type-2\/posemodell\/\" rel=\"tag\">Posemodell<\/a><\/td>\n<\/tr>\n<tr class=\"woocommerce-product-attributes-item woocommerce-product-attributes-item--attribute_pa_filter\">\n<th class=\"woocommerce-product-attributes-item__label\">Filter<\/th>\n<td class=\"woocommerce-product-attributes-item__value\"><a href=\"https:\/\/www.sentralstovsuger.no\/filter\/hepa-med-pose\/\" rel=\"tag\">Hepa med pose<\/a><\/td>\n<\/tr>\n<tr class=\"woocommerce-product-attributes-item woocommerce-product-attributes-item--attribute_pa_innhold\">\n<th class=\"woocommerce-product-attributes-item__label\">Innhold<\/th>\n<td class=\"woocommerce-product-attributes-item__value\"><a href=\"https:\/\/www.sentralstovsuger.no\/innhold\/stoydemper\/\" rel=\"tag\">St\u00f8ydemper<\/a>, <a href=\"https:\/\/www.sentralstovsuger.no\/innhold\/sugesentral\/\" rel=\"tag\">Sugesentral<\/a><\/td>\n<\/tr>\n<tr class=\"woocommerce-product-attributes-item woocommerce-product-attributes-item--attribute_pa_watt-motor\">\n<th class=\"woocommerce-product-attributes-item__label\">Watt motor:<\/th>\n<td class=\"woocommerce-product-attributes-item__value\"><a href=\"https:\/\/www.sentralstovsuger.no\/watt-motor\/1522w\/\" rel=\"tag\">1522W<\/a><\/td>\n<\/tr>\n<tr class=\"woocommerce-product-attributes-item woocommerce-product-attributes-item--attribute_pa_decibel\">\n<th class=\"woocommerce-product-attributes-item__label\">Decibel:<\/th>\n<td class=\"woocommerce-product-attributes-item__value\"><a href=\"https:\/\/www.sentralstovsuger.no\/decibel\/54\/\" rel=\"tag\">54<\/a><\/td>\n<\/tr>\n<tr class=\"woocommerce-product-attributes-item woocommerce-product-attributes-item--attribute_pa_vakuum\">\n<th class=\"woocommerce-product-attributes-item__label\">Vakuum:<\/th>\n<td class=\"woocommerce-product-attributes-item__value\"><a href=\"https:\/\/www.sentralstovsuger.no\/vakuum\/3033-mmvs\/\" rel=\"tag\">3033 mmVS<\/a><\/td>\n<\/tr>\n<tr class=\"woocommerce-product-attributes-item woocommerce-product-attributes-item--attribute_pa_luftmengde\">\n<th class=\"woocommerce-product-attributes-item__label\">Luftmengde:<\/th>\n<td class=\"woocommerce-product-attributes-item__value\"><a href=\"https:\/\/www.sentralstovsuger.no\/luftmengde\/2085-m3-t\/\" rel=\"tag\">208,5 m3\/t<\/a><\/td>\n<\/tr>\n<tr class=\"woocommerce-product-attributes-item woocommerce-product-attributes-item--attribute_pa_airwatts\">\n<th class=\"woocommerce-product-attributes-item__label\">Airwatts<\/th>\n<td class=\"woocommerce-product-attributes-item__value\"><a href=\"https:\/\/www.sentralstovsuger.no\/airwatts\/600\/\" rel=\"tag\">600<\/a><\/td>\n<\/tr>\n<tr class=\"woocommerce-product-attributes-item woocommerce-product-attributes-item--attribute_pa_turbiner\">\n<th class=\"woocommerce-product-attributes-item__label\">Turbiner:<\/th>\n<td class=\"woocommerce-product-attributes-item__value\"><a href=\"https:\/\/www.sentralstovsuger.no\/turbiner\/1\/\" rel=\"tag\">1<\/a><\/td>\n<\/tr>\n<tr class=\"woocommerce-product-attributes-item woocommerce-product-attributes-item--attribute_pa_stovkapasitet\">\n<th class=\"woocommerce-product-attributes-item__label\">St\u00f8vkapasitet:<\/th>\n<td class=\"woocommerce-product-attributes-item__value\"><a href=\"https:\/\/www.sentralstovsuger.no\/stovkapasitet\/16l\/\" rel=\"tag\">16l<\/a><\/td>\n<\/tr>\n<tr class=\"woocommerce-product-attributes-item woocommerce-product-attributes-item--attribute_pa_hoyde\">\n<th class=\"woocommerce-product-attributes-item__label\">H\u00f8yde:<\/th>\n<td class=\"woocommerce-product-attributes-item__value\"><a href=\"https:\/\/www.sentralstovsuger.no\/hoyde\/578cm\/\" rel=\"tag\">57,8cm<\/a><\/td>\n<\/tr>\n<tr class=\"woocommerce-product-attributes-item woocommerce-product-attributes-item--attribute_pa_diameter\">\n<th class=\"woocommerce-product-attributes-item__label\">Diameter:<\/th>\n<td class=\"woocommerce-product-attributes-item__value\"><a href=\"https:\/\/www.sentralstovsuger.no\/diameter\/302cm\/\" rel=\"tag\">30,2cm<\/a><\/td>\n<\/tr>\n<tr class=\"woocommerce-product-attributes-item woocommerce-product-attributes-item--attribute_pa_vekt\">\n<th class=\"woocommerce-product-attributes-item__label\">Vekt:<\/th>\n<td class=\"woocommerce-product-attributes-item__value\"><a href=\"https:\/\/www.sentralstovsuger.no\/vekt\/87kg\/\" rel=\"tag\">8,7kg<\/a><\/td>\n<\/tr>\n<\/tbody>\n<\/table>","protected":false},"excerpt":{"rendered":"<p>Cyclo Vac GS115 sentralst\u00f8vsuger produsert i Canada Meget kompakt, kraftig, stilleg\u00e5ende og solid modell i metall. Enkel t\u00f8mming med st\u00f8vpose under et lokk p\u00e5 toppen Vakuum: 3033 mmVS Airwatts: 600 &nbsp; &nbsp; Passer for Hytter, Leiligheter Boligst\u00f8rrelse 50-250m2 Egenskaper St\u00f8ysvak, God sugeeffekt, Plassbesparende Type Posemodell Filter Hepa med pose Innhold St\u00f8ydemper, Sugesentral Watt motor: 1522W [&hellip;]<\/p>\n","protected":false},"featured_media":427,"comment_status":"open","ping_status":"closed","template":"","meta":[],"product_brand":[],"product_cat":[100],"product_tag":[],"class_list":{"0":"post-616","1":"product","2":"type-product","3":"status-publish","4":"has-post-thumbnail","6":"product_cat-sugeenheter","8":"first","9":"instock","10":"sale","11":"taxable","12":"shipping-taxable","13":"purchasable","14":"product-type-simple"},"_links":{"self":[{"href":"https:\/\/stavanger-industri.no\/nn\/wp-json\/wp\/v2\/product\/616","targetHints":{"allow":["GET"]}}],"collection":[{"href":"https:\/\/stavanger-industri.no\/nn\/wp-json\/wp\/v2\/product"}],"about":[{"href":"https:\/\/stavanger-industri.no\/nn\/wp-json\/wp\/v2\/types\/product"}],"replies":[{"embeddable":true,"href":"https:\/\/stavanger-industri.no\/nn\/wp-json\/wp\/v2\/comments?post=616"}],"version-history":[{"count":1,"href":"https:\/\/stavanger-industri.no\/nn\/wp-json\/wp\/v2\/product\/616\/revisions"}],"predecessor-version":[{"id":1611,"href":"https:\/\/stavanger-industri.no\/nn\/wp-json\/wp\/v2\/product\/616\/revisions\/1611"}],"wp:featuredmedia":[{"embeddable":true,"href":"https:\/\/stavanger-industri.no\/nn\/wp-json\/wp\/v2\/media\/427"}],"wp:attachment":[{"href":"https:\/\/stavanger-industri.no\/nn\/wp-json\/wp\/v2\/media?parent=616"}],"wp:term":[{"taxonomy":"product_brand","embeddable":true,"href":"https:\/\/stavanger-industri.no\/nn\/wp-json\/wp\/v2\/product_brand?post=616"},{"taxonomy":"product_cat","embeddable":true,"href":"https:\/\/stavanger-industri.no\/nn\/wp-json\/wp\/v2\/product_cat?post=616"},{"taxonomy":"product_tag","embeddable":true,"href":"https:\/\/stavanger-industri.no\/nn\/wp-json\/wp\/v2\/product_tag?post=616"}],"curies":[{"name":"wp","href":"https:\/\/api.w.org\/{rel}","templated":true}]}}