{"id":615,"date":"2025-03-08T18:42:17","date_gmt":"2025-03-08T18:42:17","guid":{"rendered":"https:\/\/stavanger-industri.no\/product\/cyclo-vac-hd7525-sentralstovsuger\/"},"modified":"2025-06-11T10:21:47","modified_gmt":"2025-06-11T10:21:47","slug":"cyclo-vac-hd7525-sentralstovsuger","status":"publish","type":"product","link":"https:\/\/stavanger-industri.no\/nn\/product\/cyclo-vac-hd7525-sentralstovsuger\/","title":{"rendered":"Cyclo Vac HD7525 sentralst\u00f8vsuger"},"content":{"rendered":"<p>Sugesentral Cyclo Vac HD7525 for sentralst\u00f8vsugeranlegg.<\/p>\n<p>Spesialmodell for st\u00f8rre kontorer \/ skoler etc. Kan benyttes av 2 brukere samtidig.<\/p>\n<p>V\u00e5r kraftigste maskin med 2\u00d72 trinns turbin som gir meget h\u00f8y luftgjennomstr\u00f8mning. Dette sikrer den absolutt beste sugeeffekt, og kan ogs\u00e5 benyttes av 2 brukere da luftmengden er stor.<\/p>\n<p>Maskinen er beregnet for meget store eneboliger, store barnehager, kontorer og skoler. Som en opsjon kan maskinen utvides med en mellomring\/ forh\u00f8yningsring for \u00e5 \u00f8ke st\u00f8voppsamlingsvolumet ytterligere.<\/p>\n<p>Koblet i Serie (S) gir disse to motorene ekstra h\u00f8yt undertrykk (vacuum) som er effektivt ved lange r\u00f8rstrekk og lange slanger.<\/p>\n<p>Koblet parallelt (P) har disse to motorene s\u00e5 stor luftmengde at det er mulig med to samtidige brukere. Ved korte slanger eller slanger med st\u00f8rre diameter er det ogs\u00e5 effektivt \u00e5 bruke motorene parallelt.<\/p>\n<p>Teknisk har denne en kraftig motor med bypasskj\u00f8ling som gir lang levetid. Et patentert filter stopper kullst\u00f8v fra kj\u00f8leluften p\u00e5 motoren. Et patentert filter stopper kullst\u00f8v fra kj\u00f8leluften p\u00e5 motoren.<\/p>\n<p>Hybridmodell med st\u00f8rste engangspose. Hybrid modellen er utstyrt med HEPA filter som fanger opp 99,5% av partikler p\u00e5 0,3 mikrometer.<\/p>\n<p>Cyclo Vacs nye info-display p\u00e5 motor.<\/p>\n<p>Lyddemper p\u00e5 utbl\u00e5sning er inkludert.<\/p>\n<p>&nbsp;<\/p>\n<p>&nbsp;<\/p>\n<p>&nbsp;<\/p>\n<table class=\"woocommerce-product-attributes shop_attributes\">\n<tbody>\n<tr class=\"woocommerce-product-attributes-item woocommerce-product-attributes-item--attribute_pa_passer-for\">\n<th class=\"woocommerce-product-attributes-item__label\">Passer for<\/th>\n<td class=\"woocommerce-product-attributes-item__value\"><a href=\"https:\/\/www.sentralstovsuger.no\/passer-for\/barnehage\/\" rel=\"tag\">Barnehage<\/a>, <a href=\"https:\/\/www.sentralstovsuger.no\/passer-for\/butikker\/\" rel=\"tag\">Butikker<\/a>, <a href=\"https:\/\/www.sentralstovsuger.no\/passer-for\/kontorer\/\" rel=\"tag\">Kontorer<\/a>, <a href=\"https:\/\/www.sentralstovsuger.no\/passer-for\/proffbruk\/\" rel=\"tag\">Proffbruk<\/a>, <a href=\"https:\/\/www.sentralstovsuger.no\/passer-for\/skole\/\" rel=\"tag\">Skole<\/a>, <a href=\"https:\/\/www.sentralstovsuger.no\/passer-for\/store-eneboliger\/\" rel=\"tag\">Store eneboliger<\/a>, <a href=\"https:\/\/www.sentralstovsuger.no\/passer-for\/verksteder\/\" rel=\"tag\">Verksteder<\/a>, <a href=\"https:\/\/www.sentralstovsuger.no\/passer-for\/villaer\/\" rel=\"tag\">Villaer<\/a><\/td>\n<\/tr>\n<tr class=\"woocommerce-product-attributes-item woocommerce-product-attributes-item--attribute_pa_boligstorrelse\">\n<th class=\"woocommerce-product-attributes-item__label\">Boligst\u00f8rrelse<\/th>\n<td class=\"woocommerce-product-attributes-item__value\"><a href=\"https:\/\/www.sentralstovsuger.no\/boligstorrelse\/p500-1900m2\/\" rel=\"tag\">P:500-1900m2<\/a>, <a href=\"https:\/\/www.sentralstovsuger.no\/boligstorrelse\/s-500-3500m2\/\" rel=\"tag\">S: 500-3500m2<\/a><\/td>\n<\/tr>\n<tr class=\"woocommerce-product-attributes-item woocommerce-product-attributes-item--attribute_pa_egenskaper\">\n<th class=\"woocommerce-product-attributes-item__label\">Egenskaper<\/th>\n<td class=\"woocommerce-product-attributes-item__value\"><a href=\"https:\/\/www.sentralstovsuger.no\/egenskaper\/hoy-airwatt\/\" rel=\"tag\">H\u00f8y Airwatt<\/a>, <a href=\"https:\/\/www.sentralstovsuger.no\/egenskaper\/kraftig-sugeeffekt\/\" rel=\"tag\">Kraftig sugeeffekt<\/a>, <a href=\"https:\/\/www.sentralstovsuger.no\/egenskaper\/ekstra-stor-oppsamlingstank\/\" rel=\"tag\">Ekstra stor oppsamlingstank<\/a>, <a href=\"https:\/\/www.sentralstovsuger.no\/egenskaper\/hoyt-vakuum\/\" rel=\"tag\">H\u00f8yt vakuum<\/a>, <a href=\"https:\/\/www.sentralstovsuger.no\/egenskaper\/stort-filterareal\/\" rel=\"tag\">Stort filterareal<\/a><\/td>\n<\/tr>\n<tr class=\"woocommerce-product-attributes-item woocommerce-product-attributes-item--attribute_pa_filter\">\n<th class=\"woocommerce-product-attributes-item__label\">Filter<\/th>\n<td class=\"woocommerce-product-attributes-item__value\"><a href=\"https:\/\/www.sentralstovsuger.no\/filter\/hepa-med-pose\/\" rel=\"tag\">Hepa med pose<\/a><\/td>\n<\/tr>\n<tr class=\"woocommerce-product-attributes-item woocommerce-product-attributes-item--attribute_pa_innhold\">\n<th class=\"woocommerce-product-attributes-item__label\">Innhold<\/th>\n<td class=\"woocommerce-product-attributes-item__value\"><a href=\"https:\/\/www.sentralstovsuger.no\/innhold\/stoydemper\/\" rel=\"tag\">St\u00f8ydemper<\/a>, <a href=\"https:\/\/www.sentralstovsuger.no\/innhold\/sugesentral\/\" rel=\"tag\">Sugesentral<\/a>, <a href=\"https:\/\/www.sentralstovsuger.no\/innhold\/ekstern-ekstra-motor\/\" rel=\"tag\">Ekstern ekstra motor<\/a><\/td>\n<\/tr>\n<tr class=\"woocommerce-product-attributes-item woocommerce-product-attributes-item--attribute_pa_watt-motor\">\n<th class=\"woocommerce-product-attributes-item__label\">Watt motor:<\/th>\n<td class=\"woocommerce-product-attributes-item__value\"><a href=\"https:\/\/www.sentralstovsuger.no\/watt-motor\/3380w-1690w-x-2\/\" rel=\"tag\">3380W (1690W x 2)<\/a><\/td>\n<\/tr>\n<tr class=\"woocommerce-product-attributes-item woocommerce-product-attributes-item--attribute_pa_decibel\">\n<th class=\"woocommerce-product-attributes-item__label\">Decibel:<\/th>\n<td class=\"woocommerce-product-attributes-item__value\"><a href=\"https:\/\/www.sentralstovsuger.no\/decibel\/paralell-70db\/\" rel=\"tag\">Paralell: 70dB<\/a>, <a href=\"https:\/\/www.sentralstovsuger.no\/decibel\/serie-72-db\/\" rel=\"tag\">Serie: 72 dB<\/a><\/td>\n<\/tr>\n<tr class=\"woocommerce-product-attributes-item woocommerce-product-attributes-item--attribute_pa_vakuum\">\n<th class=\"woocommerce-product-attributes-item__label\">Vakuum:<\/th>\n<td class=\"woocommerce-product-attributes-item__value\"><a href=\"https:\/\/www.sentralstovsuger.no\/vakuum\/paralell-3790-mmvs\/\" rel=\"tag\">Paralell: 3790 mmVS<\/a>, <a href=\"https:\/\/www.sentralstovsuger.no\/vakuum\/serie-6452-mmvs\/\" rel=\"tag\">Serie: 6452 mmVS<\/a><\/td>\n<\/tr>\n<tr class=\"woocommerce-product-attributes-item woocommerce-product-attributes-item--attribute_pa_luftmengde\">\n<th class=\"woocommerce-product-attributes-item__label\">Luftmengde:<\/th>\n<td class=\"woocommerce-product-attributes-item__value\"><a href=\"https:\/\/www.sentralstovsuger.no\/luftmengde\/paralell-464-m3-t\/\" rel=\"tag\">Paralell: 464 m3\/t<\/a>, <a href=\"https:\/\/www.sentralstovsuger.no\/luftmengde\/serie-232-m3-t\/\" rel=\"tag\">Serie: 232 m3\/t<\/a><\/td>\n<\/tr>\n<tr class=\"woocommerce-product-attributes-item woocommerce-product-attributes-item--attribute_pa_airwatts\">\n<th class=\"woocommerce-product-attributes-item__label\">Airwatts<\/th>\n<td class=\"woocommerce-product-attributes-item__value\"><a href=\"https:\/\/www.sentralstovsuger.no\/airwatts\/1354\/\" rel=\"tag\">1354<\/a><\/td>\n<\/tr>\n<tr class=\"woocommerce-product-attributes-item woocommerce-product-attributes-item--attribute_pa_turbiner\">\n<th class=\"woocommerce-product-attributes-item__label\">Turbiner:<\/th>\n<td class=\"woocommerce-product-attributes-item__value\"><a href=\"https:\/\/www.sentralstovsuger.no\/turbiner\/4-2-motorer\/\" rel=\"tag\">4 (2 motorer)<\/a><\/td>\n<\/tr>\n<tr class=\"woocommerce-product-attributes-item woocommerce-product-attributes-item--attribute_pa_stovkapasitet\">\n<th class=\"woocommerce-product-attributes-item__label\">St\u00f8vkapasitet:<\/th>\n<td class=\"woocommerce-product-attributes-item__value\"><a href=\"https:\/\/www.sentralstovsuger.no\/stovkapasitet\/233l\/\" rel=\"tag\">23,3l<\/a><\/td>\n<\/tr>\n<tr class=\"woocommerce-product-attributes-item woocommerce-product-attributes-item--attribute_pa_hoyde\">\n<th class=\"woocommerce-product-attributes-item__label\">H\u00f8yde:<\/th>\n<td class=\"woocommerce-product-attributes-item__value\"><a href=\"https:\/\/www.sentralstovsuger.no\/hoyde\/hoved-1062-cm\/\" rel=\"tag\">Hoved: 106,2 cm<\/a>, <a href=\"https:\/\/www.sentralstovsuger.no\/hoyde\/motor2-432cm\/\" rel=\"tag\">Motor2: 43,2cm<\/a><\/td>\n<\/tr>\n<tr class=\"woocommerce-product-attributes-item woocommerce-product-attributes-item--attribute_pa_diameter\">\n<th class=\"woocommerce-product-attributes-item__label\">Diameter:<\/th>\n<td class=\"woocommerce-product-attributes-item__value\"><a href=\"https:\/\/www.sentralstovsuger.no\/diameter\/hoved-358cm\/\" rel=\"tag\">Hoved: 35,8cm<\/a>, <a href=\"https:\/\/www.sentralstovsuger.no\/diameter\/motor2-279cm\/\" rel=\"tag\">Motor2: 27,9cm<\/a><\/td>\n<\/tr>\n<tr class=\"woocommerce-product-attributes-item woocommerce-product-attributes-item--attribute_pa_vekt\">\n<th class=\"woocommerce-product-attributes-item__label\">Vekt:<\/th>\n<td class=\"woocommerce-product-attributes-item__value\"><a href=\"https:\/\/www.sentralstovsuger.no\/vekt\/hoved-17kg\/\" rel=\"tag\">Hoved: 17kg<\/a>, <a href=\"https:\/\/www.sentralstovsuger.no\/vekt\/motor2-72kg\/\" rel=\"tag\">Motor2: 7,2kg<\/a><\/td>\n<\/tr>\n<\/tbody>\n<\/table>","protected":false},"excerpt":{"rendered":"<p>Sugesentral Cyclo Vac HD7525 for sentralst\u00f8vsugeranlegg. Spesialmodell for st\u00f8rre kontorer \/ skoler etc. Kan benyttes av 2 brukere samtidig. V\u00e5r kraftigste maskin med 2\u00d72 trinns turbin som gir meget h\u00f8y luftgjennomstr\u00f8mning. Dette sikrer den absolutt beste sugeeffekt, og kan ogs\u00e5 benyttes av 2 brukere da luftmengden er stor. Maskinen er beregnet for meget store eneboliger, [&hellip;]<\/p>\n","protected":false},"featured_media":429,"comment_status":"open","ping_status":"closed","template":"","meta":[],"product_brand":[],"product_cat":[100],"product_tag":[],"class_list":{"0":"post-615","1":"product","2":"type-product","3":"status-publish","4":"has-post-thumbnail","6":"product_cat-sugeenheter","8":"first","9":"instock","10":"sale","11":"taxable","12":"shipping-taxable","13":"purchasable","14":"product-type-simple"},"_links":{"self":[{"href":"https:\/\/stavanger-industri.no\/nn\/wp-json\/wp\/v2\/product\/615","targetHints":{"allow":["GET"]}}],"collection":[{"href":"https:\/\/stavanger-industri.no\/nn\/wp-json\/wp\/v2\/product"}],"about":[{"href":"https:\/\/stavanger-industri.no\/nn\/wp-json\/wp\/v2\/types\/product"}],"replies":[{"embeddable":true,"href":"https:\/\/stavanger-industri.no\/nn\/wp-json\/wp\/v2\/comments?post=615"}],"version-history":[{"count":1,"href":"https:\/\/stavanger-industri.no\/nn\/wp-json\/wp\/v2\/product\/615\/revisions"}],"predecessor-version":[{"id":1680,"href":"https:\/\/stavanger-industri.no\/nn\/wp-json\/wp\/v2\/product\/615\/revisions\/1680"}],"wp:featuredmedia":[{"embeddable":true,"href":"https:\/\/stavanger-industri.no\/nn\/wp-json\/wp\/v2\/media\/429"}],"wp:attachment":[{"href":"https:\/\/stavanger-industri.no\/nn\/wp-json\/wp\/v2\/media?parent=615"}],"wp:term":[{"taxonomy":"product_brand","embeddable":true,"href":"https:\/\/stavanger-industri.no\/nn\/wp-json\/wp\/v2\/product_brand?post=615"},{"taxonomy":"product_cat","embeddable":true,"href":"https:\/\/stavanger-industri.no\/nn\/wp-json\/wp\/v2\/product_cat?post=615"},{"taxonomy":"product_tag","embeddable":true,"href":"https:\/\/stavanger-industri.no\/nn\/wp-json\/wp\/v2\/product_tag?post=615"}],"curies":[{"name":"wp","href":"https:\/\/api.w.org\/{rel}","templated":true}]}}