{"id":593,"date":"2025-03-08T18:42:15","date_gmt":"2025-03-08T18:42:15","guid":{"rendered":"https:\/\/stavanger-industri.no\/product\/mazzoni-wd-6050-frittstaende-varmtvannsvasker\/"},"modified":"2025-10-24T12:12:40","modified_gmt":"2025-10-24T12:12:40","slug":"mazzoni-wd-6050-frittstaende-varmtvannsvasker","status":"publish","type":"product","link":"https:\/\/stavanger-industri.no\/nn\/product\/mazzoni-wd-6050-frittstaende-varmtvannsvasker\/","title":{"rendered":"Mazzoni WD 6050 Frittst\u00e5ende varmtvannsvasker"},"content":{"rendered":"<p><strong>\u00a0<\/strong><\/p>\n<p><strong>En maskin\u00a0som gir\u00a0varmtvann uten tilgang til str\u00f8m<br \/>\n<\/strong><\/p>\n<p>Dieseldrevet frittst\u00e5ende varmtvannsvasker med aggregat for str\u00f8muttak.<\/p>\n<p>Leveres med Lombardini industridieslmotor,<\/p>\n<p>Patentert brenner for mer varme med mindre energi. Lavt st\u00f8yniv\u00e5. kan enkelt plasseres p\u00e5 lastebil, henger eller i skapbil<\/p>\n<p>Maskinen kan leveres med tilbeh\u00f8r etter kundens behov. WD er bygget for enkelt vedlikehold.<br \/>\n<strong>\u00a0<\/strong><\/p>\n<ul>\n<li>Maskinen kan leveres med vanntank og\u00a0slangetrommelpakke.<\/li>\n<li>Vanntank kan bli integrert eller ha som tillegg<\/li>\n<li>Dieseltank integrert i maskinen<\/li>\n<li>Slangetrommelsett kan leveres som tillegg eller integreres i maskin<\/li>\n<li>Komplett med str\u00f8m generator 220 W 2,6 KW 13A<\/li>\n<li>90 Db lyd<\/li>\n<li>Isolerte kasse<\/li>\n<li>Pipe forlenger<\/li>\n<li>Innebygd 120 liter dieseltank<\/li>\n<\/ul>\n<p>&nbsp;<\/p>\n<p>&nbsp;<\/p>\n<table style=\"height: 182px;\" border=\"1\" width=\"1372\">\n<tbody>\n<tr align=\"center\">\n<td style=\"color: #fff;\" bgcolor=\"#ea2833\"><strong>Model<\/strong><\/td>\n<td style=\"color: #fff;\" bgcolor=\"#ea2833\"><strong>WD6050<\/strong><\/td>\n<\/tr>\n<tr align=\"center\">\n<td><b>Code<\/b><\/td>\n<td>3.023.44.002<\/td>\n<\/tr>\n<tr align=\"center\">\n<td><b>Bar<\/b><\/td>\n<td>300<\/td>\n<\/tr>\n<tr align=\"center\">\n<td><b>L\/min<\/b><\/td>\n<td>32<\/td>\n<\/tr>\n<tr align=\"center\">\n<td><b>HP (kW)<\/b><\/td>\n<td>36 (26)<\/td>\n<\/tr>\n<tr align=\"center\">\n<td><b>Engine<\/b><\/td>\n<td>LOMBARDINI 4 cc<\/td>\n<\/tr>\n<tr align=\"center\">\n<td><b>RPM<\/b><\/td>\n<td>1450<\/td>\n<\/tr>\n<\/tbody>\n<\/table>","protected":false},"excerpt":{"rendered":"<p>\u00a0 En maskin\u00a0som gir\u00a0varmtvann uten tilgang til str\u00f8m Dieseldrevet frittst\u00e5ende varmtvannsvasker med aggregat for str\u00f8muttak. Leveres med Lombardini industridieslmotor, Patentert brenner for mer varme med mindre energi. Lavt st\u00f8yniv\u00e5. kan enkelt plasseres p\u00e5 lastebil, henger eller i skapbil Maskinen kan leveres med tilbeh\u00f8r etter kundens behov. WD er bygget for enkelt vedlikehold. \u00a0 Maskinen kan [&hellip;]<\/p>\n","protected":false},"featured_media":390,"comment_status":"open","ping_status":"closed","template":"","meta":[],"product_brand":[],"product_cat":[78],"product_tag":[],"class_list":{"0":"post-593","1":"product","2":"type-product","3":"status-publish","4":"has-post-thumbnail","6":"product_cat-bensin-dieseldrevne-vaskere","8":"first","9":"outofstock","10":"taxable","11":"shipping-taxable","12":"product-type-simple"},"_links":{"self":[{"href":"https:\/\/stavanger-industri.no\/nn\/wp-json\/wp\/v2\/product\/593","targetHints":{"allow":["GET"]}}],"collection":[{"href":"https:\/\/stavanger-industri.no\/nn\/wp-json\/wp\/v2\/product"}],"about":[{"href":"https:\/\/stavanger-industri.no\/nn\/wp-json\/wp\/v2\/types\/product"}],"replies":[{"embeddable":true,"href":"https:\/\/stavanger-industri.no\/nn\/wp-json\/wp\/v2\/comments?post=593"}],"version-history":[{"count":1,"href":"https:\/\/stavanger-industri.no\/nn\/wp-json\/wp\/v2\/product\/593\/revisions"}],"predecessor-version":[{"id":1686,"href":"https:\/\/stavanger-industri.no\/nn\/wp-json\/wp\/v2\/product\/593\/revisions\/1686"}],"wp:featuredmedia":[{"embeddable":true,"href":"https:\/\/stavanger-industri.no\/nn\/wp-json\/wp\/v2\/media\/390"}],"wp:attachment":[{"href":"https:\/\/stavanger-industri.no\/nn\/wp-json\/wp\/v2\/media?parent=593"}],"wp:term":[{"taxonomy":"product_brand","embeddable":true,"href":"https:\/\/stavanger-industri.no\/nn\/wp-json\/wp\/v2\/product_brand?post=593"},{"taxonomy":"product_cat","embeddable":true,"href":"https:\/\/stavanger-industri.no\/nn\/wp-json\/wp\/v2\/product_cat?post=593"},{"taxonomy":"product_tag","embeddable":true,"href":"https:\/\/stavanger-industri.no\/nn\/wp-json\/wp\/v2\/product_tag?post=593"}],"curies":[{"name":"wp","href":"https:\/\/api.w.org\/{rel}","templated":true}]}}