{"id":591,"date":"2025-03-08T18:42:15","date_gmt":"2025-03-08T18:42:15","guid":{"rendered":"https:\/\/stavanger-industri.no\/product\/ipc-pw-h28-i1408-a-m-1x230v-1-fase\/"},"modified":"2025-06-04T13:35:24","modified_gmt":"2025-06-04T13:35:24","slug":"ipc-pw-h28-i1408-a-m-1x230v-1-fase","status":"publish","type":"product","link":"https:\/\/stavanger-industri.no\/nn\/product\/ipc-pw-h28-i1408-a-m-1x230v-1-fase\/","title":{"rendered":"IPC PW-H28 I1408 A M 1x230V ( 1 fase )"},"content":{"rendered":"<h3 class=\"title\"><span class=\"green\">Produktinformasjon<\/span><\/h3>\n<div class=\"varetekst1\">\n<p>PW-H28\/4S D1408 P M er en liten, mobil, kompakt og effektiv en-faset varmtvannsvasker. Maskinen er utrustet med en kraftig stempelpumpe med keramiske stempler og messing pumpetopp. <span data-mce-fragment=\"1\">PW-H28\/4S D1<\/span><span data-mce-fragment=\"1\">408<\/span> P M har et rustfritt st\u00e5ende brennkammer som s\u00f8rger for maksimal varmeoverf\u00f8ring. Den har utvendig p\u00e5fylling av drivstoff.<\/p>\n<p><span data-mce-fragment=\"1\">PW-H28\/4S D1<\/span><span data-mce-fragment=\"1\">408<\/span> P M er utstyrt med det unike T-stabilisatorsystemet, en eksklusiv enhet som s\u00f8rger for den mest stabile varme ytelsen og dermed gir bedre<br \/>\nrengj\u00f8ringsresultater.<\/p>\n<p>Enkel og funksjonell design gj\u00f8r den bruker- og service vennlig.<\/p>\n<p><span data-mce-fragment=\"1\">PW-H28\/4S D1<\/span><span data-mce-fragment=\"1\">408<\/span> P M er med sitt pumpetrykk p\u00e5 hele 140 bar max. og en vannmengde p\u00e5 8l\/min. den perfekte maskin for vaktmestere, landbruk og til sm\u00e5industri.<\/p>\n<div class=\"varetekst2\">\n<p><strong>Intelligent start-stopp system<\/strong><\/p>\n<p>Starter og stopper maskinen automatisk ved aktivisering av spylepistolen, med en forsinkelse p\u00e5 stoppfunksjonen. Start-stopp systemet sl\u00e5r maskinen av etter 30 minutters inaktivitet. Maskinen m\u00e5 da re-startes.<\/p>\n<p>Hvis maskinen har en mikro lekkasje vil start-stopp systemet sl\u00e5 av maskinen. Maskinen m\u00e5 da re-startes.<\/p>\n<p>Hvis maskinen startes uten vann s\u00e5 vil start-stopp systemet sl\u00e5 av maskinen slik at maskinen ikke blir t\u00f8rrkj\u00f8rt. Maskinen m\u00e5 da re-startes.<\/p>\n<ul class=\"zebra\">\n<li class=\"odd\">Varenavn: <span data-mce-fragment=\"1\">PW-H28\/4S D1<\/span><span data-mce-fragment=\"1\">408<\/span><\/li>\n<li class=\"even\">Varenummer: 132185<\/li>\n<li class=\"odd\">Drivstoff: Diesel<\/li>\n<li class=\"even\">Trykk: 40 &#8211; 140 Bar<\/li>\n<li class=\"odd\">Vannmengde: 270 &#8211; 500 ltr\/time &#8211; ltr \/ timme &#8211; ltr \/ hour<\/li>\n<li class=\"even\">Spenning: 230\/13A \/ 1 FAS V-Amp<\/li>\n<li class=\"odd\">Absorbert effekt: 2,8 kW<\/li>\n<li class=\"even\">Motor: 2,5 hk &#8211; hp<\/li>\n<li class=\"odd\">Pumpeturtall: 2800 Rpm &#8211; Varvtal<\/li>\n<li class=\"even\">Maks temperatur vannutgang: 140<\/li>\n<li class=\"odd\">H\u00f8ytrykkslange: 20 meter &#8211; meters<\/li>\n<li class=\"even\">Vanntemperatur justerbar: 30 &#8211; 140<\/li>\n<li class=\"odd\">Varmeefekt: 36 kW<\/li>\n<li class=\"even\">Brennstoff forbruk liter: 3,2 ltr\/time &#8211; ltr \/ timme &#8211; ltr \/ hour<\/li>\n<li class=\"odd\">Effekt behov: 36 kW<\/li>\n<li class=\"even\">Kjem.injektor: Lavtrykksinjektor<\/li>\n<li class=\"odd\">Start \/ stopp system: Inteligent start\/stopp system<\/li>\n<li class=\"even\">Dimensjoner: 82 X 69 X 87 cm<\/li>\n<\/ul>\n<\/div>\n<\/div>\n<div class=\"varetekst1\" data-mce-fragment=\"1\"><\/div>","protected":false},"excerpt":{"rendered":"<p>Produktinformasjon PW-H28\/4S D1408 P M er en liten, mobil, kompakt og effektiv en-faset varmtvannsvasker. Maskinen er utrustet med en kraftig stempelpumpe med keramiske stempler og messing pumpetopp. PW-H28\/4S D1408 P M har et rustfritt st\u00e5ende brennkammer som s\u00f8rger for maksimal varmeoverf\u00f8ring. Den har utvendig p\u00e5fylling av drivstoff. PW-H28\/4S D1408 P M er utstyrt med det [&hellip;]<\/p>\n","protected":false},"featured_media":424,"comment_status":"open","ping_status":"closed","template":"","meta":[],"product_brand":[],"product_cat":[47],"product_tag":[],"class_list":{"0":"post-591","1":"product","2":"type-product","3":"status-publish","4":"has-post-thumbnail","6":"product_cat-varmtvann-vasker","8":"first","9":"instock","10":"sale","11":"taxable","12":"shipping-taxable","13":"purchasable","14":"product-type-simple"},"_links":{"self":[{"href":"https:\/\/stavanger-industri.no\/nn\/wp-json\/wp\/v2\/product\/591","targetHints":{"allow":["GET"]}}],"collection":[{"href":"https:\/\/stavanger-industri.no\/nn\/wp-json\/wp\/v2\/product"}],"about":[{"href":"https:\/\/stavanger-industri.no\/nn\/wp-json\/wp\/v2\/types\/product"}],"replies":[{"embeddable":true,"href":"https:\/\/stavanger-industri.no\/nn\/wp-json\/wp\/v2\/comments?post=591"}],"version-history":[{"count":1,"href":"https:\/\/stavanger-industri.no\/nn\/wp-json\/wp\/v2\/product\/591\/revisions"}],"predecessor-version":[{"id":1706,"href":"https:\/\/stavanger-industri.no\/nn\/wp-json\/wp\/v2\/product\/591\/revisions\/1706"}],"wp:featuredmedia":[{"embeddable":true,"href":"https:\/\/stavanger-industri.no\/nn\/wp-json\/wp\/v2\/media\/424"}],"wp:attachment":[{"href":"https:\/\/stavanger-industri.no\/nn\/wp-json\/wp\/v2\/media?parent=591"}],"wp:term":[{"taxonomy":"product_brand","embeddable":true,"href":"https:\/\/stavanger-industri.no\/nn\/wp-json\/wp\/v2\/product_brand?post=591"},{"taxonomy":"product_cat","embeddable":true,"href":"https:\/\/stavanger-industri.no\/nn\/wp-json\/wp\/v2\/product_cat?post=591"},{"taxonomy":"product_tag","embeddable":true,"href":"https:\/\/stavanger-industri.no\/nn\/wp-json\/wp\/v2\/product_tag?post=591"}],"curies":[{"name":"wp","href":"https:\/\/api.w.org\/{rel}","templated":true}]}}