{"id":589,"date":"2025-03-08T18:42:15","date_gmt":"2025-03-08T18:42:15","guid":{"rendered":"https:\/\/stavanger-industri.no\/product\/flash-950-m\/"},"modified":"2025-03-08T18:42:15","modified_gmt":"2025-03-08T18:42:15","slug":"flash-950-m","status":"publish","type":"product","link":"https:\/\/stavanger-industri.no\/nn\/product\/flash-950-m\/","title":{"rendered":"Flash 950 M"},"content":{"rendered":"<p>\u00a0<\/p>\n<p>Flash 950M er en robust g\u00e5-bak-feiemaskin til feiing av mindre og mellomstore arealer. Justerbare sidekoster og feievalser, sammenleggbart h\u00e5ndtak. Lett og robust avfallsbeholder med b\u00e6reh\u00e5ndtak. Overfei med 2 hovedb\u00f8rster sikrer effektiv, st\u00f8vfri feiing b\u00e5de innend\u00f8rs og utend\u00f8rs.<\/p>\n<p>Perfekt til feiing av sm\u00e5 mengder t\u00f8rt avfall, sand, grus, korker, esker, sigarettsneiper, osv. Kraftig rustfri st\u00e5lramme gj\u00f8r denne manuelle feiemaskinen s\u00e6rdeles robust. De to sideb\u00f8rstene og feievalsene gj\u00f8r denne manuelle feiemaskinen 5 ganger s\u00e5 effektiv som tradisjonell feiing. Egen patentert l\u00f8sning p\u00e5 drift gj\u00f8r at selv et barn kan skyve denne feiemaskinen<\/p>\n<ul>\n<ul>\n<li>Sammenleggbart h\u00e5ndtak for enkel oppbevaring og transport<\/li>\n<li>Mulighet for veggoppheng<\/li>\n<li>Robust lettvekts avfallsbeholder med b\u00e6reh\u00e5ndtak for lettere t\u00f8mming<\/li>\n<li>Stor smussbeholder minimerer antallet av t\u00f8mminger<\/li>\n<li>Justerbare sideb\u00f8rster og feievalser minsker slitasje (og \u00f8ker levetiden)<\/li>\n<li>Stabil konstruksjon med lang levetid<\/li>\n<li>S\u00e6rdeles lett og skyve<\/li>\n<\/ul>\n<\/ul>\n<table border=\"1\" width=\"100%\">\n<tbody>\n<tr align=\"center\">\n<td style=\"color: #fff;\" bgcolor=\"#ea2833\"><strong>Model<\/strong><\/td>\n<td style=\"color: #fff;\" bgcolor=\"#ea2833\"><strong>FLASH 950M<\/strong><\/td>\n<\/tr>\n<tr align=\"center\">\n<td><strong>Code<\/strong><\/td>\n<td>3.044.07.050<\/td>\n<\/tr>\n<tr align=\"center\">\n<td><strong>Cleaning capacity<\/strong><\/td>\n<td>2200(1)<\/td>\n<\/tr>\n<tr align=\"center\">\n<td><strong>Sweeping path (mm)<\/strong><\/td>\n<td>950<\/td>\n<\/tr>\n<tr align=\"center\">\n<td><strong>Waste hopper (lt.)<\/strong><\/td>\n<td>30<\/td>\n<\/tr>\n<\/tbody>\n<\/table>","protected":false},"excerpt":{"rendered":"<p>\u00a0 Flash 950M er en robust g\u00e5-bak-feiemaskin til feiing av mindre og mellomstore arealer. Justerbare sidekoster og feievalser, sammenleggbart h\u00e5ndtak. Lett og robust avfallsbeholder med b\u00e6reh\u00e5ndtak. Overfei med 2 hovedb\u00f8rster sikrer effektiv, st\u00f8vfri feiing b\u00e5de innend\u00f8rs og utend\u00f8rs. Perfekt til feiing av sm\u00e5 mengder t\u00f8rt avfall, sand, grus, korker, esker, sigarettsneiper, osv. Kraftig rustfri st\u00e5lramme [&hellip;]<\/p>","protected":false},"featured_media":423,"comment_status":"open","ping_status":"closed","template":"","meta":[],"product_brand":[],"product_cat":[48],"product_tag":[],"class_list":{"0":"post-589","1":"product","2":"type-product","3":"status-publish","4":"has-post-thumbnail","6":"product_cat-gulvvaske-maskiner","8":"first","9":"instock","10":"taxable","11":"shipping-taxable","12":"purchasable","13":"product-type-simple"},"ct_brands":[],"_links":{"self":[{"href":"https:\/\/stavanger-industri.no\/nn\/wp-json\/wp\/v2\/product\/589","targetHints":{"allow":["GET"]}}],"collection":[{"href":"https:\/\/stavanger-industri.no\/nn\/wp-json\/wp\/v2\/product"}],"about":[{"href":"https:\/\/stavanger-industri.no\/nn\/wp-json\/wp\/v2\/types\/product"}],"replies":[{"embeddable":true,"href":"https:\/\/stavanger-industri.no\/nn\/wp-json\/wp\/v2\/comments?post=589"}],"version-history":[{"count":0,"href":"https:\/\/stavanger-industri.no\/nn\/wp-json\/wp\/v2\/product\/589\/revisions"}],"wp:featuredmedia":[{"embeddable":true,"href":"https:\/\/stavanger-industri.no\/nn\/wp-json\/wp\/v2\/media\/423"}],"wp:attachment":[{"href":"https:\/\/stavanger-industri.no\/nn\/wp-json\/wp\/v2\/media?parent=589"}],"wp:term":[{"taxonomy":"product_brand","embeddable":true,"href":"https:\/\/stavanger-industri.no\/nn\/wp-json\/wp\/v2\/product_brand?post=589"},{"taxonomy":"product_cat","embeddable":true,"href":"https:\/\/stavanger-industri.no\/nn\/wp-json\/wp\/v2\/product_cat?post=589"},{"taxonomy":"product_tag","embeddable":true,"href":"https:\/\/stavanger-industri.no\/nn\/wp-json\/wp\/v2\/product_tag?post=589"}],"curies":[{"name":"wp","href":"https:\/\/api.w.org\/{rel}","templated":true}]}}