{"id":586,"date":"2025-03-08T18:42:15","date_gmt":"2025-03-08T18:42:15","guid":{"rendered":"https:\/\/stavanger-industri.no\/product\/ipc-gulvvaskemaskin-ga-bak-ct5-b28\/"},"modified":"2025-06-04T13:34:18","modified_gmt":"2025-06-04T13:34:18","slug":"ipc-gulvvaskemaskin-ga-bak-ct5-b28","status":"publish","type":"product","link":"https:\/\/stavanger-industri.no\/nn\/product\/ipc-gulvvaskemaskin-ga-bak-ct5-b28\/","title":{"rendered":"IPC Gulvvaskemaskin g\u00e5 bak CT5 B28"},"content":{"rendered":"<div class=\"varetekst1\">\n<p>CT5 B28 er v\u00e5r splitter nye mini gulvvasker med RDS (Reverse Dry System) kan vaske og t\u00f8rke steder der andre maskiner ikke kommer til.\u00a0CT5 har en meget god rengj\u00f8ringseffekt. Med diskb\u00f8rsten\/pad samt en sugenal som t\u00f8rker i alle retninger. Dette gj\u00f8r at CT5 er en ideell maskin for rengj\u00f8ring av sm\u00e5 og mellomstore omr\u00e5der opp til 500 m\u00b3.<\/p>\n<p>CT5 har en god ytelse med produktivitet p\u00e5 50 minutter (standard batteri) og to vaskeprogrammer.Kan oppgraderes til opptil 75 minutter kj\u00f8retid. Takket v\u00e6re det innovative lydisoleringssystemet, gir CT5 operat\u00f8ren muligheten til \u00e5 arbeide i sensitive omr\u00e5der fordi ECO-SELECT-funksjonen reduserer st\u00f8yniv\u00e5et med 1dB<\/p>\n<p>CT5 B28 er den perfekte maskinen for butikker, skoler, kontorer, garasjer, hjemmet og rengj\u00f8ringsbyr\u00e5er.<\/p>\n<\/div>\n<div class=\"varetekst2\">\n<p>Fordeler:<\/p>\n<ul>\n<li>To arbeidsskift med kun en batterioppladning<\/li>\n<li>Raskt batteribytte og on-board lading<\/li>\n<li>Lithium-ion batteri<\/li>\n<li>Litium-ion batteriet kan lades p\u00e5 1 time, enten internt eller eksternt.<\/li>\n<li>Den mest stilleg\u00e5ende i sin klasse<\/li>\n<li>ECO-SELECT: lavere forbruk, mer stilleg\u00e5ende<\/li>\n<li>Ergonomisk og innovativt kontrollpanel og justerbart h\u00e5ndtak.<\/li>\n<\/ul>\n<\/div>\n<ul class=\"zebra\">\n<li class=\"odd\">Varenavn:<br \/>\nCT5 B28<\/li>\n<li>Varenummer:<br \/>\n178135<\/li>\n<li class=\"odd\">Skjul:<br \/>\n0<\/li>\n<li>Rengj\u00f8ringskapasitet:<br \/>\n900 m\u00b2\/time<\/li>\n<li class=\"odd\">Rentvannstank (liter):<br \/>\n5<\/li>\n<li>St\u00f8yniv\u00e5 dB(A):<br \/>\n62<\/li>\n<li class=\"odd\">Vaskebredde (mm):<br \/>\n280<\/li>\n<li>Batteri Volt\/Amp:<br \/>\n36<\/li>\n<li class=\"odd\">Antall b\u00f8rster:<br \/>\n1<\/li>\n<li>Dimensjoner (LxBxH mm):<br \/>\n758x376x392<\/li>\n<li class=\"odd\">Bredde for oppsug (mm):<br \/>\n386<\/li>\n<li>Vekt (kg):<br \/>\n19,8<\/li>\n<li class=\"odd\">Valg av vaskesystem:<br \/>\nDisk<\/li>\n<li>Skittenvannstank (liter):<br \/>\n5<\/li>\n<li class=\"odd\">Arbeidstid pr. opplading time:<br \/>\n50\/75 minutter<\/li>\n<\/ul>","protected":false},"excerpt":{"rendered":"<p>CT5 B28 er v\u00e5r splitter nye mini gulvvasker med RDS (Reverse Dry System) kan vaske og t\u00f8rke steder der andre maskiner ikke kommer til.\u00a0CT5 har en meget god rengj\u00f8ringseffekt. Med diskb\u00f8rsten\/pad samt en sugenal som t\u00f8rker i alle retninger. Dette gj\u00f8r at CT5 er en ideell maskin for rengj\u00f8ring av sm\u00e5 og mellomstore omr\u00e5der opp [&hellip;]<\/p>\n","protected":false},"featured_media":417,"comment_status":"open","ping_status":"closed","template":"","meta":[],"product_brand":[],"product_cat":[85],"product_tag":[],"class_list":{"0":"post-586","1":"product","2":"type-product","3":"status-publish","4":"has-post-thumbnail","6":"product_cat-ga-bak-maskiner","8":"first","9":"instock","10":"sale","11":"taxable","12":"shipping-taxable","13":"purchasable","14":"product-type-simple"},"_links":{"self":[{"href":"https:\/\/stavanger-industri.no\/nn\/wp-json\/wp\/v2\/product\/586","targetHints":{"allow":["GET"]}}],"collection":[{"href":"https:\/\/stavanger-industri.no\/nn\/wp-json\/wp\/v2\/product"}],"about":[{"href":"https:\/\/stavanger-industri.no\/nn\/wp-json\/wp\/v2\/types\/product"}],"replies":[{"embeddable":true,"href":"https:\/\/stavanger-industri.no\/nn\/wp-json\/wp\/v2\/comments?post=586"}],"version-history":[{"count":1,"href":"https:\/\/stavanger-industri.no\/nn\/wp-json\/wp\/v2\/product\/586\/revisions"}],"predecessor-version":[{"id":1705,"href":"https:\/\/stavanger-industri.no\/nn\/wp-json\/wp\/v2\/product\/586\/revisions\/1705"}],"wp:featuredmedia":[{"embeddable":true,"href":"https:\/\/stavanger-industri.no\/nn\/wp-json\/wp\/v2\/media\/417"}],"wp:attachment":[{"href":"https:\/\/stavanger-industri.no\/nn\/wp-json\/wp\/v2\/media?parent=586"}],"wp:term":[{"taxonomy":"product_brand","embeddable":true,"href":"https:\/\/stavanger-industri.no\/nn\/wp-json\/wp\/v2\/product_brand?post=586"},{"taxonomy":"product_cat","embeddable":true,"href":"https:\/\/stavanger-industri.no\/nn\/wp-json\/wp\/v2\/product_cat?post=586"},{"taxonomy":"product_tag","embeddable":true,"href":"https:\/\/stavanger-industri.no\/nn\/wp-json\/wp\/v2\/product_tag?post=586"}],"curies":[{"name":"wp","href":"https:\/\/api.w.org\/{rel}","templated":true}]}}