{"id":583,"date":"2025-03-08T18:42:14","date_gmt":"2025-03-08T18:42:14","guid":{"rendered":"https:\/\/stavanger-industri.no\/product\/ipc-gulvvaskemaskin-ga-bak-ct30-b45\/"},"modified":"2026-05-07T09:00:47","modified_gmt":"2026-05-07T09:00:47","slug":"ipc-gulvvaskemaskin-ga-bak-ct30-b45","status":"publish","type":"product","link":"https:\/\/stavanger-industri.no\/nn\/product\/ipc-gulvvaskemaskin-ga-bak-ct30-b45\/","title":{"rendered":"IPC Gulvvaskemaskin g\u00e5 bak CT30 B45 Lion"},"content":{"rendered":"<div class=\"varetekst1\">\n<p>CT30 B45 er en profesjonell gulvvaskemaskin fra IPC Foma. Den er enkel \u00e5 bruke og lett \u00e5 man\u00f8vrere. Den har ekstremt lav kostnad per kvadratmeter, og krever lite vedlikehold. Den er satt sammen av materialer som er sv\u00e6rt rustbestandige, og tankene og karosseriet er av polyethylenplast. B\u00f8steskift kan utf\u00f8res uten bruk av verkt\u00f8y. CT30 B45 Li-ION leveres med et 24 volts litium batteri som gir en meget lang driftstid i forhold til andre maskiner med Gel eller syre batterier. Den elektroniske batteriladeren s\u00f8rger for sikker og optimal ladesyklus. Maskinens konstruksjon gj\u00f8r den meget enkel \u00e5 betjene. 25 kg vekt p\u00e5 b\u00f8rstehodet s\u00f8rger for riktig b\u00f8rstetrykk til enhver tid. Sammen med sugenalen, vasker og t\u00f8rker maskinen alle typer gulvflater sv\u00e6rt godt. Eks. betonggulv, marmor, keramikkfliser, linoleum, gummi og tregulv. CT30 B45 er en super maskin for barer, kantiner, restauranter, butikker, kontorer, skoler, hoteller, kirker, rengj\u00f8ringsbyr\u00e5er, industribedrifter, osv. Rengj\u00f8ringskapasiteten er velegnet for mindre til mellomstore arealer.<\/p>\n<ul class=\"zebra\">\n<li class=\"odd\">\n<table class=\"alternate-rows mb-5\">\n<tbody>\n<tr>\n<td>Varenummer: 178163<\/td>\n<\/tr>\n<tr>\n<td>EAN-nr: 7050481781632<\/td>\n<\/tr>\n<tr>\n<td>Opprinnelsesland:\u00a0<span id=\"opprinnelsesland\">ITALIA<\/span><\/td>\n<\/tr>\n<tr>\n<td>Tolltariff:\u00a0<span id=\"tollfariff\">84798997<\/span><\/td>\n<\/tr>\n<tr>\n<td>Valg av vaskesystem: B\u00f8rste\/pad<\/td>\n<\/tr>\n<tr>\n<td>Vaskebredde: 460 mm<\/td>\n<\/tr>\n<tr>\n<td>Antall b\u00f8rster: 1<\/td>\n<\/tr>\n<tr>\n<td>Rotasjonshastighet b\u00f8rste \/ pad: 140 rpm<\/td>\n<\/tr>\n<tr>\n<td>Rentvannstank: 28 Liter<\/td>\n<\/tr>\n<tr>\n<td>Skittenvannstank: 30 Liter<\/td>\n<\/tr>\n<tr>\n<td>Rengj\u00f8ringskapasitet: 1670 m\u00b2\/time<\/td>\n<\/tr>\n<tr>\n<td>Driftsspenning: 24 volt<\/td>\n<\/tr>\n<tr>\n<td>Fremdrift: Manuell<\/td>\n<\/tr>\n<tr>\n<td>Sugeeffekt: 1130 mmVs<\/td>\n<\/tr>\n<tr>\n<td>L\u00f8fting av vaskeb\u00f8rste: Manuelt<\/td>\n<\/tr>\n<tr>\n<td>Vannmengderegulering: Manuell<\/td>\n<\/tr>\n<tr>\n<td>St\u00f8yniv\u00e5: 69 dB(A)<\/td>\n<\/tr>\n<tr>\n<td>Arbeidstid pr. opplading: 90 min<\/td>\n<\/tr>\n<tr>\n<td>Batteri: BAAC00212 &#8211; 24V \/ 25Ah ( C5 ) Volt\/Amp<\/td>\n<\/tr>\n<tr>\n<td>B\u00f8rstetrykk: 17\/21 kg<\/td>\n<\/tr>\n<tr>\n<td>Dimensjoner (LxBxH): 850x550x1220 mm<\/td>\n<\/tr>\n<tr>\n<td>Vekt uten batteri: 48 kg<\/td>\n<\/tr>\n<tr>\n<td>Vekt med batterier: 60 kg<\/td>\n<\/tr>\n<\/tbody>\n<\/table>\n<\/li>\n<\/ul>\n<p>&nbsp;<\/p>\n<p><iframe title=\"YouTube video player\" src=\"https:\/\/www.youtube.com\/embed\/JFFGmuAK1IA\" width=\"521\" height=\"293\" frameborder=\"0\" allowfullscreen=\"allowfullscreen\"><\/iframe><\/p>\n<\/div>","protected":false},"excerpt":{"rendered":"<p>CT30 B45 er en profesjonell gulvvaskemaskin fra IPC Foma. Den er enkel \u00e5 bruke og lett \u00e5 man\u00f8vrere. Den har ekstremt lav kostnad per kvadratmeter, og krever lite vedlikehold. Den er satt sammen av materialer som er sv\u00e6rt rustbestandige, og tankene og karosseriet er av polyethylenplast. B\u00f8steskift kan utf\u00f8res uten bruk av verkt\u00f8y. CT30 B45 [&hellip;]<\/p>\n","protected":false},"featured_media":410,"comment_status":"open","ping_status":"closed","template":"","meta":[],"product_brand":[],"product_cat":[85],"product_tag":[],"class_list":{"0":"post-583","1":"product","2":"type-product","3":"status-publish","4":"has-post-thumbnail","6":"product_cat-ga-bak-maskiner","8":"first","9":"instock","10":"sale","11":"taxable","12":"shipping-taxable","13":"purchasable","14":"product-type-simple"},"_links":{"self":[{"href":"https:\/\/stavanger-industri.no\/nn\/wp-json\/wp\/v2\/product\/583","targetHints":{"allow":["GET"]}}],"collection":[{"href":"https:\/\/stavanger-industri.no\/nn\/wp-json\/wp\/v2\/product"}],"about":[{"href":"https:\/\/stavanger-industri.no\/nn\/wp-json\/wp\/v2\/types\/product"}],"replies":[{"embeddable":true,"href":"https:\/\/stavanger-industri.no\/nn\/wp-json\/wp\/v2\/comments?post=583"}],"version-history":[{"count":2,"href":"https:\/\/stavanger-industri.no\/nn\/wp-json\/wp\/v2\/product\/583\/revisions"}],"predecessor-version":[{"id":1709,"href":"https:\/\/stavanger-industri.no\/nn\/wp-json\/wp\/v2\/product\/583\/revisions\/1709"}],"wp:featuredmedia":[{"embeddable":true,"href":"https:\/\/stavanger-industri.no\/nn\/wp-json\/wp\/v2\/media\/410"}],"wp:attachment":[{"href":"https:\/\/stavanger-industri.no\/nn\/wp-json\/wp\/v2\/media?parent=583"}],"wp:term":[{"taxonomy":"product_brand","embeddable":true,"href":"https:\/\/stavanger-industri.no\/nn\/wp-json\/wp\/v2\/product_brand?post=583"},{"taxonomy":"product_cat","embeddable":true,"href":"https:\/\/stavanger-industri.no\/nn\/wp-json\/wp\/v2\/product_cat?post=583"},{"taxonomy":"product_tag","embeddable":true,"href":"https:\/\/stavanger-industri.no\/nn\/wp-json\/wp\/v2\/product_tag?post=583"}],"curies":[{"name":"wp","href":"https:\/\/api.w.org\/{rel}","templated":true}]}}