{"id":468,"date":"2025-03-08T18:42:06","date_gmt":"2025-03-08T18:42:06","guid":{"rendered":"https:\/\/stavanger-industri.no\/product\/sandblaser-proff-vatsandblasing-for-hoytrykkslanse\/"},"modified":"2025-10-24T11:31:58","modified_gmt":"2025-10-24T11:31:58","slug":"sandblaser-proff-vatsandblasing-for-hoytrykkslanse","status":"publish","type":"product","link":"https:\/\/stavanger-industri.no\/nn\/product\/sandblaser-proff-vatsandblasing-for-hoytrykkslanse\/","title":{"rendered":"Sandbl\u00e5sersett PW-C23 v\u00e5tsandbl\u00e5sing for h\u00f8ytrykkslanse"},"content":{"rendered":"<p>Sandbl\u00e5ser kit &#8211; tilleggsutstyr for h\u00f8ytrykklanse<br \/>\nMan kobler munnstykket p\u00e5 sandbl\u00e5ser til enden p\u00e5 eksisterende h\u00f8ytrykkspistol<br \/>\nBruksmuligheter:<\/p>\n<p>Kobles p\u00e5 utstyr via M22 ,<\/p>\n<p>Fjerner grafitti, rust, maling p\u00e5 mur, sandbl\u00e5s felger, bunnstoff b\u00e5t osv. bruksomr\u00e5dene er mange.<br \/>\nSpesifikasjoner:<\/p>\n<p>V\u00e5t sandbl\u00e5ser, gir deg st\u00f8vfri sandbl\u00e5sing og det er lett \u00e5 se objektet n\u00e5r du sandbl\u00e5ser. Du unng\u00e5r ogs\u00e5 friksjonsvarme ettersom objektet kj\u00f8les av vannet.<\/p>\n<p>3m sugeslange, suger\u00f8r og bl\u00e5sedyse<\/p>\n<p>Benytt sand beregnet for sandbl\u00e5sing ( sanden m\u00e5 holdes t\u00f8rr )<\/p>\n<p>Du m\u00e5 ha en kraftig h\u00f8ytrykkspyler 10 liter vann i minuttet 140 bar og oppover.<\/p>","protected":false},"excerpt":{"rendered":"<p>Sandbl\u00e5ser kit &#8211; tilleggsutstyr for h\u00f8ytrykklanse Man kobler munnstykket p\u00e5 sandbl\u00e5ser til enden p\u00e5 eksisterende h\u00f8ytrykkspistol Bruksmuligheter: Kobles p\u00e5 utstyr via M22 , Fjerner grafitti, rust, maling p\u00e5 mur, sandbl\u00e5s felger, bunnstoff b\u00e5t osv. bruksomr\u00e5dene er mange. Spesifikasjoner: V\u00e5t sandbl\u00e5ser, gir deg st\u00f8vfri sandbl\u00e5sing og det er lett \u00e5 se objektet n\u00e5r du sandbl\u00e5ser. Du [&hellip;]<\/p>\n","protected":false},"featured_media":1781,"comment_status":"open","ping_status":"closed","template":"","meta":[],"product_brand":[],"product_cat":[81],"product_tag":[],"class_list":{"0":"post-468","1":"product","2":"type-product","3":"status-publish","4":"has-post-thumbnail","6":"product_cat-tilbehor-lav-hoytrykk","8":"first","9":"instock","10":"taxable","11":"shipping-taxable","12":"purchasable","13":"product-type-simple"},"_links":{"self":[{"href":"https:\/\/stavanger-industri.no\/nn\/wp-json\/wp\/v2\/product\/468","targetHints":{"allow":["GET"]}}],"collection":[{"href":"https:\/\/stavanger-industri.no\/nn\/wp-json\/wp\/v2\/product"}],"about":[{"href":"https:\/\/stavanger-industri.no\/nn\/wp-json\/wp\/v2\/types\/product"}],"replies":[{"embeddable":true,"href":"https:\/\/stavanger-industri.no\/nn\/wp-json\/wp\/v2\/comments?post=468"}],"version-history":[{"count":3,"href":"https:\/\/stavanger-industri.no\/nn\/wp-json\/wp\/v2\/product\/468\/revisions"}],"predecessor-version":[{"id":1782,"href":"https:\/\/stavanger-industri.no\/nn\/wp-json\/wp\/v2\/product\/468\/revisions\/1782"}],"wp:featuredmedia":[{"embeddable":true,"href":"https:\/\/stavanger-industri.no\/nn\/wp-json\/wp\/v2\/media\/1781"}],"wp:attachment":[{"href":"https:\/\/stavanger-industri.no\/nn\/wp-json\/wp\/v2\/media?parent=468"}],"wp:term":[{"taxonomy":"product_brand","embeddable":true,"href":"https:\/\/stavanger-industri.no\/nn\/wp-json\/wp\/v2\/product_brand?post=468"},{"taxonomy":"product_cat","embeddable":true,"href":"https:\/\/stavanger-industri.no\/nn\/wp-json\/wp\/v2\/product_cat?post=468"},{"taxonomy":"product_tag","embeddable":true,"href":"https:\/\/stavanger-industri.no\/nn\/wp-json\/wp\/v2\/product_tag?post=468"}],"curies":[{"name":"wp","href":"https:\/\/api.w.org\/{rel}","templated":true}]}}