{"id":466,"date":"2025-03-08T18:42:06","date_gmt":"2025-03-08T18:42:06","guid":{"rendered":"https:\/\/stavanger-industri.no\/product\/kjemipalegger-i-rustfritt-stal\/"},"modified":"2026-04-10T12:08:38","modified_gmt":"2026-04-10T12:08:38","slug":"kjemipalegger-i-rustfritt-stal","status":"publish","type":"product","link":"https:\/\/stavanger-industri.no\/nn\/product\/kjemipalegger-i-rustfritt-stal\/","title":{"rendered":"Kjemip\u00e5legger i rustfritt st\u00e5l"},"content":{"rendered":"<p>Spraykanne med 24 liters tank i rustfritt st\u00e5l for bruk til \u00e5 p\u00e5f\u00f8re kjemi p\u00e5 f.eks. kj\u00f8ret\u00f8y, landbruksmaskiner, vegger, hus, o.l. Trykket i tanken kan oppn\u00e5es ved \u00e5 koble til en kompressor. Den rustfrie pumpekannen er utstyrt med manometer og tankm\u00e5ler for enkel kontroll av arbeidstrykket og mengden kjemi igjen i tanken. Standard utstyr er 750 mm lanse, 8 m slange og dyse.<\/p>","protected":false},"excerpt":{"rendered":"<p>Spraykanne med 24 liters tank i rustfritt st\u00e5l for bruk til \u00e5 p\u00e5f\u00f8re kjemi p\u00e5 f.eks. kj\u00f8ret\u00f8y, landbruksmaskiner, vegger, hus, o.l. Trykket i tanken kan oppn\u00e5es ved \u00e5 koble til en kompressor. Den rustfrie pumpekannen er utstyrt med manometer og tankm\u00e5ler for enkel kontroll av arbeidstrykket og mengden kjemi igjen i tanken. Standard utstyr er [&hellip;]<\/p>\n","protected":false},"featured_media":337,"comment_status":"open","ping_status":"closed","template":"","meta":[],"product_brand":[],"product_cat":[52],"product_tag":[],"class_list":{"0":"post-466","1":"product","2":"type-product","3":"status-publish","4":"has-post-thumbnail","6":"product_cat-pumpe-kanner","8":"first","9":"instock","10":"sale","11":"taxable","12":"shipping-taxable","13":"purchasable","14":"product-type-simple"},"_links":{"self":[{"href":"https:\/\/stavanger-industri.no\/nn\/wp-json\/wp\/v2\/product\/466","targetHints":{"allow":["GET"]}}],"collection":[{"href":"https:\/\/stavanger-industri.no\/nn\/wp-json\/wp\/v2\/product"}],"about":[{"href":"https:\/\/stavanger-industri.no\/nn\/wp-json\/wp\/v2\/types\/product"}],"replies":[{"embeddable":true,"href":"https:\/\/stavanger-industri.no\/nn\/wp-json\/wp\/v2\/comments?post=466"}],"version-history":[{"count":1,"href":"https:\/\/stavanger-industri.no\/nn\/wp-json\/wp\/v2\/product\/466\/revisions"}],"predecessor-version":[{"id":1854,"href":"https:\/\/stavanger-industri.no\/nn\/wp-json\/wp\/v2\/product\/466\/revisions\/1854"}],"wp:featuredmedia":[{"embeddable":true,"href":"https:\/\/stavanger-industri.no\/nn\/wp-json\/wp\/v2\/media\/337"}],"wp:attachment":[{"href":"https:\/\/stavanger-industri.no\/nn\/wp-json\/wp\/v2\/media?parent=466"}],"wp:term":[{"taxonomy":"product_brand","embeddable":true,"href":"https:\/\/stavanger-industri.no\/nn\/wp-json\/wp\/v2\/product_brand?post=466"},{"taxonomy":"product_cat","embeddable":true,"href":"https:\/\/stavanger-industri.no\/nn\/wp-json\/wp\/v2\/product_cat?post=466"},{"taxonomy":"product_tag","embeddable":true,"href":"https:\/\/stavanger-industri.no\/nn\/wp-json\/wp\/v2\/product_tag?post=466"}],"curies":[{"name":"wp","href":"https:\/\/api.w.org\/{rel}","templated":true}]}}