{"id":621,"date":"2025-03-08T18:42:17","date_gmt":"2025-03-08T18:42:17","guid":{"rendered":"https:\/\/stavanger-industri.no\/product\/teppe-mobelrens-maskin-g700-12\/"},"modified":"2025-10-24T11:42:32","modified_gmt":"2025-10-24T11:42:32","slug":"teppe-mobelrens-maskin-g700-12","status":"publish","type":"product","link":"https:\/\/stavanger-industri.no\/nb\/product\/teppe-mobelrens-maskin-g700-12\/","title":{"rendered":"Teppe m\u00f8belrens maskin G700\/12"},"content":{"rendered":"<div class=\"varetekst1\" data-mce-fragment=\"1\">\n<p data-mce-fragment=\"1\">G700\/12 er en rensemaskin med ekstra stor beholder og den passer derfor til mellom og store arbeidsoppgaver. Beholderen i rustfritt st\u00e5l har egen tappeslange for t\u00f8mming av skittenvanntanken. Maskinen er rask \u00e5 klargj\u00f8re til bruk og rengj\u00f8r sv\u00e6rt effektiv p\u00e5 tekstiler, m\u00f8bler, bilseter m.m. Med sin store vanntank er den en ypperlig maskin til rensing av st\u00f8rre flater, f.eks. konferanserom. Sammen med Atlanta motormunnstykke f\u00e5r man en l\u00f8sning som overg\u00e5r det meste p\u00e5 markedet m.h.t. kapasitet. G700\/04 blir levert med 4,5 meter \u00d8 40 mm sugslange og trykkslangen blir levert med metall hurtigkoblinger. Munnstykkene og ventilh\u00e5ndtakene er av h\u00f8y<br data-mce-fragment=\"1\" \/>kvalitet. G700\/12 er den perfekte maskin for vaktmestere, rengj\u00f8ringsbyr\u00e5er,<br data-mce-fragment=\"1\" \/>bilforretninger, bilklargj\u00f8ringsfirmaer eller til privat bruk. Rensemaskinen er utrustet med to kraftige to-trinns sugeturbiner med by-pass kj\u00f8ling p\u00e5 hele 1400 Watt maks. hver.<\/p>\n<\/div>\n<div class=\"varetekst2\" data-mce-fragment=\"1\"><\/div>\n<div class=\"varetekst2\" data-mce-fragment=\"1\">\n<ul class=\"zebra\">\n<li class=\"odd\">Varenavn: G700\/12<\/li>\n<li class=\"even\">Varenummer: 174050<\/li>\n<li class=\"odd\">Luftmengde: 432 m3\/t<\/li>\n<li class=\"even\">Str\u00f8mkabel (meter): 8,5 meter<\/li>\n<li class=\"odd\">Motoreffekt maks (Watt): 2400 Watt<\/li>\n<li class=\"even\">Antall motorer: 2&#215;2-trinns<\/li>\n<li class=\"odd\">Spenning (V-Amp): 230\/10 V-Amp<\/li>\n<li class=\"even\">Dimensjoner (cm): 55x63x91 cm<\/li>\n<li class=\"odd\">Vekt (kg): 35 Kg<\/li>\n<li class=\"even\">Sugeeffekt (mmVS): 2470 mmVS<\/li>\n<li class=\"odd\">Pumpemotor: 90 Watt<\/li>\n<li class=\"even\">Rentvannstank: 25 Liter<\/li>\n<li class=\"odd\">Skittenvannstank: 62 Liter<\/li>\n<li class=\"even\">Pumpekapasitet: 1,8 Liter\/min<\/li>\n<li class=\"odd\">Pumpetrykk: 3,5 Bar<\/li>\n<\/ul>\n<h2 class=\"title\"><span class=\"green\">\u00a0<\/span><\/h2>\n<\/div>\n","protected":false},"excerpt":{"rendered":"<p>G700\/12 er en rensemaskin med ekstra stor beholder og den passer derfor til mellom og store arbeidsoppgaver. Beholderen i rustfritt st\u00e5l har egen tappeslange for t\u00f8mming av skittenvanntanken. Maskinen er rask \u00e5 klargj\u00f8re til bruk og rengj\u00f8r sv\u00e6rt effektiv p\u00e5 tekstiler, m\u00f8bler, bilseter m.m. Med sin store vanntank er den en ypperlig maskin til rensing [&hellip;]<\/p>\n","protected":false},"featured_media":436,"comment_status":"open","ping_status":"closed","template":"","meta":[],"product_brand":[],"product_cat":[61],"product_tag":[],"class_list":{"0":"post-621","1":"product","2":"type-product","3":"status-publish","4":"has-post-thumbnail","6":"product_cat-rensemaskin","8":"first","9":"instock","10":"taxable","11":"shipping-taxable","12":"product-type-simple"},"_links":{"self":[{"href":"https:\/\/stavanger-industri.no\/nb\/wp-json\/wp\/v2\/product\/621","targetHints":{"allow":["GET"]}}],"collection":[{"href":"https:\/\/stavanger-industri.no\/nb\/wp-json\/wp\/v2\/product"}],"about":[{"href":"https:\/\/stavanger-industri.no\/nb\/wp-json\/wp\/v2\/types\/product"}],"replies":[{"embeddable":true,"href":"https:\/\/stavanger-industri.no\/nb\/wp-json\/wp\/v2\/comments?post=621"}],"version-history":[{"count":1,"href":"https:\/\/stavanger-industri.no\/nb\/wp-json\/wp\/v2\/product\/621\/revisions"}],"predecessor-version":[{"id":1608,"href":"https:\/\/stavanger-industri.no\/nb\/wp-json\/wp\/v2\/product\/621\/revisions\/1608"}],"wp:featuredmedia":[{"embeddable":true,"href":"https:\/\/stavanger-industri.no\/nb\/wp-json\/wp\/v2\/media\/436"}],"wp:attachment":[{"href":"https:\/\/stavanger-industri.no\/nb\/wp-json\/wp\/v2\/media?parent=621"}],"wp:term":[{"taxonomy":"product_brand","embeddable":true,"href":"https:\/\/stavanger-industri.no\/nb\/wp-json\/wp\/v2\/product_brand?post=621"},{"taxonomy":"product_cat","embeddable":true,"href":"https:\/\/stavanger-industri.no\/nb\/wp-json\/wp\/v2\/product_cat?post=621"},{"taxonomy":"product_tag","embeddable":true,"href":"https:\/\/stavanger-industri.no\/nb\/wp-json\/wp\/v2\/product_tag?post=621"}],"curies":[{"name":"wp","href":"https:\/\/api.w.org\/{rel}","templated":true}]}}