{"id":619,"date":"2025-03-08T18:42:17","date_gmt":"2025-03-08T18:42:17","guid":{"rendered":"https:\/\/stavanger-industri.no\/product\/teppe-mobelrens-maskin-combivac\/"},"modified":"2025-10-24T11:42:13","modified_gmt":"2025-10-24T11:42:13","slug":"teppe-mobelrens-maskin-combivac","status":"publish","type":"product","link":"https:\/\/stavanger-industri.no\/nb\/product\/teppe-mobelrens-maskin-combivac\/","title":{"rendered":"Teppe m\u00f8belrens maskin COMBIVAC"},"content":{"rendered":"<div class=\"varetekst1\" data-mce-fragment=\"1\">\n<h3 class=\"title\"><span class=\"green\">Produktinformasjon<\/span><\/h3>\n<div class=\"varetekst1\">\n<p>Combivac er en smidig og praktisk rensemaskin som passer til mindre og mellom store arbeidsoppgaver. Den er ypperlig for rensing av tepper, m\u00f8bler og bilseter. Kan ogs\u00e5 brukes til oppsuging av vanns\u00f8l (f.eks ved oversv\u00f8mmelser og avising av fryser) og for \u00e5 \u00e5pne tette avl\u00f8p og sluk.\u00a0 satsingen p\u00e5 \u00e5 forene god design med kvalitet og funksjon har gitt synlig resultat. Combivac er et f\u00f8rsteklasses redskap for deg som setter krav til renhold.Combivac har innebygget trykkpumpe for dybderensing, som p\u00e5 st\u00f8rre rensemaskiner.<br \/>\nDette er den eneste effektive rensemetoden for tepper og tekstiler. \u00a0Som ekstra utstyr finnes det et eget kit for st\u00f8vsuging. Combivac er den perfekte maskin for vaktmestere, rengj\u00f8ringsbyr\u00e5er, bilforretninger, bilklargj\u00f8ringsfirmaer eller til privat bruk.<\/p>\n<\/div>\n<\/div>\n","protected":false},"excerpt":{"rendered":"<p>Produktinformasjon Combivac er en smidig og praktisk rensemaskin som passer til mindre og mellom store arbeidsoppgaver. Den er ypperlig for rensing av tepper, m\u00f8bler og bilseter. Kan ogs\u00e5 brukes til oppsuging av vanns\u00f8l (f.eks ved oversv\u00f8mmelser og avising av fryser) og for \u00e5 \u00e5pne tette avl\u00f8p og sluk.\u00a0 satsingen p\u00e5 \u00e5 forene god design med [&hellip;]<\/p>\n","protected":false},"featured_media":433,"comment_status":"open","ping_status":"closed","template":"","meta":[],"product_brand":[],"product_cat":[61],"product_tag":[],"class_list":{"0":"post-619","1":"product","2":"type-product","3":"status-publish","4":"has-post-thumbnail","6":"product_cat-rensemaskin","8":"first","9":"instock","10":"taxable","11":"shipping-taxable","12":"product-type-simple"},"_links":{"self":[{"href":"https:\/\/stavanger-industri.no\/nb\/wp-json\/wp\/v2\/product\/619","targetHints":{"allow":["GET"]}}],"collection":[{"href":"https:\/\/stavanger-industri.no\/nb\/wp-json\/wp\/v2\/product"}],"about":[{"href":"https:\/\/stavanger-industri.no\/nb\/wp-json\/wp\/v2\/types\/product"}],"replies":[{"embeddable":true,"href":"https:\/\/stavanger-industri.no\/nb\/wp-json\/wp\/v2\/comments?post=619"}],"version-history":[{"count":1,"href":"https:\/\/stavanger-industri.no\/nb\/wp-json\/wp\/v2\/product\/619\/revisions"}],"predecessor-version":[{"id":1607,"href":"https:\/\/stavanger-industri.no\/nb\/wp-json\/wp\/v2\/product\/619\/revisions\/1607"}],"wp:featuredmedia":[{"embeddable":true,"href":"https:\/\/stavanger-industri.no\/nb\/wp-json\/wp\/v2\/media\/433"}],"wp:attachment":[{"href":"https:\/\/stavanger-industri.no\/nb\/wp-json\/wp\/v2\/media?parent=619"}],"wp:term":[{"taxonomy":"product_brand","embeddable":true,"href":"https:\/\/stavanger-industri.no\/nb\/wp-json\/wp\/v2\/product_brand?post=619"},{"taxonomy":"product_cat","embeddable":true,"href":"https:\/\/stavanger-industri.no\/nb\/wp-json\/wp\/v2\/product_cat?post=619"},{"taxonomy":"product_tag","embeddable":true,"href":"https:\/\/stavanger-industri.no\/nb\/wp-json\/wp\/v2\/product_tag?post=619"}],"curies":[{"name":"wp","href":"https:\/\/api.w.org\/{rel}","templated":true}]}}