{"id":617,"date":"2025-03-08T18:42:17","date_gmt":"2025-03-08T18:42:17","guid":{"rendered":"https:\/\/stavanger-industri.no\/product\/cyclo-vac-725-sentralstovsuger\/"},"modified":"2025-06-11T13:59:37","modified_gmt":"2025-06-11T13:59:37","slug":"cyclo-vac-725-sentralstovsuger","status":"publish","type":"product","link":"https:\/\/stavanger-industri.no\/nb\/product\/cyclo-vac-725-sentralstovsuger\/","title":{"rendered":"Cyclo Vac 725 sentralst\u00f8vsuger"},"content":{"rendered":"<p>Cyclo Vac Hybrid H725 sentralst\u00f8vsuger produsert i Canada<br \/>\nEkstra kraftig motor, HEPA filter og ekstra stor oppsamlingstank.<br \/>\nHybrid utgave. Kan brukes med eller uten poser.<\/p>\n<p>Original LAMB Ametek motor \u2013 LONG LIFE<\/p>\n<p>Vakuum: 3790 mmVS<\/p>\n<p>Airwatts: 677<\/p>\n<div class=\"woocommerce-variation single_variation\">\n<div class=\"woocommerce-variation-description\">\n<p>Cyclo Vac H725 \u2013 Hybridmodell med pose og HEPA filter. Hybridmodellen kan brukes med eller uten pose. St\u00f8vet samles i en stor pose som byttes ca. en gang i \u00e5ret. HEPA-filter gir renere utbl\u00e5sningsluft.<\/p>\n<\/div>\n<div class=\"woocommerce-variation-price\"><\/div>\n<\/div>\n<div id=\"tab-additional_information\" class=\"woocommerce-Tabs-panel woocommerce-Tabs-panel--additional_information panel entry-content wc-tab\" role=\"tabpanel\" aria-labelledby=\"tab-title-additional_information\">\n<h2>Produktinformasjon<\/h2>\n<table class=\"woocommerce-product-attributes shop_attributes\">\n<tbody>\n<tr class=\"woocommerce-product-attributes-item woocommerce-product-attributes-item--attribute_pa_passer-for\">\n<th class=\"woocommerce-product-attributes-item__label\">Passer for<\/th>\n<td class=\"woocommerce-product-attributes-item__value\"><a href=\"https:\/\/www.sentralstovsuger.no\/passer-for\/eneboliger\/\" rel=\"tag\">Eneboliger<\/a>, <a href=\"https:\/\/www.sentralstovsuger.no\/passer-for\/barnehage\/\" rel=\"tag\">Barnehage<\/a>, <a href=\"https:\/\/www.sentralstovsuger.no\/passer-for\/butikker\/\" rel=\"tag\">Butikker<\/a>, <a href=\"https:\/\/www.sentralstovsuger.no\/passer-for\/kontorer\/\" rel=\"tag\">Kontorer<\/a>, <a href=\"https:\/\/www.sentralstovsuger.no\/passer-for\/store-hytter\/\" rel=\"tag\">Store hytter<\/a>, <a href=\"https:\/\/www.sentralstovsuger.no\/passer-for\/villaer\/\" rel=\"tag\">Villaer<\/a><\/td>\n<\/tr>\n<tr class=\"woocommerce-product-attributes-item woocommerce-product-attributes-item--attribute_pa_type-stovoppsamling-filter\">\n<th class=\"woocommerce-product-attributes-item__label\">Type st\u00f8voppsamling og filterl\u00f8sning<\/th>\n<td class=\"woocommerce-product-attributes-item__value\">H: Hybridmodell med pose<\/td>\n<\/tr>\n<tr class=\"woocommerce-product-attributes-item woocommerce-product-attributes-item--attribute_pa_boligstorrelse\">\n<th class=\"woocommerce-product-attributes-item__label\">Boligst\u00f8rrelse<\/th>\n<td class=\"woocommerce-product-attributes-item__value\"><a href=\"https:\/\/www.sentralstovsuger.no\/boligstorrelse\/250-1000m2\/\" rel=\"tag\">250-1000m2<\/a><\/td>\n<\/tr>\n<tr class=\"woocommerce-product-attributes-item woocommerce-product-attributes-item--attribute_pa_egenskaper\">\n<th class=\"woocommerce-product-attributes-item__label\">Egenskaper<\/th>\n<td class=\"woocommerce-product-attributes-item__value\"><a href=\"https:\/\/www.sentralstovsuger.no\/egenskaper\/kraftig-sugeeffekt\/\" rel=\"tag\">Kraftig sugeeffekt<\/a>, <a href=\"https:\/\/www.sentralstovsuger.no\/egenskaper\/ekstra-stor-oppsamlingstank\/\" rel=\"tag\">Ekstra stor oppsamlingstank<\/a>, <a href=\"https:\/\/www.sentralstovsuger.no\/egenskaper\/hoyt-vakuum\/\" rel=\"tag\">H\u00f8yt vakuum<\/a>, <a href=\"https:\/\/www.sentralstovsuger.no\/egenskaper\/stort-filterareal\/\" rel=\"tag\">Stort filterareal<\/a><\/td>\n<\/tr>\n<tr class=\"woocommerce-product-attributes-item woocommerce-product-attributes-item--attribute_pa_filter\">\n<th class=\"woocommerce-product-attributes-item__label\">Filter<\/th>\n<td class=\"woocommerce-product-attributes-item__value\"><a href=\"https:\/\/www.sentralstovsuger.no\/filter\/hhepa-med-pose\/\" rel=\"tag\">H:Hepa med pose<\/a><\/td>\n<\/tr>\n<tr class=\"woocommerce-product-attributes-item woocommerce-product-attributes-item--attribute_pa_innhold\">\n<th class=\"woocommerce-product-attributes-item__label\">Innhold<\/th>\n<td class=\"woocommerce-product-attributes-item__value\"><a href=\"https:\/\/www.sentralstovsuger.no\/innhold\/stoydemper\/\" rel=\"tag\">St\u00f8ydemper<\/a>, <a href=\"https:\/\/www.sentralstovsuger.no\/innhold\/sugesentral\/\" rel=\"tag\">Sugesentral<\/a><\/td>\n<\/tr>\n<tr class=\"woocommerce-product-attributes-item woocommerce-product-attributes-item--attribute_pa_watt-motor\">\n<th class=\"woocommerce-product-attributes-item__label\">Watt motor:<\/th>\n<td class=\"woocommerce-product-attributes-item__value\"><a href=\"https:\/\/www.sentralstovsuger.no\/watt-motor\/1890w\/\" rel=\"tag\">1890W<\/a><\/td>\n<\/tr>\n<tr class=\"woocommerce-product-attributes-item woocommerce-product-attributes-item--attribute_pa_decibel\">\n<th class=\"woocommerce-product-attributes-item__label\">Decibel:<\/th>\n<td class=\"woocommerce-product-attributes-item__value\"><a href=\"https:\/\/www.sentralstovsuger.no\/decibel\/64\/\" rel=\"tag\">64<\/a><\/td>\n<\/tr>\n<tr class=\"woocommerce-product-attributes-item woocommerce-product-attributes-item--attribute_pa_vakuum\">\n<th class=\"woocommerce-product-attributes-item__label\">Vakuum:<\/th>\n<td class=\"woocommerce-product-attributes-item__value\"><a href=\"https:\/\/www.sentralstovsuger.no\/vakuum\/3790\/\" rel=\"tag\">3790<\/a><\/td>\n<\/tr>\n<tr class=\"woocommerce-product-attributes-item woocommerce-product-attributes-item--attribute_pa_luftmengde\">\n<th class=\"woocommerce-product-attributes-item__label\">Luftmengde:<\/th>\n<td class=\"woocommerce-product-attributes-item__value\"><a href=\"https:\/\/www.sentralstovsuger.no\/luftmengde\/196-m3-t\/\" rel=\"tag\">196 m3\/t<\/a><\/td>\n<\/tr>\n<tr class=\"woocommerce-product-attributes-item woocommerce-product-attributes-item--attribute_pa_airwatts\">\n<th class=\"woocommerce-product-attributes-item__label\">Airwatts<\/th>\n<td class=\"woocommerce-product-attributes-item__value\"><a href=\"https:\/\/www.sentralstovsuger.no\/airwatts\/677\/\" rel=\"tag\">677<\/a><\/td>\n<\/tr>\n<tr class=\"woocommerce-product-attributes-item woocommerce-product-attributes-item--attribute_pa_turbiner\">\n<th class=\"woocommerce-product-attributes-item__label\">Turbiner:<\/th>\n<td class=\"woocommerce-product-attributes-item__value\"><a href=\"https:\/\/www.sentralstovsuger.no\/turbiner\/2\/\" rel=\"tag\">2<\/a><\/td>\n<\/tr>\n<tr class=\"woocommerce-product-attributes-item woocommerce-product-attributes-item--attribute_pa_stovkapasitet\">\n<th class=\"woocommerce-product-attributes-item__label\">St\u00f8vkapasitet:<\/th>\n<td class=\"woocommerce-product-attributes-item__value\"><a href=\"https:\/\/www.sentralstovsuger.no\/stovkapasitet\/e278l\/\" rel=\"tag\">E:27,8l<\/a>, <a href=\"https:\/\/www.sentralstovsuger.no\/stovkapasitet\/h233l\/\" rel=\"tag\">H:23,3l<\/a><\/td>\n<\/tr>\n<tr class=\"woocommerce-product-attributes-item woocommerce-product-attributes-item--attribute_pa_hoyde\">\n<th class=\"woocommerce-product-attributes-item__label\">H\u00f8yde:<\/th>\n<td class=\"woocommerce-product-attributes-item__value\"><a href=\"https:\/\/www.sentralstovsuger.no\/hoyde\/h-997-cm\/\" rel=\"tag\">H: 99,7 cm<\/a><\/td>\n<\/tr>\n<tr class=\"woocommerce-product-attributes-item woocommerce-product-attributes-item--attribute_pa_diameter\">\n<th class=\"woocommerce-product-attributes-item__label\">Diameter:<\/th>\n<td class=\"woocommerce-product-attributes-item__value\"><a href=\"https:\/\/www.sentralstovsuger.no\/diameter\/358cm\/\" rel=\"tag\">35,8cm<\/a><\/td>\n<\/tr>\n<tr class=\"woocommerce-product-attributes-item woocommerce-product-attributes-item--attribute_pa_vekt\">\n<th class=\"woocommerce-product-attributes-item__label\">Vekt:<\/th>\n<td class=\"woocommerce-product-attributes-item__value\"><a href=\"https:\/\/www.sentralstovsuger.no\/vekt\/h-128-kg\/\" rel=\"tag\">H: 12,8 kg<\/a><\/td>\n<\/tr>\n<\/tbody>\n<\/table>\n<\/div>\n","protected":false},"excerpt":{"rendered":"<p>Cyclo Vac Hybrid H725 sentralst\u00f8vsuger produsert i Canada Ekstra kraftig motor, HEPA filter og ekstra stor oppsamlingstank. Hybrid utgave. Kan brukes med eller uten poser. Original LAMB Ametek motor \u2013 LONG LIFE Vakuum: 3790 mmVS Airwatts: 677 Cyclo Vac H725 \u2013 Hybridmodell med pose og HEPA filter. Hybridmodellen kan brukes med eller uten pose. St\u00f8vet [&hellip;]<\/p>\n","protected":false},"featured_media":431,"comment_status":"open","ping_status":"closed","template":"","meta":[],"product_brand":[],"product_cat":[100],"product_tag":[],"class_list":{"0":"post-617","1":"product","2":"type-product","3":"status-publish","4":"has-post-thumbnail","6":"product_cat-sugeenheter","8":"first","9":"instock","10":"sale","11":"taxable","12":"shipping-taxable","13":"purchasable","14":"product-type-simple"},"_links":{"self":[{"href":"https:\/\/stavanger-industri.no\/nb\/wp-json\/wp\/v2\/product\/617","targetHints":{"allow":["GET"]}}],"collection":[{"href":"https:\/\/stavanger-industri.no\/nb\/wp-json\/wp\/v2\/product"}],"about":[{"href":"https:\/\/stavanger-industri.no\/nb\/wp-json\/wp\/v2\/types\/product"}],"replies":[{"embeddable":true,"href":"https:\/\/stavanger-industri.no\/nb\/wp-json\/wp\/v2\/comments?post=617"}],"version-history":[{"count":1,"href":"https:\/\/stavanger-industri.no\/nb\/wp-json\/wp\/v2\/product\/617\/revisions"}],"predecessor-version":[{"id":1679,"href":"https:\/\/stavanger-industri.no\/nb\/wp-json\/wp\/v2\/product\/617\/revisions\/1679"}],"wp:featuredmedia":[{"embeddable":true,"href":"https:\/\/stavanger-industri.no\/nb\/wp-json\/wp\/v2\/media\/431"}],"wp:attachment":[{"href":"https:\/\/stavanger-industri.no\/nb\/wp-json\/wp\/v2\/media?parent=617"}],"wp:term":[{"taxonomy":"product_brand","embeddable":true,"href":"https:\/\/stavanger-industri.no\/nb\/wp-json\/wp\/v2\/product_brand?post=617"},{"taxonomy":"product_cat","embeddable":true,"href":"https:\/\/stavanger-industri.no\/nb\/wp-json\/wp\/v2\/product_cat?post=617"},{"taxonomy":"product_tag","embeddable":true,"href":"https:\/\/stavanger-industri.no\/nb\/wp-json\/wp\/v2\/product_tag?post=617"}],"curies":[{"name":"wp","href":"https:\/\/api.w.org\/{rel}","templated":true}]}}