{"id":590,"date":"2025-03-08T18:42:15","date_gmt":"2025-03-08T18:42:15","guid":{"rendered":"https:\/\/stavanger-industri.no\/product\/mazzoni-firebox-heater-for-varming-av-vann-fra-hoytrykk-vasker\/"},"modified":"2026-05-07T09:00:41","modified_gmt":"2026-05-07T09:00:41","slug":"mazzoni-firebox-heater-for-varming-av-vann-fra-hoytrykk-vasker","status":"publish","type":"product","link":"https:\/\/stavanger-industri.no\/nb\/product\/mazzoni-firebox-heater-for-varming-av-vann-fra-hoytrykk-vasker\/","title":{"rendered":"Mazzoni Firebox Heater for varming av vann fra h\u00f8ytrykk vasker"},"content":{"rendered":"<p><strong>VARMTVANN MOBIL BOKS<\/strong><\/p>\n<ul>\n<li>Varmtvannsboks som er i stand til \u00e5 varme vannet opp til 140 \u00b0 C.<\/li>\n<\/ul>\n<ul>\n<li>Dette er det ideelle utstyr i kombinasjon med en kaldtvannsvasker, enten elektrisk, bensin eller diesel, for \u00e5 <br \/>produsere varmt vann.<\/li>\n<li>Enheten kan arbeide uten h\u00f8ytrykksspyler med et minimum vanntrykk p\u00e5 3 bar\u00a0\u00a0\u00a0\u00a0\u00a0\u00a0\u00a0\u00a0\u00a0\u00a0\u00a0\u00a0\u00a0\u00a0\u00a0\u00a0\u00a0\u00a0\u00a0\u00a0\u00a0\u00a0\u00a0\u00a0<\/li>\n<li>Drivstoffpumpen er direkte\u00a0koblet til viften.\u00a0\u00a0\u00a0\u00a0\u00a0\u00a0\u00a0\u00a0\u00a0\u00a0\u00a0\u00a0\u00a0\u00a0\u00a0\u00a0<\/li>\n<li>Kjelene produseres hos Mazzoni, og har h\u00f8y varmeytelse og lavt dieselforbruk.\u00a0\u00a0\u00a0\u00a0\u00a0\u00a0\u00a0\u00a0\u00a0\u00a0\u00a0\u00a0\u00a0\u00a0\u00a0\u00a0\u00a0\u00a0\u00a0\u00a0\u00a0\u00a0\u00a0\u00a0\u00a0\u00a0\u00a0\u00a0<\/li>\n<li>Verdiene for klimagasser er lavere enn det som kreves etter gjeldende europeiske standarder.\u00a0\u00a0\u00a0\u00a0\u00a0\u00a0\u00a0\u00a0\u00a0\u00a0\u00a0\u00a0\u00a0\u00a0\u00a0\u00a0\u00a0\u00a0\u00a0\u00a0\u00a0\u00a0\u00a0\u00a0\u00a0\u00a0\u00a0\u00a0<\/li>\n<li>Spiralen\u00a0i kjelen\u00a0kan levers\u00a0i rustfritt syrefast st\u00e5l\u00a0\u00a0\u00a0\u00a0\u00a0\u00a0\u00a0\u00a0\u00a0\u00a0\u00a0\u00a0\u00a0\u00a0\u00a0\u00a0<\/li>\n<li>Deksel i rustfritt st\u00e5l<\/li>\n<li>Kan leveres i mange forskjellige utf\u00f8rsler for antall liter vann, volt og trykk<\/li>\n<\/ul>\n<table style=\"width: 100%;\" border=\"1\">\n<tbody>\n<tr align=\"center\">\n<td style=\"color: #fff;\" bgcolor=\"#ea2833\"><strong>Code<\/strong><\/td>\n<td style=\"color: #fff;\" bgcolor=\"#ea2833\"><strong>bar<\/strong><\/td>\n<td style=\"color: #fff;\" bgcolor=\"#ea2833\"><strong>l\/min<\/strong><\/td>\n<td style=\"color: #fff;\" bgcolor=\"#ea2833\"><strong>Coil(mt)<\/strong><\/td>\n<td style=\"color: #fff;\" bgcolor=\"#ea2833\"><strong>Coil(\u00d8)<\/strong><\/td>\n<td style=\"color: #fff;\" bgcolor=\"#ea2833\"><strong>Fuel tank<\/strong><\/td>\n<td style=\"color: #fff;\" bgcolor=\"#ea2833\"><strong>Power supply<\/strong><\/td>\n<td style=\"color: #fff;\" bgcolor=\"#ea2833\"><strong>In\/out.<\/strong><\/td>\n<td style=\"color: #fff;\" bgcolor=\"#ea2833\"><strong>Kcal\/h<\/strong><\/td>\n<td style=\"color: #fff;\" bgcolor=\"#ea2833\"><strong>Kg\/h<\/strong><\/td>\n<\/tr>\n<tr align=\"center\">\n<td>3.064.04.009<\/td>\n<td>250<\/td>\n<td>15<\/td>\n<td>24<\/td>\n<td>3\/8&raquo;<\/td>\n<td>30L<\/td>\n<td>12 V DC<\/td>\n<td>M22 x 1,5<\/td>\n<td>46000<\/td>\n<td>4,73<\/td>\n<\/tr>\n<tr align=\"center\">\n<td>3.064.04.005<\/td>\n<td>250<\/td>\n<td>20<\/td>\n<td>35<\/td>\n<td>3\/8&raquo;<\/td>\n<td>30L<\/td>\n<td>12 V DC<\/td>\n<td>M22 x 1,5<\/td>\n<td>80000<\/td>\n<td>8,31<\/td>\n<\/tr>\n<tr align=\"center\">\n<td>3.064.04.010<\/td>\n<td>250<\/td>\n<td>25<\/td>\n<td>35<\/td>\n<td>3\/8&raquo;<\/td>\n<td>30L<\/td>\n<td>12 V DC<\/td>\n<td>M22 x 1,5<\/td>\n<td>90000<\/td>\n<td>9,30<\/td>\n<\/tr>\n<tr align=\"center\">\n<td>3.064.04.003<\/td>\n<td>250<\/td>\n<td>15<\/td>\n<td>24<\/td>\n<td>3\/8&raquo;<\/td>\n<td>30L<\/td>\n<td>24 V DC<\/td>\n<td>M22 x 1,5<\/td>\n<td>46000<\/td>\n<td>4,73<\/td>\n<\/tr>\n<tr align=\"center\">\n<td>3.064.04.007<\/td>\n<td>250<\/td>\n<td>20<\/td>\n<td>35<\/td>\n<td>3\/8&raquo;<\/td>\n<td>30L<\/td>\n<td>24 V DC<\/td>\n<td>M22 x 1,5<\/td>\n<td>80000<\/td>\n<td>8,31<\/td>\n<\/tr>\n<tr align=\"center\">\n<td>3.064.04.008<\/td>\n<td>250<\/td>\n<td>25<\/td>\n<td>35<\/td>\n<td>3\/8&raquo;<\/td>\n<td>30L<\/td>\n<td>24 V DC<\/td>\n<td>M22 x 1,5<\/td>\n<td>90000<\/td>\n<td>9,30<\/td>\n<\/tr>\n<tr align=\"center\">\n<td>3.064.04.002<\/td>\n<td>250<\/td>\n<td>15<\/td>\n<td>24<\/td>\n<td>3\/8&raquo;<\/td>\n<td>30L<\/td>\n<td>230V<\/td>\n<td>M22 x 1,5<\/td>\n<td>46000<\/td>\n<td>4,76<\/td>\n<\/tr>\n<tr align=\"center\">\n<td>3.064.04.004<\/td>\n<td>250<\/td>\n<td>20<\/td>\n<td>35<\/td>\n<td>3\/8&raquo;<\/td>\n<td>30L<\/td>\n<td>230V<\/td>\n<td>M22 x 1,5<\/td>\n<td>80000<\/td>\n<td>8,31<\/td>\n<\/tr>\n<tr align=\"center\">\n<td>3.064.04.006<\/td>\n<td>250<\/td>\n<td>25<\/td>\n<td>35<\/td>\n<td>3\/8&raquo;<\/td>\n<td>30L<\/td>\n<td>230V<\/td>\n<td>M22 x 1,5<\/td>\n<td>90000<\/td>\n<td>9,30<\/td>\n<\/tr>\n<tr align=\"center\">\n<td>3.064.04.011<\/td>\n<td>250<\/td>\n<td>15<\/td>\n<td>24<\/td>\n<td>3\/8&raquo;<\/td>\n<td>30L<\/td>\n<td>400V<\/td>\n<td>M22 x 1,5<\/td>\n<td>46000<\/td>\n<td>4,76<\/td>\n<\/tr>\n<tr align=\"center\">\n<td>3.064.04.012<\/td>\n<td>250<\/td>\n<td>20<\/td>\n<td>35<\/td>\n<td>3\/8&raquo;<\/td>\n<td>30L<\/td>\n<td>400V<\/td>\n<td>M22 x 1,5<\/td>\n<td>80000<\/td>\n<td>8,31<\/td>\n<\/tr>\n<tr align=\"center\">\n<td>3.064.04.013<\/td>\n<td>250<\/td>\n<td>25<\/td>\n<td>35<\/td>\n<td>3\/8&raquo;<\/td>\n<td>30L<\/td>\n<td>400V<\/td>\n<td>M22 x 1,5<\/td>\n<td>90000<\/td>\n<td>9,30<\/td>\n<\/tr>\n<tr align=\"center\">\n<td>3.064.04.014<\/td>\n<td>350<\/td>\n<td>25<\/td>\n<td>35<\/td>\n<td>3\/8&raquo;<\/td>\n<td>30L<\/td>\n<td>12V<\/td>\n<td>M22 x 1,5<\/td>\n<td>90000<\/td>\n<td>9,30<\/td>\n<\/tr>\n<tr align=\"center\">\n<td>3.064.04.015<\/td>\n<td>350<\/td>\n<td>25<\/td>\n<td>35<\/td>\n<td>3\/8&raquo;<\/td>\n<td>30L<\/td>\n<td>230V<\/td>\n<td>M22 x 1,5<\/td>\n<td>90000<\/td>\n<td>9,30<\/td>\n<\/tr>\n<tr align=\"center\">\n<td>3.064.04.016<\/td>\n<td>500<\/td>\n<td>25<\/td>\n<td>35<\/td>\n<td>3\/8&raquo;<\/td>\n<td>30L<\/td>\n<td>230V<\/td>\n<td>G 1\/2\u2033 M<\/td>\n<td>90000<\/td>\n<td>9,30<\/td>\n<\/tr>\n<tr align=\"center\">\n<td>3.064.04.017<\/td>\n<td>500<\/td>\n<td>25<\/td>\n<td>35<\/td>\n<td>3\/8&raquo;<\/td>\n<td>30L<\/td>\n<td>400V<\/td>\n<td>G 1\/2\u2033 M<\/td>\n<td>90000<\/td>\n<td>9,30<\/td>\n<\/tr>\n<\/tbody>\n<\/table>\n","protected":false},"excerpt":{"rendered":"<p>VARMTVANN MOBIL BOKS Varmtvannsboks som er i stand til \u00e5 varme vannet opp til 140 \u00b0 C. Dette er det ideelle utstyr i kombinasjon med en kaldtvannsvasker, enten elektrisk, bensin eller diesel, for \u00e5 produsere varmt vann. Enheten kan arbeide uten h\u00f8ytrykksspyler med et minimum vanntrykk p\u00e5 3 bar\u00a0\u00a0\u00a0\u00a0\u00a0\u00a0\u00a0\u00a0\u00a0\u00a0\u00a0\u00a0\u00a0\u00a0\u00a0\u00a0\u00a0\u00a0\u00a0\u00a0\u00a0\u00a0\u00a0\u00a0 Drivstoffpumpen er direkte\u00a0koblet til viften.\u00a0\u00a0\u00a0\u00a0\u00a0\u00a0\u00a0\u00a0\u00a0\u00a0\u00a0\u00a0\u00a0\u00a0\u00a0\u00a0 Kjelene [&hellip;]<\/p>\n","protected":false},"featured_media":314,"comment_status":"open","ping_status":"closed","template":"","meta":[],"product_brand":[],"product_cat":[47],"product_tag":[],"class_list":{"0":"post-590","1":"product","2":"type-product","3":"status-publish","4":"has-post-thumbnail","6":"product_cat-varmtvann-vasker","8":"first","9":"instock","10":"taxable","11":"shipping-taxable","12":"purchasable","13":"product-type-simple"},"_links":{"self":[{"href":"https:\/\/stavanger-industri.no\/nb\/wp-json\/wp\/v2\/product\/590","targetHints":{"allow":["GET"]}}],"collection":[{"href":"https:\/\/stavanger-industri.no\/nb\/wp-json\/wp\/v2\/product"}],"about":[{"href":"https:\/\/stavanger-industri.no\/nb\/wp-json\/wp\/v2\/types\/product"}],"replies":[{"embeddable":true,"href":"https:\/\/stavanger-industri.no\/nb\/wp-json\/wp\/v2\/comments?post=590"}],"version-history":[{"count":0,"href":"https:\/\/stavanger-industri.no\/nb\/wp-json\/wp\/v2\/product\/590\/revisions"}],"wp:featuredmedia":[{"embeddable":true,"href":"https:\/\/stavanger-industri.no\/nb\/wp-json\/wp\/v2\/media\/314"}],"wp:attachment":[{"href":"https:\/\/stavanger-industri.no\/nb\/wp-json\/wp\/v2\/media?parent=590"}],"wp:term":[{"taxonomy":"product_brand","embeddable":true,"href":"https:\/\/stavanger-industri.no\/nb\/wp-json\/wp\/v2\/product_brand?post=590"},{"taxonomy":"product_cat","embeddable":true,"href":"https:\/\/stavanger-industri.no\/nb\/wp-json\/wp\/v2\/product_cat?post=590"},{"taxonomy":"product_tag","embeddable":true,"href":"https:\/\/stavanger-industri.no\/nb\/wp-json\/wp\/v2\/product_tag?post=590"}],"curies":[{"name":"wp","href":"https:\/\/api.w.org\/{rel}","templated":true}]}}