{"id":587,"date":"2025-03-08T18:42:15","date_gmt":"2025-03-08T18:42:15","guid":{"rendered":"https:\/\/stavanger-industri.no\/product\/ipc-gulvvaskemaskin-ct80-bt70\/"},"modified":"2025-03-08T18:42:15","modified_gmt":"2025-03-08T18:42:15","slug":"ipc-gulvvaskemaskin-ct80-bt70","status":"publish","type":"product","link":"https:\/\/stavanger-industri.no\/nb\/product\/ipc-gulvvaskemaskin-ct80-bt70\/","title":{"rendered":"IPC Gulvvaskemaskin CT80 BT70"},"content":{"rendered":"<div class=\"varetekst1\">\n<p>CT80 BT55 er en sittbar gulvvaskemaskin med h\u00f8y effektivitet. Maskinen har rentvannstank p\u00e5 hele 78,5 liter og skittenvannstank p\u00e5 80 liter som gir lang operasjonstid. Den er selvg\u00e5ende, og har trinnl\u00f8s hastighetsregulering p\u00e5 drift forover og bakover. Ettersyn av batterier, filtre og slanger er sv\u00e6rt enkelt, fordi hele karosseriet kan vippes bakover. \u00a0Maskinen har standard programmert 3 stk. vaskeprogram med mulighet for ytterligere et program med kjemidoseringssystem. 1-standard, 2-automatic, 3-economy og 4-chem-dose. Dette gj\u00f8r maskinen meget enkel i bruk. Sammen med den patenterte sugenalen, vasker og t\u00f8rker maskinen alle typer gulvflater sv\u00e6rt godt. Eks. betonggulv, marmor, keramikkfliser, linoleum, gummi og tregulv. CT80 BT55 er en perfekt maskin for butikker, kontorer, skoler, hoteller, kirker, rengj\u00f8ringsbyr\u00e5er, industribedrifter, osv. Rengj\u00f8ringskapasiteten er velegnet for mellomstore arealer.<\/p>\n<p>\u00a0<\/p>\n<\/div>\n<ul class=\"zebra\">\n<li class=\"odd\">EAN-nr: 7050481780925<\/li>\n<li>Varenavn: CT80 BT70<\/li>\n<li class=\"odd\">Varenummer: 178092<\/li>\n<li>Vannmengderegulering: Elektronisk + magnetventil<\/li>\n<li class=\"odd\">Rengj\u00f8ringskapasitet: 4068 m\u00b2\/t<\/li>\n<li>Rentvannstank (liter): 80<\/li>\n<li class=\"odd\">B\u00f8rstetrykk g\/cm: 50 Kg<\/li>\n<li>St\u00f8yniv\u00e5 dB(A): 65<\/li>\n<li class=\"odd\">Vaskebredde (mm): 678<\/li>\n<li>Batteri Volt\/Amp: BAAC00106 &#8211; 6V \/ 180Ah (C5)<\/li>\n<li class=\"odd\">L\u00f8fting av vaskeb\u00f8rste: Automatisk<\/li>\n<li>Antall b\u00f8rster: 2<\/li>\n<li class=\"odd\">Dimensjoner (LxBxH mm): 1310x760x1030<\/li>\n<li>Fremdrift: Elektronisk<\/li>\n<li class=\"odd\">CE sertifisert: Ja<\/li>\n<li>Volum m&raquo;: 1,31<\/li>\n<li class=\"odd\">Bredde for oppsug (mm): 942<\/li>\n<li>Driftsspenning Volt: 24 V<\/li>\n<li class=\"odd\">Vekt (kg): 138<\/li>\n<li>Forpakning: Kartong p\u00e5 pall<\/li>\n<li class=\"odd\">Valg av vaskesystem: B\u00f8rste\/pad<\/li>\n<li>Rotasjonshastighet b\u00f8rste \/ pad (rpm): 220<\/li>\n<li class=\"odd\">Skittenvannstank (liter): 83<\/li>\n<li>Arbeidstid pr. opplading time: 240 min<\/li>\n<li class=\"odd\">Hastighet (km\/time): 6<\/li>\n<\/ul>\n<p><a href=\"https:\/\/cdn.shopify.com\/s\/files\/1\/0083\/6553\/9424\/files\/bruksanvisning-ct80.pdf?369\" target=\"_blank\" rel=\"noopener noreferrer\">Bruksanvisning til CT 80<\/a><\/p>\n<p><a href=\"https:\/\/cdn.shopify.com\/s\/files\/1\/0083\/6553\/9424\/files\/hurtig-guide-ct80.pdf?369\" target=\"_blank\" rel=\"noopener noreferrer\">Hurtigguide til CT 80<\/a><\/p>\n","protected":false},"excerpt":{"rendered":"<p>CT80 BT55 er en sittbar gulvvaskemaskin med h\u00f8y effektivitet. Maskinen har rentvannstank p\u00e5 hele 78,5 liter og skittenvannstank p\u00e5 80 liter som gir lang operasjonstid. Den er selvg\u00e5ende, og har trinnl\u00f8s hastighetsregulering p\u00e5 drift forover og bakover. Ettersyn av batterier, filtre og slanger er sv\u00e6rt enkelt, fordi hele karosseriet kan vippes bakover. \u00a0Maskinen har standard [&hellip;]<\/p>\n","protected":false},"featured_media":421,"comment_status":"open","ping_status":"closed","template":"","meta":[],"product_brand":[],"product_cat":[48],"product_tag":[],"class_list":{"0":"post-587","1":"product","2":"type-product","3":"status-publish","4":"has-post-thumbnail","6":"product_cat-gulvvaske-maskiner","8":"first","9":"instock","10":"taxable","11":"shipping-taxable","12":"purchasable","13":"product-type-simple"},"ct_brands":[],"_links":{"self":[{"href":"https:\/\/stavanger-industri.no\/nb\/wp-json\/wp\/v2\/product\/587","targetHints":{"allow":["GET"]}}],"collection":[{"href":"https:\/\/stavanger-industri.no\/nb\/wp-json\/wp\/v2\/product"}],"about":[{"href":"https:\/\/stavanger-industri.no\/nb\/wp-json\/wp\/v2\/types\/product"}],"replies":[{"embeddable":true,"href":"https:\/\/stavanger-industri.no\/nb\/wp-json\/wp\/v2\/comments?post=587"}],"version-history":[{"count":0,"href":"https:\/\/stavanger-industri.no\/nb\/wp-json\/wp\/v2\/product\/587\/revisions"}],"wp:featuredmedia":[{"embeddable":true,"href":"https:\/\/stavanger-industri.no\/nb\/wp-json\/wp\/v2\/media\/421"}],"wp:attachment":[{"href":"https:\/\/stavanger-industri.no\/nb\/wp-json\/wp\/v2\/media?parent=587"}],"wp:term":[{"taxonomy":"product_brand","embeddable":true,"href":"https:\/\/stavanger-industri.no\/nb\/wp-json\/wp\/v2\/product_brand?post=587"},{"taxonomy":"product_cat","embeddable":true,"href":"https:\/\/stavanger-industri.no\/nb\/wp-json\/wp\/v2\/product_cat?post=587"},{"taxonomy":"product_tag","embeddable":true,"href":"https:\/\/stavanger-industri.no\/nb\/wp-json\/wp\/v2\/product_tag?post=587"}],"curies":[{"name":"wp","href":"https:\/\/api.w.org\/{rel}","templated":true}]}}