{"id":585,"date":"2025-03-08T18:42:15","date_gmt":"2025-03-08T18:42:15","guid":{"rendered":"https:\/\/stavanger-industri.no\/product\/ipc-gulvvaskemaskin-ga-bak-ct15-b35\/"},"modified":"2025-03-08T18:42:15","modified_gmt":"2025-03-08T18:42:15","slug":"ipc-gulvvaskemaskin-ga-bak-ct15-b35","status":"publish","type":"product","link":"https:\/\/stavanger-industri.no\/nb\/product\/ipc-gulvvaskemaskin-ga-bak-ct15-b35\/","title":{"rendered":"IPC Gulvvaskemaskin g\u00e5 bak CT15 B35"},"content":{"rendered":"<div class=\"varetekst1\">\n<p><span>CT15 B35 er en profesjonell gulvvaskemaskin fra. Den er enkel \u00e5 bruke og lett \u00e5 man\u00f8vrere. Den har ekstremt lav kostnad per kvadratmeter, og krever lite vedlikehold. Den er satt sammen av materialer som er sv\u00e6rt rustbestandige, og tankene og karosseriet er av polyethylenplast. B\u00f8steskift kan utf\u00f8res uten bruk av verkt\u00f8y. CT15 B35 leveres med 2 x 12 volts batterier som gir en meget lang driftstid i forhold til andre maskiner. Den elektroniske batteriladeren s\u00f8rger for sikker og optimal ladesyklus. Maskinens konstruksjon gj\u00f8r den meget enkel \u00e5 betjene. 25 kg vekt p\u00e5 b\u00f8rstehodet s\u00f8rger for riktig b\u00f8rstetrykk til enhver tid. Sammen med sugenalen, vasker og t\u00f8rker maskinen alle typer gulvflater sv\u00e6rt godt. Eks. betonggulv, marmor, keramikkfliser, linoleum, gummi og tregulv. CT15 B35 er en super maskin for barer, kantiner, restauranter, butikker, kontorer, skoler, hoteller, kirker, rengj\u00f8ringsbyr\u00e5er, industribedrifter, osv. Rengj\u00f8ringskapasiteten er velegnet for mindre til mellomstore arealer.\u00a0<\/span><\/p>\n<ul class=\"zebra\">\n<li class=\"odd\">EAN-nr: 7050481781403<\/li>\n<li class=\"even\">Varenavn: CT15 B35<\/li>\n<li class=\"odd\">Varenummer: 178140<\/li>\n<li class=\"even\">Kampanjeprodukt: False Vises som kampanjeprodukt i forhandlerbutikk<\/li>\n<li class=\"odd\">Valg av vaskesystem: B\u00f8rste\/pad<\/li>\n<li class=\"even\">Arbeidsbredde b\u00f8rste (mm): 350<\/li>\n<li class=\"odd\">Bredde for oppsug (mm): 450<\/li>\n<li class=\"even\">Antall b\u00f8rster: 1<\/li>\n<li class=\"odd\">Rotasjonshastighet b\u00f8rste \/ pad (rpm): 140<\/li>\n<li class=\"even\">Rentvannstank (liter): 16<\/li>\n<li class=\"odd\">Skittenvannstank (liter): 19<\/li>\n<li class=\"even\">Vannforbruk (liter\/min): manuell<\/li>\n<li class=\"odd\">Rengj\u00f8ringskapasitet: 1225 m\u00b2\/time<\/li>\n<li class=\"even\">Hastighet (km\/time): 3,5<\/li>\n<li class=\"odd\">Driftsspenning Volt: 220\/240v &#8211; 50Hz<\/li>\n<li class=\"even\">Fremdrift: Manuell<\/li>\n<li class=\"odd\">L\u00f8fting av vaskeb\u00f8rste: Manuell<\/li>\n<li class=\"even\">Vannmengderegulering: Manuell<\/li>\n<li class=\"odd\">St\u00f8yniv\u00e5 dB(A): 68<\/li>\n<li class=\"even\">Arbeidstid pr. opplading: 70 min<\/li>\n<li class=\"odd\">Batteri Volt\/Amp: BAAC00114 &#8211; 12V \/ 29Ah ( C5 )<\/li>\n<li class=\"even\">Forpakning: Kartong<\/li>\n<li class=\"odd\">Volum m\u00b3: 0,25<\/li>\n<li class=\"even\">CE sertifisert: Ja<\/li>\n<li class=\"odd\">B\u00f8rstetrykk g\/cm: 25 kg<\/li>\n<li class=\"even\">Dimensjoner (LxBxH mm): 950x450x1200<\/li>\n<li class=\"odd\">Vekt med batteri: 47 kg<\/li>\n<\/ul>\n<\/div>\n<ul class=\"zebra\"><\/ul>\n","protected":false},"excerpt":{"rendered":"<p>CT15 B35 er en profesjonell gulvvaskemaskin fra. Den er enkel \u00e5 bruke og lett \u00e5 man\u00f8vrere. Den har ekstremt lav kostnad per kvadratmeter, og krever lite vedlikehold. Den er satt sammen av materialer som er sv\u00e6rt rustbestandige, og tankene og karosseriet er av polyethylenplast. B\u00f8steskift kan utf\u00f8res uten bruk av verkt\u00f8y. CT15 B35 leveres med [&hellip;]<\/p>\n","protected":false},"featured_media":414,"comment_status":"open","ping_status":"closed","template":"","meta":[],"product_brand":[],"product_cat":[48],"product_tag":[],"class_list":{"0":"post-585","1":"product","2":"type-product","3":"status-publish","4":"has-post-thumbnail","6":"product_cat-gulvvaske-maskiner","8":"first","9":"instock","10":"taxable","11":"shipping-taxable","12":"purchasable","13":"product-type-simple"},"ct_brands":[],"_links":{"self":[{"href":"https:\/\/stavanger-industri.no\/nb\/wp-json\/wp\/v2\/product\/585","targetHints":{"allow":["GET"]}}],"collection":[{"href":"https:\/\/stavanger-industri.no\/nb\/wp-json\/wp\/v2\/product"}],"about":[{"href":"https:\/\/stavanger-industri.no\/nb\/wp-json\/wp\/v2\/types\/product"}],"replies":[{"embeddable":true,"href":"https:\/\/stavanger-industri.no\/nb\/wp-json\/wp\/v2\/comments?post=585"}],"version-history":[{"count":0,"href":"https:\/\/stavanger-industri.no\/nb\/wp-json\/wp\/v2\/product\/585\/revisions"}],"wp:featuredmedia":[{"embeddable":true,"href":"https:\/\/stavanger-industri.no\/nb\/wp-json\/wp\/v2\/media\/414"}],"wp:attachment":[{"href":"https:\/\/stavanger-industri.no\/nb\/wp-json\/wp\/v2\/media?parent=585"}],"wp:term":[{"taxonomy":"product_brand","embeddable":true,"href":"https:\/\/stavanger-industri.no\/nb\/wp-json\/wp\/v2\/product_brand?post=585"},{"taxonomy":"product_cat","embeddable":true,"href":"https:\/\/stavanger-industri.no\/nb\/wp-json\/wp\/v2\/product_cat?post=585"},{"taxonomy":"product_tag","embeddable":true,"href":"https:\/\/stavanger-industri.no\/nb\/wp-json\/wp\/v2\/product_tag?post=585"}],"curies":[{"name":"wp","href":"https:\/\/api.w.org\/{rel}","templated":true}]}}