{"id":581,"date":"2025-03-08T18:42:14","date_gmt":"2025-03-08T18:42:14","guid":{"rendered":"https:\/\/stavanger-industri.no\/product\/ipc-gulvvaskemaskin-ga-bak-ct45-bt50\/"},"modified":"2025-03-08T18:42:14","modified_gmt":"2025-03-08T18:42:14","slug":"ipc-gulvvaskemaskin-ga-bak-ct45-bt50","status":"publish","type":"product","link":"https:\/\/stavanger-industri.no\/nb\/product\/ipc-gulvvaskemaskin-ga-bak-ct45-bt50\/","title":{"rendered":"IPC Gulvvaskemaskin g\u00e5 bak CT45 BT50"},"content":{"rendered":"<h2 data-mce-fragment=\"1\" class=\"d-none d-md-block mb-md-4\">Produktinformasjon<\/h2>\n<div data-mce-fragment=\"1\" class=\"collapse show\" id=\"product-info\">\n<div data-mce-fragment=\"1\" class=\"mb-5 mt-3 pb-4\">\n<div data-mce-fragment=\"1\">\n<p data-mce-fragment=\"1\">CT45 er en brukervennlig batteridrevet gulvvaskemaskin.\u00a0CT45 BT50 er en maskin som har elektrisk\u00a0fremdrift.\u00a0Den fungerer utmerket p\u00e5 storkiosker, bensinstasjoner, butikker, m\u00f8te-og kontorlokaler. De er enkle i bruk og lette \u00e5 man\u00f8vrere.<\/p>\n<p data-mce-fragment=\"1\">\u2022 Kompakt og sv\u00e6rt solid maskin med god t\u00f8rkeeffekt<br data-mce-fragment=\"1\">\u2022 Lite vedlikehold<br data-mce-fragment=\"1\">\u2022 Lang driftstid pga. 24 volt batteripakke<br data-mce-fragment=\"1\">\u2022 Komplett med lader og vedlikeholdsfrie batterier<br data-mce-fragment=\"1\">\u2022 Store hjul gj\u00f8r den enkel over terskler<br data-mce-fragment=\"1\">\u2022 \u00abFlexi-h\u00e5ndtak\u00bb som er ergonomisk tilpasset<\/p>\n<h2 class=\"d-none d-md-block mb-md-4\">Teknisk data<\/h2>\n<ul>\n<li>Varenummer: 178125<\/li>\n<li>Valg av vaskesystem:<\/li>\n<li>Arbeidsbredde b\u00f8rste: 500 mm<\/li>\n<li>Bredde for oppsug: 730 mm<\/li>\n<li>Antall b\u00f8rster: 1<\/li>\n<li>Rotasjonshastighet b\u00f8rste \/ pad: 160 rpm\u00a0<\/li>\n<li>Rentvannstank: 40 Liter\u00a0<\/li>\n<li>Skittenvannstank: 45 Liter\u00a0<\/li>\n<li>Rengj\u00f8ringskapasitet pr. rentvannstank: 1750\u00a0<span data-mce-fragment=\"1\">m\u00b2 \/time\u00a0m\u00b2<\/span>\n<\/li>\n<li><span data-mce-fragment=\"1\">Hastighet: 3,5 km\/t<\/span><\/li>\n<li>Driftsspenning: 24 volt<\/li>\n<li>Fremdrift:<\/li>\n<li>St\u00f8yniv\u00e5: 70 dB(A)<\/li>\n<li>Arbeidstid pr. opplading: 150 min\u00a0<\/li>\n<li>Batteri: BAAC00117 &#8211; 12V\/74Ah (C5) Volt\/Amp<\/li>\n<li>Forpakning: Kartong p\u00e5 pall<\/li>\n<li>Volum: 0,7\u00a0<span data-mce-fragment=\"1\">m\u00b3<\/span>\n<\/li>\n<li>CE verifisert: Ja<\/li>\n<li>B\u00f8rstetykk: 16\/25 kg<\/li>\n<li><span>Dimensjoner (LxBxH): 980x576x840-1280 mm<\/span><\/li>\n<li><span>Vekt uten batteri: 60 kg<\/span><\/li>\n<li><span>Vekt med batteri: 105 kg<\/span><\/li>\n<\/ul>\n<p><span><br \/><\/span><\/p>\n<\/div>\n<\/div>\n<\/div>\n<p><iframe title=\"IPC Gansow CT45 Walk Behind Scrubber Drier\" src=\"https:\/\/www.youtube.com\/embed\/EJd_Zf-mcA4\" height=\"227\" width=\"403\" allowfullscreen=\"\" allow=\"accelerometer; autoplay; clipboard-write; encrypted-media; gyroscope; picture-in-picture\" frameborder=\"0\"><\/iframe><\/p>\n","protected":false},"excerpt":{"rendered":"<p>Produktinformasjon CT45 er en brukervennlig batteridrevet gulvvaskemaskin.\u00a0CT45 BT50 er en maskin som har elektrisk\u00a0fremdrift.\u00a0Den fungerer utmerket p\u00e5 storkiosker, bensinstasjoner, butikker, m\u00f8te-og kontorlokaler. De er enkle i bruk og lette \u00e5 man\u00f8vrere. \u2022 Kompakt og sv\u00e6rt solid maskin med god t\u00f8rkeeffekt\u2022 Lite vedlikehold\u2022 Lang driftstid pga. 24 volt batteripakke\u2022 Komplett med lader og vedlikeholdsfrie batterier\u2022 Store [&hellip;]<\/p>\n","protected":false},"featured_media":409,"comment_status":"open","ping_status":"closed","template":"","meta":[],"product_brand":[],"product_cat":[48],"product_tag":[],"class_list":{"0":"post-581","1":"product","2":"type-product","3":"status-publish","4":"has-post-thumbnail","6":"product_cat-gulvvaske-maskiner","8":"first","9":"instock","10":"taxable","11":"shipping-taxable","12":"purchasable","13":"product-type-simple"},"ct_brands":[],"_links":{"self":[{"href":"https:\/\/stavanger-industri.no\/nb\/wp-json\/wp\/v2\/product\/581","targetHints":{"allow":["GET"]}}],"collection":[{"href":"https:\/\/stavanger-industri.no\/nb\/wp-json\/wp\/v2\/product"}],"about":[{"href":"https:\/\/stavanger-industri.no\/nb\/wp-json\/wp\/v2\/types\/product"}],"replies":[{"embeddable":true,"href":"https:\/\/stavanger-industri.no\/nb\/wp-json\/wp\/v2\/comments?post=581"}],"version-history":[{"count":0,"href":"https:\/\/stavanger-industri.no\/nb\/wp-json\/wp\/v2\/product\/581\/revisions"}],"wp:featuredmedia":[{"embeddable":true,"href":"https:\/\/stavanger-industri.no\/nb\/wp-json\/wp\/v2\/media\/409"}],"wp:attachment":[{"href":"https:\/\/stavanger-industri.no\/nb\/wp-json\/wp\/v2\/media?parent=581"}],"wp:term":[{"taxonomy":"product_brand","embeddable":true,"href":"https:\/\/stavanger-industri.no\/nb\/wp-json\/wp\/v2\/product_brand?post=581"},{"taxonomy":"product_cat","embeddable":true,"href":"https:\/\/stavanger-industri.no\/nb\/wp-json\/wp\/v2\/product_cat?post=581"},{"taxonomy":"product_tag","embeddable":true,"href":"https:\/\/stavanger-industri.no\/nb\/wp-json\/wp\/v2\/product_tag?post=581"}],"curies":[{"name":"wp","href":"https:\/\/api.w.org\/{rel}","templated":true}]}}