{"id":580,"date":"2025-03-08T18:42:14","date_gmt":"2025-03-08T18:42:14","guid":{"rendered":"https:\/\/stavanger-industri.no\/product\/ipc-gulvvaskemaskin-ga-bak-ct46-b50\/"},"modified":"2025-06-06T06:03:22","modified_gmt":"2025-06-06T06:03:22","slug":"ipc-gulvvaskemaskin-ga-bak-ct46-b50","status":"publish","type":"product","link":"https:\/\/stavanger-industri.no\/nb\/product\/ipc-gulvvaskemaskin-ga-bak-ct46-b50\/","title":{"rendered":"IPC Gulvvaskemaskin g\u00e5 bak CT46 B50"},"content":{"rendered":"<h2 class=\"d-none d-md-block mb-md-4\">Produktinformasjon<\/h2>\n<div id=\"product-info\" class=\"collapse show\">\n<div class=\"mb-5 mt-3 pb-4\">\n<p>CT46 gulvvasker har h\u00f8y oppsugningsevne takket v\u00e6re tre-trinns sugemotor og HD nal. Kompakt design, justerbare h\u00e5ndtak og langvarig batterier gj\u00f8r CT46 til den perfekte maskinen til \u00e5 arbeide i trange omr\u00e5der med en h\u00f8y produktivitet. Maskinen er i tillegg utstyrt med motorvern, batteribeskyttelse mot st\u00f8t, feilkodeindikator og skumbeskyttelse for sugemotor. Den har ogs\u00e5 mulighet for \u00e5 f\u00e5 innebygget kjemidosering. Ct46 er enkel \u00e5 vedlikeholde med gulmerkesystemet.<\/p>\n<h2 class=\"d-none d-md-block mb-md-4\">Teknisk data<\/h2>\n<ul>\n<li>Varenummer: 178122<\/li>\n<li>Valg av vaskesystem:<\/li>\n<li>Bredde for oppsug: 730 mm<\/li>\n<li>Antall b\u00f8rster: 1<\/li>\n<li>Rotasjonshastighet b\u00f8rste \/ pad: 155 rpm<\/li>\n<li>Rentvannstank: 40 Liter<\/li>\n<li>Skittenvannstank: 46 Liter<\/li>\n<li>Rengj\u00f8ringskapasitet: 1750 m\u00b2\/time<\/li>\n<li>Hastighet: 3,5 km\/t<\/li>\n<li>Driftsspenning: 24 volt<\/li>\n<li>Fremdrift: Mekanisk<\/li>\n<li>St\u00f8yniv\u00e5: 70 dB(A)<\/li>\n<li>Arbeidstid pr. opplading: 180 min<\/li>\n<li>Batteri: BAAC00105 &#8211; 12V \/ 105Ah ( C5 ) Volt\/Amp<\/li>\n<li>Forpakning: Kartong p\u00e5 pall<\/li>\n<li>CE sertifisert: Ja<\/li>\n<li>B\u00f8rstetrykk: 16\/25 kg<\/li>\n<li>Dimensjoner (LxBxH): 855x580x1220 mm<\/li>\n<li>Vekt uten batteri: 59 kg<\/li>\n<li>Vekt med batteri: 104 kg<\/li>\n<\/ul>\n<p>&nbsp;<\/p>\n<\/div>\n<\/div>\n<p><iframe title=\"CT46 EN 1080p\" src=\"https:\/\/www.youtube.com\/embed\/PDseby4s8e0\" width=\"403\" height=\"227\" frameborder=\"0\" allowfullscreen=\"allowfullscreen\"><\/iframe><\/p>\n","protected":false},"excerpt":{"rendered":"<p>Produktinformasjon CT46 gulvvasker har h\u00f8y oppsugningsevne takket v\u00e6re tre-trinns sugemotor og HD nal. Kompakt design, justerbare h\u00e5ndtak og langvarig batterier gj\u00f8r CT46 til den perfekte maskinen til \u00e5 arbeide i trange omr\u00e5der med en h\u00f8y produktivitet. Maskinen er i tillegg utstyrt med motorvern, batteribeskyttelse mot st\u00f8t, feilkodeindikator og skumbeskyttelse for sugemotor. Den har ogs\u00e5 mulighet [&hellip;]<\/p>\n","protected":false},"featured_media":408,"comment_status":"open","ping_status":"closed","template":"","meta":[],"product_brand":[],"product_cat":[85],"product_tag":[],"class_list":{"0":"post-580","1":"product","2":"type-product","3":"status-publish","4":"has-post-thumbnail","6":"product_cat-ga-bak-maskiner","8":"first","9":"instock","10":"sale","11":"taxable","12":"shipping-taxable","13":"purchasable","14":"product-type-simple"},"_links":{"self":[{"href":"https:\/\/stavanger-industri.no\/nb\/wp-json\/wp\/v2\/product\/580","targetHints":{"allow":["GET"]}}],"collection":[{"href":"https:\/\/stavanger-industri.no\/nb\/wp-json\/wp\/v2\/product"}],"about":[{"href":"https:\/\/stavanger-industri.no\/nb\/wp-json\/wp\/v2\/types\/product"}],"replies":[{"embeddable":true,"href":"https:\/\/stavanger-industri.no\/nb\/wp-json\/wp\/v2\/comments?post=580"}],"version-history":[{"count":1,"href":"https:\/\/stavanger-industri.no\/nb\/wp-json\/wp\/v2\/product\/580\/revisions"}],"predecessor-version":[{"id":1749,"href":"https:\/\/stavanger-industri.no\/nb\/wp-json\/wp\/v2\/product\/580\/revisions\/1749"}],"wp:featuredmedia":[{"embeddable":true,"href":"https:\/\/stavanger-industri.no\/nb\/wp-json\/wp\/v2\/media\/408"}],"wp:attachment":[{"href":"https:\/\/stavanger-industri.no\/nb\/wp-json\/wp\/v2\/media?parent=580"}],"wp:term":[{"taxonomy":"product_brand","embeddable":true,"href":"https:\/\/stavanger-industri.no\/nb\/wp-json\/wp\/v2\/product_brand?post=580"},{"taxonomy":"product_cat","embeddable":true,"href":"https:\/\/stavanger-industri.no\/nb\/wp-json\/wp\/v2\/product_cat?post=580"},{"taxonomy":"product_tag","embeddable":true,"href":"https:\/\/stavanger-industri.no\/nb\/wp-json\/wp\/v2\/product_tag?post=580"}],"curies":[{"name":"wp","href":"https:\/\/api.w.org\/{rel}","templated":true}]}}