{"id":575,"date":"2025-03-08T18:42:14","date_gmt":"2025-03-08T18:42:14","guid":{"rendered":"https:\/\/stavanger-industri.no\/product\/ipc-gulvvaskemaskin-ga-bak-ct71-xp70\/"},"modified":"2025-06-05T07:29:57","modified_gmt":"2025-06-05T07:29:57","slug":"ipc-gulvvaskemaskin-ga-bak-ct71-xp70","status":"publish","type":"product","link":"https:\/\/stavanger-industri.no\/nb\/product\/ipc-gulvvaskemaskin-ga-bak-ct71-xp70\/","title":{"rendered":"IPC Gulvvaskemaskin g\u00e5 bak CT71 XP70"},"content":{"rendered":"<h2 class=\"d-none d-md-block mb-md-4\" data-mce-fragment=\"1\">Produktinformasjon<\/h2>\n<div id=\"product-info\" class=\"collapse show\" data-mce-fragment=\"1\">\n<div class=\"mb-5 mt-3 pb-4\" data-mce-fragment=\"1\">\n<div data-mce-fragment=\"1\">\n<p data-mce-fragment=\"1\">IPC Foma sin nye CT71 serie er designet for total kontroll av rengj\u00f8ringen din. CT71 er meget stilleg\u00e5ende, med kun 54dB i eco modus, dette gj\u00f8r maskinen meget godt egnet til f.eks skoler, sykehus, sykehjem, butikker m.fl. samtidig er maskinen solid bygget slik at i industrien er ogs\u00e5 dette et sted maskinen h\u00f8rer hjemme.<\/p>\n<p data-mce-fragment=\"1\">Med gode ergonomiske l\u00f8sninger og enkel betjening, gj\u00f8r dette CT71 til en meget god maskin \u00e5 benytte. Alle daglige servicepunkter er i gult materiale. Med et stor lokk p\u00e5 skittenvannstanken og et innvendig design som gj\u00f8r rengj\u00f8ring av tanken meget enkel.<\/p>\n<p data-mce-fragment=\"1\">CT71 XP70 har utskiftbart b\u00f8rstehode, dette letter blant annet n\u00e5r det skal v\u00e6re service p\u00e5 b\u00f8rstehodet. Det er mulig \u00e5 bytte mellom 5 forskjellige b\u00f8rstehoder p\u00e5 samme maskin. Maskinen har ogs\u00e5 elektronisk hev og senk p\u00e5 b\u00f8rste, noe som gj\u00f8r den enklere \u00e5 bruke i tillegg til at du kan regulere b\u00f8rstetrykket.<\/p>\n<h2 class=\"d-none d-md-block mb-md-4\">Teknisk data<\/h2>\n<ul>\n<li>Varenummer: 178059<\/li>\n<li>Valg av vaskesystem:<\/li>\n<li>Vaskebredde: 700 mm<\/li>\n<li>Bredde for oppsug: 1010 mm<\/li>\n<li>Antall b\u00f8rster: 2<\/li>\n<li>Rentvannstank: 70 Liter<\/li>\n<li>Skittenvannstank: 70 Liter<\/li>\n<li>Rengj\u00f8ringskapasitet: 3150 m\u00b2\/time<\/li>\n<li>Hastighet: 4,5 km\/t<\/li>\n<li>Driftsspenning: 24 volt<\/li>\n<li>Fremdrift: Elektronisk<\/li>\n<li>Roterende vaskeb\u00f8rste: 220 rpm<\/li>\n<li>Vannmengderegulering: Elektronisk + magnetventil<\/li>\n<li>Arbeidstid pr. opplading: 210 min<\/li>\n<li>Batteri: BAAC00105 &#8211; 12V \/ 105Ah ( C5 ) Volt\/Amp<\/li>\n<li>Forpakning: Kartong p\u00e5 pall<\/li>\n<li>CE sertifisert: Ja<\/li>\n<li>B\u00f8rstetrykk: 31 kg<\/li>\n<li>Dimensjoner (LxBxH): 1297x753x1033 mm<\/li>\n<li>Vekt uten batteri: 101,4 kg<\/li>\n<li>Vekt med batteri: 189,4 kg<\/li>\n<\/ul>\n<\/div>\n<\/div>\n<\/div>\n<p><iframe title=\"CT51 71 VIDEO ENG\" src=\"https:\/\/www.youtube.com\/embed\/puyrbkbu5qI\" width=\"403\" height=\"227\" frameborder=\"0\" allowfullscreen=\"allowfullscreen\"><\/iframe><\/p>\n","protected":false},"excerpt":{"rendered":"<p>Produktinformasjon IPC Foma sin nye CT71 serie er designet for total kontroll av rengj\u00f8ringen din. CT71 er meget stilleg\u00e5ende, med kun 54dB i eco modus, dette gj\u00f8r maskinen meget godt egnet til f.eks skoler, sykehus, sykehjem, butikker m.fl. samtidig er maskinen solid bygget slik at i industrien er ogs\u00e5 dette et sted maskinen h\u00f8rer hjemme. [&hellip;]<\/p>\n","protected":false},"featured_media":406,"comment_status":"open","ping_status":"closed","template":"","meta":[],"product_brand":[],"product_cat":[85],"product_tag":[],"class_list":{"0":"post-575","1":"product","2":"type-product","3":"status-publish","4":"has-post-thumbnail","6":"product_cat-ga-bak-maskiner","8":"first","9":"instock","10":"sale","11":"taxable","12":"shipping-taxable","13":"purchasable","14":"product-type-simple"},"_links":{"self":[{"href":"https:\/\/stavanger-industri.no\/nb\/wp-json\/wp\/v2\/product\/575","targetHints":{"allow":["GET"]}}],"collection":[{"href":"https:\/\/stavanger-industri.no\/nb\/wp-json\/wp\/v2\/product"}],"about":[{"href":"https:\/\/stavanger-industri.no\/nb\/wp-json\/wp\/v2\/types\/product"}],"replies":[{"embeddable":true,"href":"https:\/\/stavanger-industri.no\/nb\/wp-json\/wp\/v2\/comments?post=575"}],"version-history":[{"count":1,"href":"https:\/\/stavanger-industri.no\/nb\/wp-json\/wp\/v2\/product\/575\/revisions"}],"predecessor-version":[{"id":1711,"href":"https:\/\/stavanger-industri.no\/nb\/wp-json\/wp\/v2\/product\/575\/revisions\/1711"}],"wp:featuredmedia":[{"embeddable":true,"href":"https:\/\/stavanger-industri.no\/nb\/wp-json\/wp\/v2\/media\/406"}],"wp:attachment":[{"href":"https:\/\/stavanger-industri.no\/nb\/wp-json\/wp\/v2\/media?parent=575"}],"wp:term":[{"taxonomy":"product_brand","embeddable":true,"href":"https:\/\/stavanger-industri.no\/nb\/wp-json\/wp\/v2\/product_brand?post=575"},{"taxonomy":"product_cat","embeddable":true,"href":"https:\/\/stavanger-industri.no\/nb\/wp-json\/wp\/v2\/product_cat?post=575"},{"taxonomy":"product_tag","embeddable":true,"href":"https:\/\/stavanger-industri.no\/nb\/wp-json\/wp\/v2\/product_tag?post=575"}],"curies":[{"name":"wp","href":"https:\/\/api.w.org\/{rel}","templated":true}]}}