{"id":571,"date":"2025-03-08T18:42:13","date_gmt":"2025-03-08T18:42:13","guid":{"rendered":"https:\/\/stavanger-industri.no\/product\/ipc-gulvvaskemaskin-ct80-bt60\/"},"modified":"2025-03-08T18:42:13","modified_gmt":"2025-03-08T18:42:13","slug":"ipc-gulvvaskemaskin-ct80-bt60","status":"publish","type":"product","link":"https:\/\/stavanger-industri.no\/nb\/product\/ipc-gulvvaskemaskin-ct80-bt60\/","title":{"rendered":"IPC Gulvvaskemaskin CT80 BT60"},"content":{"rendered":"<h2 data-mce-fragment=\"1\" class=\"d-none d-md-block mb-md-4\">Produktinformasjon<\/h2>\n<div data-mce-fragment=\"1\" class=\"collapse show\" id=\"product-info\">\n<div data-mce-fragment=\"1\" class=\"mb-5 mt-3 pb-4\">\n<div data-mce-fragment=\"1\">\n<p data-mce-fragment=\"1\"><span data-mce-fragment=\"1\">CT80 BT60 er en sittbar gulvvaskemaskin med h\u00f8y effektivitet. Maskinen har rentvannstank p\u00e5 hele 78,5 liter og skittenvannstank p\u00e5 80 liter som gir lang operasjonstid. Den er selvg\u00e5ende, og har trinnl\u00f8s hastighetsregulering p\u00e5 drift forover og bakover. Ettersyn av batterier, filtre og slanger er sv\u00e6rt enkelt, fordi hele karosseriet kan vippes bakover. \u00a0Maskinen har standard programmert 3 stk. vaskeprogram med mulighet for ytterligere et program med kjemidoseringssystem. 1-standard, 2-automatic, 3-economy og 4-chem-dose. Dette gj\u00f8r maskinen meget enkel i bruk. Sammen med den patenterte sugenalen, vasker og t\u00f8rker maskinen alle typer gulvflater sv\u00e6rt godt. Eks. betonggulv, marmor, keramikkfliser, linoleum, gummi og tregulv. CT80 BT60 er en perfekt maskin for butikker, kontorer, skoler, hoteller, kirker, rengj\u00f8ringsbyr\u00e5er, industribedrifter, osv. Rengj\u00f8ringskapasiteten er velegnet for mellomstore arealer.<\/span><\/p>\n<h2 class=\"d-none d-md-block mb-md-4\">Teknisk data<\/h2>\n<ul>\n<li><span>Varenummer: 178091<\/span><\/li>\n<li><span>Valg av vaskesystem:<\/span><\/li>\n<li><span>Vaskebredde: 614 mm<\/span><\/li>\n<li><span>Bredde for oppsug: 942 mm<\/span><\/li>\n<li><span>Antall b\u00f8rster: 2<\/span><\/li>\n<li><span>Rotasjonshastighet b\u00f8rste \/ pad: 220 rpm<\/span><\/li>\n<li><span>Rentvannstank: 80 Liter<\/span><\/li>\n<li><span>Skittenvannstank: 83 Liter<\/span><\/li>\n<li><span>Rengj\u00f8ringskapasitet: 3684 m\u00b2\/time<\/span><\/li>\n<li><span>Hastighet: 6 km\/t<\/span><\/li>\n<li><span>Driftsspenning: 24 volt<\/span><\/li>\n<li><span>Fremdrift: Elektronisk<\/span><\/li>\n<li><span>L\u00f8fting av vaskeb\u00f8rste: Automatisk<\/span><\/li>\n<li><span>Vannmengderegulering: Elektronisk + magnetventil<\/span><\/li>\n<li><span>St\u00f8yniv\u00e5: 65 dB(A)<\/span><\/li>\n<li><span>Arbeidstid pr. opplading: 240 min<\/span><\/li>\n<li><span>Batteri: BAAC00106 &#8211; 6V \/ 180Ah (C5) Volt\/Amp<\/span><\/li>\n<li><span>Forpakning: Kartong p\u00e5 pall<\/span><\/li>\n<li><span>Volum: 1,31 m\u00b3<\/span><\/li>\n<li><span>CE sertifisert: Ja<\/span><\/li>\n<li><span>B\u00f8rstetrykk: 50 kg<\/span><\/li>\n<li><span>Dimensjoner (LxBxH): 1310x675x1030 mm<\/span><\/li>\n<li><span>Vekt uten batteri: 134 kg<\/span><\/li>\n<li><span>Vekt med batteri: 203 kg<\/span><\/li>\n<\/ul>\n<p>\u00a0<\/p>\n<\/div>\n<\/div>\n<\/div>\n<p><iframe title=\"CT80 EN 1080p\" src=\"https:\/\/www.youtube.com\/embed\/7TebZ_6Xv5M\" height=\"227\" width=\"403\" allowfullscreen=\"\" allow=\"accelerometer; autoplay; clipboard-write; encrypted-media; gyroscope; picture-in-picture\" frameborder=\"0\"><\/iframe><\/p>\n","protected":false},"excerpt":{"rendered":"<p>Produktinformasjon CT80 BT60 er en sittbar gulvvaskemaskin med h\u00f8y effektivitet. Maskinen har rentvannstank p\u00e5 hele 78,5 liter og skittenvannstank p\u00e5 80 liter som gir lang operasjonstid. Den er selvg\u00e5ende, og har trinnl\u00f8s hastighetsregulering p\u00e5 drift forover og bakover. Ettersyn av batterier, filtre og slanger er sv\u00e6rt enkelt, fordi hele karosseriet kan vippes bakover. \u00a0Maskinen har [&hellip;]<\/p>\n","protected":false},"featured_media":405,"comment_status":"open","ping_status":"closed","template":"","meta":[],"product_brand":[],"product_cat":[48],"product_tag":[],"class_list":{"0":"post-571","1":"product","2":"type-product","3":"status-publish","4":"has-post-thumbnail","6":"product_cat-gulvvaske-maskiner","8":"first","9":"instock","10":"taxable","11":"shipping-taxable","12":"purchasable","13":"product-type-simple"},"ct_brands":[],"_links":{"self":[{"href":"https:\/\/stavanger-industri.no\/nb\/wp-json\/wp\/v2\/product\/571","targetHints":{"allow":["GET"]}}],"collection":[{"href":"https:\/\/stavanger-industri.no\/nb\/wp-json\/wp\/v2\/product"}],"about":[{"href":"https:\/\/stavanger-industri.no\/nb\/wp-json\/wp\/v2\/types\/product"}],"replies":[{"embeddable":true,"href":"https:\/\/stavanger-industri.no\/nb\/wp-json\/wp\/v2\/comments?post=571"}],"version-history":[{"count":0,"href":"https:\/\/stavanger-industri.no\/nb\/wp-json\/wp\/v2\/product\/571\/revisions"}],"wp:featuredmedia":[{"embeddable":true,"href":"https:\/\/stavanger-industri.no\/nb\/wp-json\/wp\/v2\/media\/405"}],"wp:attachment":[{"href":"https:\/\/stavanger-industri.no\/nb\/wp-json\/wp\/v2\/media?parent=571"}],"wp:term":[{"taxonomy":"product_brand","embeddable":true,"href":"https:\/\/stavanger-industri.no\/nb\/wp-json\/wp\/v2\/product_brand?post=571"},{"taxonomy":"product_cat","embeddable":true,"href":"https:\/\/stavanger-industri.no\/nb\/wp-json\/wp\/v2\/product_cat?post=571"},{"taxonomy":"product_tag","embeddable":true,"href":"https:\/\/stavanger-industri.no\/nb\/wp-json\/wp\/v2\/product_tag?post=571"}],"curies":[{"name":"wp","href":"https:\/\/api.w.org\/{rel}","templated":true}]}}