{"id":566,"date":"2025-03-08T18:42:13","date_gmt":"2025-03-08T18:42:13","guid":{"rendered":"https:\/\/stavanger-industri.no\/product\/ipc-gulvvaskemaskin-ct15-b35-roller\/"},"modified":"2025-03-08T18:42:13","modified_gmt":"2025-03-08T18:42:13","slug":"ipc-gulvvaskemaskin-ct15-b35-roller","status":"publish","type":"product","link":"https:\/\/stavanger-industri.no\/nb\/product\/ipc-gulvvaskemaskin-ct15-b35-roller\/","title":{"rendered":"IPC Gulvvaskemaskin CT15 B35 Roller"},"content":{"rendered":"<h2 class=\"d-none d-md-block mb-md-4\" data-mce-fragment=\"1\">Produktinformasjon<\/h2>\n<div id=\"product-info\" class=\"collapse show\" data-mce-fragment=\"1\">\n<div class=\"mb-5 mt-3 pb-4\" data-mce-fragment=\"1\">\n<div data-mce-fragment=\"1\">\n<p data-mce-fragment=\"1\">CT15 B35 er en profesjonell gulvvaskemaskin fra IPC Foma. Den er enkel \u00e5 bruke og lett \u00e5 man\u00f8vrere. Den har ekstremt lav kostnad per kvadratmeter, og krever lite vedlikehold. Den er satt sammen av materialer som er sv\u00e6rt rustbestandige, og tankene og karosseriet er av polyethylenplast. B\u00f8steskift kan utf\u00f8res uten bruk av verkt\u00f8y. CT15 B35 leveres med 2 x 12 volts batterier som gir en meget lang driftstid i forhold til andre maskiner. Den elektroniske batteriladeren s\u00f8rger for sikker og optimal ladesyklus. Maskinens konstruksjon gj\u00f8r den meget enkel \u00e5 betjene. CT15 Roller versjon kan brukes p\u00e5 harde gulv og tepper. Maskinen kan enkelt byttes om fra hardt gulv til teppe versjon p\u00e5 et minutt med et injeksjon-utvinnings rensesystem. Et ekstra valgfritt sugeslange verkt\u00f8y tillater rengj\u00f8ring av sofaer, lenestoler og p\u00e5 andre flater.<\/p>\n<h2 class=\"d-none d-md-block mb-md-4\">Teknisk data<\/h2>\n<ul>\n<li><span>Varenummer: 178141<\/span><\/li>\n<li><span>Valg av vaskesystem: Sylinder B\u00f8rste<\/span><\/li>\n<li><span>Arbeidsbredde b\u00f8rste: 360 mm<\/span><\/li>\n<li><span>Bredde for oppsug: 430 mm<\/span><\/li>\n<li><span>Antall b\u00f8rster: 2<\/span><\/li>\n<li><span>Rotasjonshastighet b\u00f8rste \/ pad: 1120 rpm<\/span><\/li>\n<li><span>Rentvannstank: 15,5 Liter<\/span><\/li>\n<li><span>Skittenvannstank: 19 Liter<\/span><\/li>\n<li><span>Vannforbruk: Manuell ltr\/min<\/span><\/li>\n<li><span>Rengj\u00f8ringskapasitet: 1225 m\u00b2\/time<\/span><\/li>\n<li><span>Hastighet: 3,5 km\/t<\/span><\/li>\n<li><span>Driftsspenning: 24 volt<\/span><\/li>\n<li><span>Fremdrift: Mekanisk<\/span><\/li>\n<li><span>L\u00f8fting av vaskeb\u00f8rste: Manuell<\/span><\/li>\n<li><span>Vannmengderegulering: Manuell<\/span><\/li>\n<li><span>St\u00f8yniv\u00e5: 72 dB(A)<\/span><\/li>\n<li><span>Arbeidstid pr. opplading: 70 min<\/span><\/li>\n<li><span>Batteri: BAAC00114 &#8211; 12V \/ 29Ah ( C5 ) Volt\/Amp<\/span><\/li>\n<li><span>Forpakning: Kartong p\u00e5 pall<\/span><\/li>\n<li><span>CE sertifisert: Ja<\/span><\/li>\n<li><span>B\u00f8rstetrykk: 16 kg<\/span><\/li>\n<li><span>Dimensjoner (LxBxH): 701x435x1200 mm<\/span><\/li>\n<li><span>Vekt: 60 kg<\/span><\/li>\n<\/ul>\n<p>\u00a0<\/p>\n<\/div>\n<\/div>\n<\/div>\n<p><iframe width=\"403\" height=\"227\" src=\"https:\/\/www.youtube.com\/embed\/sY9lfsuAEHQ\" title=\"CT15R battery-powered roller brush scrubber\" frameborder=\"0\" allow=\"accelerometer; autoplay; clipboard-write; encrypted-media; gyroscope; picture-in-picture\" allowfullscreen><\/iframe><\/p>\n","protected":false},"excerpt":{"rendered":"<p>Produktinformasjon CT15 B35 er en profesjonell gulvvaskemaskin fra IPC Foma. Den er enkel \u00e5 bruke og lett \u00e5 man\u00f8vrere. Den har ekstremt lav kostnad per kvadratmeter, og krever lite vedlikehold. Den er satt sammen av materialer som er sv\u00e6rt rustbestandige, og tankene og karosseriet er av polyethylenplast. B\u00f8steskift kan utf\u00f8res uten bruk av verkt\u00f8y. CT15 [&hellip;]<\/p>\n","protected":false},"featured_media":403,"comment_status":"open","ping_status":"closed","template":"","meta":[],"product_brand":[],"product_cat":[48],"product_tag":[],"class_list":{"0":"post-566","1":"product","2":"type-product","3":"status-publish","4":"has-post-thumbnail","6":"product_cat-gulvvaske-maskiner","8":"first","9":"instock","10":"taxable","11":"shipping-taxable","12":"purchasable","13":"product-type-simple"},"ct_brands":[],"_links":{"self":[{"href":"https:\/\/stavanger-industri.no\/nb\/wp-json\/wp\/v2\/product\/566","targetHints":{"allow":["GET"]}}],"collection":[{"href":"https:\/\/stavanger-industri.no\/nb\/wp-json\/wp\/v2\/product"}],"about":[{"href":"https:\/\/stavanger-industri.no\/nb\/wp-json\/wp\/v2\/types\/product"}],"replies":[{"embeddable":true,"href":"https:\/\/stavanger-industri.no\/nb\/wp-json\/wp\/v2\/comments?post=566"}],"version-history":[{"count":0,"href":"https:\/\/stavanger-industri.no\/nb\/wp-json\/wp\/v2\/product\/566\/revisions"}],"wp:featuredmedia":[{"embeddable":true,"href":"https:\/\/stavanger-industri.no\/nb\/wp-json\/wp\/v2\/media\/403"}],"wp:attachment":[{"href":"https:\/\/stavanger-industri.no\/nb\/wp-json\/wp\/v2\/media?parent=566"}],"wp:term":[{"taxonomy":"product_brand","embeddable":true,"href":"https:\/\/stavanger-industri.no\/nb\/wp-json\/wp\/v2\/product_brand?post=566"},{"taxonomy":"product_cat","embeddable":true,"href":"https:\/\/stavanger-industri.no\/nb\/wp-json\/wp\/v2\/product_cat?post=566"},{"taxonomy":"product_tag","embeddable":true,"href":"https:\/\/stavanger-industri.no\/nb\/wp-json\/wp\/v2\/product_tag?post=566"}],"curies":[{"name":"wp","href":"https:\/\/api.w.org\/{rel}","templated":true}]}}