{"id":565,"date":"2025-03-08T18:42:13","date_gmt":"2025-03-08T18:42:13","guid":{"rendered":"https:\/\/stavanger-industri.no\/product\/ipc-gulvvaskemaskin-ct51-xp55-roller\/"},"modified":"2025-03-08T18:42:13","modified_gmt":"2025-03-08T18:42:13","slug":"ipc-gulvvaskemaskin-ct51-xp55-roller","status":"publish","type":"product","link":"https:\/\/stavanger-industri.no\/nb\/product\/ipc-gulvvaskemaskin-ct51-xp55-roller\/","title":{"rendered":"IPC Gulvvaskemaskin CT51 XP55 Roller"},"content":{"rendered":"<h2 class=\"d-none d-md-block mb-md-4\" data-mce-fragment=\"1\">Produktinformasjon<\/h2>\n<div id=\"product-info\" class=\"collapse show\" data-mce-fragment=\"1\">\n<div class=\"mb-5 mt-3 pb-4\" data-mce-fragment=\"1\">\n<div data-mce-fragment=\"1\">\n<p data-mce-fragment=\"1\">IPC Foma sin nye CT51 serie er designet for total kontroll av rengj\u00f8ringen din. CT51 er meget stilleg\u00e5ende, med kun 54dB i eco modus. Maskinen er meget godt egnet til f.eks lager, verksteder, skoler, sykehus, sykehjem, butikker m.fl.\u00a0<\/p>\n<p data-mce-fragment=\"1\">Med gode ergonomiske l\u00f8sninger og enkel betjening, gj\u00f8r dette CT51 til en meget god maskin \u00e5 benytte. Alle daglige servicepunkter er i gult materiale. Med et stor lokk p\u00e5 skittenvannstanken og et innvendig design som gj\u00f8r rengj\u00f8ring av tanken meget enkel.<\/p>\n<p data-mce-fragment=\"1\">CT51 XP55R har utskiftbart b\u00f8rstehode, dette letter blant annet n\u00e5r det skal v\u00e6re service p\u00e5 b\u00f8rstehodet. Det er mulig \u00e5 bytte mellom 4 forskjellige b\u00f8rstehoder p\u00e5 samme maskin. Maskinen har ogs\u00e5 elektronisk hev og senk p\u00e5 b\u00f8rste, noe som gj\u00f8r den enklere \u00e5 bruke i tillegg til at du kan regulere b\u00f8rstetrykket. CT51 XP55R har 2 stk. 550mm brede sylinderb\u00f8rster som egner seg spesielt bra p\u00e5 ujevne gulv og p\u00e5 steder hvor det finnes pallerester, skruer, grus, sand etc. Dette samler seg i en avfallskuff slik at man slipper \u00e5 f\u00e5 s\u00e5 mye i skittenvannstasnken.<\/p>\n<h2 class=\"d-none d-md-block mb-md-4\">Teknisk data<\/h2>\n<ul>\n<li><span>Varenummer: 178069<\/span><\/li>\n<li><span>Valg av vaskesystem: Sylinder B\u00f8rste<\/span><\/li>\n<li><span>Vaskebredde: 550 mm<\/span><\/li>\n<li><span>Bredde for oppsug: 816 mm<\/span><\/li>\n<li><span>Antall b\u00f8rster: 2<\/span><\/li>\n<li><span>Rotasjonshastighet b\u00f8rste \/ pad: 1360 rpm<\/span><\/li>\n<li><span>Rentvannstank: 50 Liter<\/span><\/li>\n<li><span>Skittenvannstank: 53 Liter<\/span><\/li>\n<li><span>Rengj\u00f8ringskapasitet: 2475 m\u00b2\/time<\/span><\/li>\n<li><span>Hastighet: 4,5 km\/t<\/span><\/li>\n<li><span>Driftsspenning: 24 volt<\/span><\/li>\n<li><span>Fremdrift: Elektronisk<\/span><\/li>\n<li><span>L\u00f8fting av vaskeb\u00f8rste: Elektronisk<\/span><\/li>\n<li><span>Vannmengderegulering: Elektronisk + magnetventil<\/span><\/li>\n<li><span>Arbeidstid pr. opplading: 210 min<\/span><\/li>\n<li><span>Batteri: BAAC00105 &#8211; 12V \/ 105Ah ( C5 ) Volt\/Amp<\/span><\/li>\n<li><span>Forpakning: Kartong p\u00e5 pall<\/span><\/li>\n<li><span>CE sertifisert: Ja<\/span><\/li>\n<li><span>B\u00f8rstetrykk: 18 kg<\/span><\/li>\n<li><span>Dimensjoner (LxBxH): 1329x563x1033 mm<\/span><\/li>\n<li><span>Vekt uten batteri: 107 kg<\/span><\/li>\n<li><span>Vekt med batteri: 190 kg<\/span><\/li>\n<\/ul>\n<p>\u00a0<\/p>\n<\/div>\n<\/div>\n<\/div>\n<p><iframe width=\"403\" height=\"227\" src=\"https:\/\/www.youtube.com\/embed\/puyrbkbu5qI\" title=\"CT51 71 VIDEO ENG\" frameborder=\"0\" allow=\"accelerometer; autoplay; clipboard-write; encrypted-media; gyroscope; picture-in-picture\" allowfullscreen><\/iframe><\/p>\n","protected":false},"excerpt":{"rendered":"<p>Produktinformasjon IPC Foma sin nye CT51 serie er designet for total kontroll av rengj\u00f8ringen din. CT51 er meget stilleg\u00e5ende, med kun 54dB i eco modus. Maskinen er meget godt egnet til f.eks lager, verksteder, skoler, sykehus, sykehjem, butikker m.fl.\u00a0 Med gode ergonomiske l\u00f8sninger og enkel betjening, gj\u00f8r dette CT51 til en meget god maskin \u00e5 [&hellip;]<\/p>\n","protected":false},"featured_media":402,"comment_status":"open","ping_status":"closed","template":"","meta":[],"product_brand":[],"product_cat":[48],"product_tag":[],"class_list":{"0":"post-565","1":"product","2":"type-product","3":"status-publish","4":"has-post-thumbnail","6":"product_cat-gulvvaske-maskiner","8":"first","9":"instock","10":"taxable","11":"shipping-taxable","12":"purchasable","13":"product-type-simple"},"ct_brands":[],"_links":{"self":[{"href":"https:\/\/stavanger-industri.no\/nb\/wp-json\/wp\/v2\/product\/565","targetHints":{"allow":["GET"]}}],"collection":[{"href":"https:\/\/stavanger-industri.no\/nb\/wp-json\/wp\/v2\/product"}],"about":[{"href":"https:\/\/stavanger-industri.no\/nb\/wp-json\/wp\/v2\/types\/product"}],"replies":[{"embeddable":true,"href":"https:\/\/stavanger-industri.no\/nb\/wp-json\/wp\/v2\/comments?post=565"}],"version-history":[{"count":0,"href":"https:\/\/stavanger-industri.no\/nb\/wp-json\/wp\/v2\/product\/565\/revisions"}],"wp:featuredmedia":[{"embeddable":true,"href":"https:\/\/stavanger-industri.no\/nb\/wp-json\/wp\/v2\/media\/402"}],"wp:attachment":[{"href":"https:\/\/stavanger-industri.no\/nb\/wp-json\/wp\/v2\/media?parent=565"}],"wp:term":[{"taxonomy":"product_brand","embeddable":true,"href":"https:\/\/stavanger-industri.no\/nb\/wp-json\/wp\/v2\/product_brand?post=565"},{"taxonomy":"product_cat","embeddable":true,"href":"https:\/\/stavanger-industri.no\/nb\/wp-json\/wp\/v2\/product_cat?post=565"},{"taxonomy":"product_tag","embeddable":true,"href":"https:\/\/stavanger-industri.no\/nb\/wp-json\/wp\/v2\/product_tag?post=565"}],"curies":[{"name":"wp","href":"https:\/\/api.w.org\/{rel}","templated":true}]}}