{"id":563,"date":"2025-03-08T18:42:12","date_gmt":"2025-03-08T18:42:12","guid":{"rendered":"https:\/\/stavanger-industri.no\/product\/ipc-gulvvaskemaskin-ct110-bt70-roller\/"},"modified":"2025-03-08T18:42:12","modified_gmt":"2025-03-08T18:42:12","slug":"ipc-gulvvaskemaskin-ct110-bt70-roller","status":"publish","type":"product","link":"https:\/\/stavanger-industri.no\/nb\/product\/ipc-gulvvaskemaskin-ct110-bt70-roller\/","title":{"rendered":"IPC Gulvvaskemaskin CT110 BT70 Roller"},"content":{"rendered":"<h2 class=\"d-none d-md-block mb-md-4\" data-mce-fragment=\"1\">Produktinformasjon<\/h2>\n<div id=\"product-info\" class=\"collapse show\" data-mce-fragment=\"1\">\n<div class=\"mb-5 mt-3 pb-4\" data-mce-fragment=\"1\">\n<div data-mce-fragment=\"1\">\n<p data-mce-fragment=\"1\"><span data-mce-fragment=\"1\">CT110 BT70 Roller er en sittbar gulvvaskemaskin med h\u00f8y effektivitet. Maskinen har en rentvannstank p\u00e5 95 liter og skittenvanntank p\u00e5 100 liter. Maskinen er selvg\u00e5ende, og har trinnl\u00f8s hastighetsregulering p\u00e5 drift forover og bakover. P\u00e5 CT160 BT75 Roller er trykket p\u00e5 skureb\u00f8rstene fast innstilt i de 3 programmene, men dette kan regulerers i programvaren. Ettersyn av batterier, filtre og slanger er sv\u00e6rt enkel, fordi hele karosseriet kan vippes bakover. Karosseriet er i slagfast polypropylenplast.\u00a0Maskinene har standard programmert 3 stk. vaskeprogram med mulighet for ytterligere et program med kjemi-doseringssystem. 1-standard hvor b\u00f8rstetrykk og vannmengde er forh\u00e5ndsprogrammert (kan justeres), 2-automatic hvor b\u00f8rstetrykk og vannmengde automatisk justeres seg etter hastighet (kan justeres), 3-economy hvor maskinen bruker minimalt med vann (kan justeres) og 4-chem-dose hvor b\u00f8rstetrykk og vannmengde automatisk justeres seg etter hastighet (kan justeres) og hvor maskinen automatisk blander inn riktig mengde vaskemiddel med vann.\u00a0Under kj\u00f8ring i de overnevnte programmer s\u00e5 kan vannmengden trinnl\u00f8st reguleres. B\u00f8rster, sugemotor og p\u00e5legging av vann\/vaskemiddel stopper automatisk n\u00e5r maskinen stopper. Dette gj\u00f8r maskinen meget enkel i bruk.<\/span><\/p>\n<h2 class=\"d-none d-md-block mb-md-4\">Teknisk data<\/h2>\n<ul>\n<li><span>Varenummer: 178058<\/span><\/li>\n<li><span>Valg av vaskesystem: Sylinder B\u00f8rste<\/span><\/li>\n<li><span>Vaskebredde: 700 mm<\/span><\/li>\n<li><span>Bredde for oppsug: 1010 mm<\/span><\/li>\n<li><span>Antall b\u00f8rster: 2<\/span><\/li>\n<li><span>Rotasjonshastighet b\u00f8rste \/ pad: 880 rpm<\/span><\/li>\n<li><span>Rentvannstank: 110 Liter<\/span><\/li>\n<li><span>Skittenvannstank: 115 Liter<\/span><\/li>\n<li><span>Rengj\u00f8ringskapasitet: 4550 m\u00b2\/t<\/span><\/li>\n<li><span>Hastighet: 6,5 km\/t<\/span><\/li>\n<li><span>Driftsspenning: 24 volt<\/span><\/li>\n<li><span>Fremdrift: Elektronisk<\/span><\/li>\n<li><span>L\u00f8fting av vaskeb\u00f8rste: Elektronisk<\/span><\/li>\n<li><span>Vannmengderegulering: Elektronisk + magnetventil<\/span><\/li>\n<li><span>St\u00f8yniv\u00e5: 69 dB(A)<\/span><\/li>\n<li><span>Arbeidstid pr. opplading: 240 min<\/span><\/li>\n<li><span>Batteri: BAAC00106 &#8211; 6V \/ 180Ah (C5) Volt\/Amp<\/span><\/li>\n<li><span>Forpakning: Kartong p\u00e5 pall<\/span><\/li>\n<li><span>Volum: 2,12 m\u00b3<\/span><\/li>\n<li><span>CE sertifisert: Ja<\/span><\/li>\n<li><span>B\u00f8rstetrykk: 23,5 kg<\/span><\/li>\n<li><span>Dimensjoner (LxBxH): 1504x830x1201 mm<\/span><\/li>\n<li><span>Vekt uten batteri: 217 kg<\/span><\/li>\n<li><span>Vekt med batteri: 339 kg<\/span><\/li>\n<\/ul>\n<p>\u00a0<\/p>\n<\/div>\n<\/div>\n<\/div>\n<p><iframe width=\"403\" height=\"227\" src=\"https:\/\/www.youtube.com\/embed\/3v5psTJiAGg\" title=\"CT110 160 230 Video Range\" frameborder=\"0\" allow=\"accelerometer; autoplay; clipboard-write; encrypted-media; gyroscope; picture-in-picture\" allowfullscreen><\/iframe><\/p>\n","protected":false},"excerpt":{"rendered":"<p>Produktinformasjon CT110 BT70 Roller er en sittbar gulvvaskemaskin med h\u00f8y effektivitet. Maskinen har en rentvannstank p\u00e5 95 liter og skittenvanntank p\u00e5 100 liter. Maskinen er selvg\u00e5ende, og har trinnl\u00f8s hastighetsregulering p\u00e5 drift forover og bakover. P\u00e5 CT160 BT75 Roller er trykket p\u00e5 skureb\u00f8rstene fast innstilt i de 3 programmene, men dette kan regulerers i programvaren. [&hellip;]<\/p>\n","protected":false},"featured_media":401,"comment_status":"open","ping_status":"closed","template":"","meta":[],"product_brand":[],"product_cat":[48],"product_tag":[],"class_list":{"0":"post-563","1":"product","2":"type-product","3":"status-publish","4":"has-post-thumbnail","6":"product_cat-gulvvaske-maskiner","8":"first","9":"instock","10":"taxable","11":"shipping-taxable","12":"purchasable","13":"product-type-simple"},"ct_brands":[],"_links":{"self":[{"href":"https:\/\/stavanger-industri.no\/nb\/wp-json\/wp\/v2\/product\/563","targetHints":{"allow":["GET"]}}],"collection":[{"href":"https:\/\/stavanger-industri.no\/nb\/wp-json\/wp\/v2\/product"}],"about":[{"href":"https:\/\/stavanger-industri.no\/nb\/wp-json\/wp\/v2\/types\/product"}],"replies":[{"embeddable":true,"href":"https:\/\/stavanger-industri.no\/nb\/wp-json\/wp\/v2\/comments?post=563"}],"version-history":[{"count":0,"href":"https:\/\/stavanger-industri.no\/nb\/wp-json\/wp\/v2\/product\/563\/revisions"}],"wp:featuredmedia":[{"embeddable":true,"href":"https:\/\/stavanger-industri.no\/nb\/wp-json\/wp\/v2\/media\/401"}],"wp:attachment":[{"href":"https:\/\/stavanger-industri.no\/nb\/wp-json\/wp\/v2\/media?parent=563"}],"wp:term":[{"taxonomy":"product_brand","embeddable":true,"href":"https:\/\/stavanger-industri.no\/nb\/wp-json\/wp\/v2\/product_brand?post=563"},{"taxonomy":"product_cat","embeddable":true,"href":"https:\/\/stavanger-industri.no\/nb\/wp-json\/wp\/v2\/product_cat?post=563"},{"taxonomy":"product_tag","embeddable":true,"href":"https:\/\/stavanger-industri.no\/nb\/wp-json\/wp\/v2\/product_tag?post=563"}],"curies":[{"name":"wp","href":"https:\/\/api.w.org\/{rel}","templated":true}]}}