{"id":561,"date":"2025-03-08T18:42:12","date_gmt":"2025-03-08T18:42:12","guid":{"rendered":"https:\/\/stavanger-industri.no\/product\/ipc-gulvvaskemaskin-ct230-bt100-roller-sweep-inkl-chem-dose\/"},"modified":"2025-03-08T18:42:12","modified_gmt":"2025-03-08T18:42:12","slug":"ipc-gulvvaskemaskin-ct230-bt100-roller-sweep-inkl-chem-dose","status":"publish","type":"product","link":"https:\/\/stavanger-industri.no\/nb\/product\/ipc-gulvvaskemaskin-ct230-bt100-roller-sweep-inkl-chem-dose\/","title":{"rendered":"IPC Gulvvaskemaskin CT230 BT100 Roller Sweep inkl. Chem Dose"},"content":{"rendered":"<h2 class=\"d-none d-md-block mb-md-4\" data-mce-fragment=\"1\">Produktinformasjon<\/h2>\n<div id=\"product-info\" class=\"collapse show\" data-mce-fragment=\"1\">\n<div class=\"mb-5 mt-3 pb-4\" data-mce-fragment=\"1\">\n<div data-mce-fragment=\"1\">\n<p data-mce-fragment=\"1\">CT230 BT100R er en sittbar gulvvaskemaskin med h\u00f8y effektivitet. Maskinen har stor rentvannstank p\u00e5 hele 205 liter og skittenvanntank p\u00e5 225 liter som gir lang operasjonstid. Maskinen er selvg\u00e5ende, og har trinnl\u00f8s hastighetsregulering p\u00e5 drift forover og bakover.Sweep b\u00f8rstene i front gj\u00f8r det lettere \u00e5 rengj\u00f8re p\u00e5 trange steder. P\u00e5 CT230 BT100R er trykket p\u00e5 skureb\u00f8rstene fast innstilt i de 3 programmene, men dette kan regulerers i programvaren. Ettersyn av batterier, filtre og slanger er sv\u00e6rt enkel, fordi hele karosseriet kan vippes bakover. Karosseriet er i slagfast polypropylenplast. Maskinen har som standard 3 stk. vaskeprogram: 1 &#8211; for rengj\u00f8ring av glatte gulv som ikke er altfor skitne. 2 &#8211; for rengj\u00f8ring av glatte gulv som er merkbart skitne. 3 &#8211; for sv\u00e6rt skitne og grove betong gulv og lignende. Under kj\u00f8ring i de overnevnte programmer s\u00e5 kan vannmengden trinnl\u00f8st reguleres. B\u00f8rster, sugemotor og p\u00e5legging av vann\/vaskemiddel stopper automatisk n\u00e5r maskinen stopper. Dette gj\u00f8r maskinen meget enkel i bruk.\u00a0<\/p>\n<h2 class=\"d-none d-md-block mb-md-4\">Teknisk data<\/h2>\n<ul>\n<li><span>Varenummer: 178157<\/span><\/li>\n<li><span>Valg av vaskesystem: Sylinder B\u00f8rste + sidekost<\/span><\/li>\n<li><span>Vaskebredde: 1000 mm<\/span><\/li>\n<li><span>Bredde for oppsug: 1280 mm<\/span><\/li>\n<li><span>Antall b\u00f8rster: 2 + 2 feieb\u00f8rster<\/span><\/li>\n<li><span>Rotasjonshastighet b\u00f8rste \/ pad: 720 rpm<\/span><\/li>\n<li><span>Rentvannstank: 205 Liter<\/span><\/li>\n<li><span>Skittenvannstank: 225 Liter<\/span><\/li>\n<li><span>Avfallsbeholder: 23 Liter<\/span><\/li>\n<li><span>Rengj\u00f8ringskapasitet: 9000 m2\/t<\/span><\/li>\n<li><span>Hastighet: 9 km\/t<\/span><\/li>\n<li><span>Driftsspenning: 36 volt<\/span><\/li>\n<li><span>Fremdrift: Elektronisk<\/span><\/li>\n<li><span>L\u00f8fting av vaskeb\u00f8rste: Elektrisk<\/span><\/li>\n<li><span>Vannmengderegulering: Elektronisk + magnetventil<\/span><\/li>\n<li><span>St\u00f8yniv\u00e5: 70 dB(A)<\/span><\/li>\n<li><span>Arbeidstid pr. opplading: 300 min<\/span><\/li>\n<li><span>Batteri: BAAC00113 &#8211; 36V \/ 320Ah ( C5 ) Volt\/Amp<\/span><\/li>\n<li><span>Forpakning: Kartong p\u00e5 pall<\/span><\/li>\n<li><span>Volum: 4,13 m\u00b3<\/span><\/li>\n<li><span>CE sertifisert: Ja<\/span><\/li>\n<li><span>B\u00f8rstetrykk: 35 kg<\/span><\/li>\n<li><span>Dimensjoner (LxBxH): 1950x1270x1466 mm<\/span><\/li>\n<li><span>Vekt uten batteri: 377,5 kg<\/span><\/li>\n<li><span>Vekt med batteri: 777,5 kg<\/span><\/li>\n<\/ul>\n<p>\u00a0<\/p>\n<\/div>\n<\/div>\n<\/div>\n<p><iframe width=\"403\" height=\"227\" src=\"https:\/\/www.youtube.com\/embed\/3v5psTJiAGg\" title=\"CT110 160 230 Video Range\" frameborder=\"0\" allow=\"accelerometer; autoplay; clipboard-write; encrypted-media; gyroscope; picture-in-picture\" allowfullscreen><\/iframe><\/p>\n","protected":false},"excerpt":{"rendered":"<p>Produktinformasjon CT230 BT100R er en sittbar gulvvaskemaskin med h\u00f8y effektivitet. Maskinen har stor rentvannstank p\u00e5 hele 205 liter og skittenvanntank p\u00e5 225 liter som gir lang operasjonstid. Maskinen er selvg\u00e5ende, og har trinnl\u00f8s hastighetsregulering p\u00e5 drift forover og bakover.Sweep b\u00f8rstene i front gj\u00f8r det lettere \u00e5 rengj\u00f8re p\u00e5 trange steder. P\u00e5 CT230 BT100R er trykket [&hellip;]<\/p>\n","protected":false},"featured_media":399,"comment_status":"open","ping_status":"closed","template":"","meta":[],"product_brand":[],"product_cat":[48],"product_tag":[],"class_list":{"0":"post-561","1":"product","2":"type-product","3":"status-publish","4":"has-post-thumbnail","6":"product_cat-gulvvaske-maskiner","8":"first","9":"instock","10":"taxable","11":"shipping-taxable","12":"purchasable","13":"product-type-simple"},"ct_brands":[],"_links":{"self":[{"href":"https:\/\/stavanger-industri.no\/nb\/wp-json\/wp\/v2\/product\/561","targetHints":{"allow":["GET"]}}],"collection":[{"href":"https:\/\/stavanger-industri.no\/nb\/wp-json\/wp\/v2\/product"}],"about":[{"href":"https:\/\/stavanger-industri.no\/nb\/wp-json\/wp\/v2\/types\/product"}],"replies":[{"embeddable":true,"href":"https:\/\/stavanger-industri.no\/nb\/wp-json\/wp\/v2\/comments?post=561"}],"version-history":[{"count":0,"href":"https:\/\/stavanger-industri.no\/nb\/wp-json\/wp\/v2\/product\/561\/revisions"}],"wp:featuredmedia":[{"embeddable":true,"href":"https:\/\/stavanger-industri.no\/nb\/wp-json\/wp\/v2\/media\/399"}],"wp:attachment":[{"href":"https:\/\/stavanger-industri.no\/nb\/wp-json\/wp\/v2\/media?parent=561"}],"wp:term":[{"taxonomy":"product_brand","embeddable":true,"href":"https:\/\/stavanger-industri.no\/nb\/wp-json\/wp\/v2\/product_brand?post=561"},{"taxonomy":"product_cat","embeddable":true,"href":"https:\/\/stavanger-industri.no\/nb\/wp-json\/wp\/v2\/product_cat?post=561"},{"taxonomy":"product_tag","embeddable":true,"href":"https:\/\/stavanger-industri.no\/nb\/wp-json\/wp\/v2\/product_tag?post=561"}],"curies":[{"name":"wp","href":"https:\/\/api.w.org\/{rel}","templated":true}]}}