{"id":539,"date":"2025-03-08T18:42:10","date_gmt":"2025-03-08T18:42:10","guid":{"rendered":"https:\/\/stavanger-industri.no\/product\/rorpakke-3-punkt\/"},"modified":"2025-06-13T11:26:18","modified_gmt":"2025-06-13T11:26:18","slug":"rorpakke-3-punkt","status":"publish","type":"product","link":"https:\/\/stavanger-industri.no\/nb\/product\/rorpakke-3-punkt\/","title":{"rendered":"R\u00f8rpakke 3 punkt"},"content":{"rendered":"<h2 class=\"d-none d-md-block mb-md-4\">Produktinformasjon<\/h2>\n<div id=\"product-info\" class=\"collapse show\">\n<div class=\"mb-5 mt-3 pb-4\">\n<div id=\"prod-txt-container\" class=\"\">\n<div>\n<p>R\u00f8rpakken inneholder alle deler som normalt g\u00e5r med til en 3 punkts installasjon.<\/p>\n<p>Alle delene leveres i en hendig eske, lengde 1,22 meter, som f\u00e5r plass i en personbil. R\u00f8rdelene er designet for \u00e5 oppn\u00e5 minimal friksjon og slitasje.<\/p>\n<p>Innhold i pakken<br \/>\n\u00b7 15 stk. r\u00f8r 1,15m, \u00d8 utv. 2&#8242;<br \/>\n\u00b7 9 stk. bend 90 lang<br \/>\n\u00b7 6 stk. bend 45<br \/>\n\u00b7 6 stk. r\u00f8rklammer<br \/>\n\u00b7 12 stk. skj\u00f8temuffer<br \/>\n\u00b7 2 stk. grenr\u00f8r 90<br \/>\n\u00b7 25m styrestr\u00f8mkabel<br \/>\n\u00b7 30 stk. festestrips for kabel<br \/>\n\u00b7 3 stk. bend 90 kort<br \/>\n\u00b7 3 stk. festebrakett<br \/>\n\u00b7 3 stk. sugekontakter 175011<br \/>\n\u00b7 1 stk. utbl\u00e5sningsventil<br \/>\n\u00b7 1 stk. st\u00f8ydemper til utbl\u00e5sning<br \/>\n\u00b7 1 boks lim &#8211;<\/p>\n<\/div>\n<\/div>\n<\/div>\n<\/div>\n<p>.<\/p>\n","protected":false},"excerpt":{"rendered":"<p>Produktinformasjon R\u00f8rpakken inneholder alle deler som normalt g\u00e5r med til en 3 punkts installasjon. Alle delene leveres i en hendig eske, lengde 1,22 meter, som f\u00e5r plass i en personbil. R\u00f8rdelene er designet for \u00e5 oppn\u00e5 minimal friksjon og slitasje. Innhold i pakken \u00b7 15 stk. r\u00f8r 1,15m, \u00d8 utv. 2&#8242; \u00b7 9 stk. bend [&hellip;]<\/p>\n","protected":false},"featured_media":319,"comment_status":"open","ping_status":"closed","template":"","meta":[],"product_brand":[],"product_cat":[102],"product_tag":[],"class_list":{"0":"post-539","1":"product","2":"type-product","3":"status-publish","4":"has-post-thumbnail","6":"product_cat-roropplegg-deler","8":"first","9":"instock","10":"sale","11":"taxable","12":"shipping-taxable","13":"purchasable","14":"product-type-simple"},"_links":{"self":[{"href":"https:\/\/stavanger-industri.no\/nb\/wp-json\/wp\/v2\/product\/539","targetHints":{"allow":["GET"]}}],"collection":[{"href":"https:\/\/stavanger-industri.no\/nb\/wp-json\/wp\/v2\/product"}],"about":[{"href":"https:\/\/stavanger-industri.no\/nb\/wp-json\/wp\/v2\/types\/product"}],"replies":[{"embeddable":true,"href":"https:\/\/stavanger-industri.no\/nb\/wp-json\/wp\/v2\/comments?post=539"}],"version-history":[{"count":3,"href":"https:\/\/stavanger-industri.no\/nb\/wp-json\/wp\/v2\/product\/539\/revisions"}],"predecessor-version":[{"id":1814,"href":"https:\/\/stavanger-industri.no\/nb\/wp-json\/wp\/v2\/product\/539\/revisions\/1814"}],"wp:featuredmedia":[{"embeddable":true,"href":"https:\/\/stavanger-industri.no\/nb\/wp-json\/wp\/v2\/media\/319"}],"wp:attachment":[{"href":"https:\/\/stavanger-industri.no\/nb\/wp-json\/wp\/v2\/media?parent=539"}],"wp:term":[{"taxonomy":"product_brand","embeddable":true,"href":"https:\/\/stavanger-industri.no\/nb\/wp-json\/wp\/v2\/product_brand?post=539"},{"taxonomy":"product_cat","embeddable":true,"href":"https:\/\/stavanger-industri.no\/nb\/wp-json\/wp\/v2\/product_cat?post=539"},{"taxonomy":"product_tag","embeddable":true,"href":"https:\/\/stavanger-industri.no\/nb\/wp-json\/wp\/v2\/product_tag?post=539"}],"curies":[{"name":"wp","href":"https:\/\/api.w.org\/{rel}","templated":true}]}}