{"id":444,"date":"2025-03-08T18:42:04","date_gmt":"2025-03-08T18:42:04","guid":{"rendered":"https:\/\/stavanger-industri.no\/?post_type=product&#038;p=444"},"modified":"2025-03-08T18:42:06","modified_gmt":"2025-03-08T18:42:06","slug":"skumpalegger-1-liter","status":"publish","type":"product","link":"https:\/\/stavanger-industri.no\/nb\/product\/skumpalegger-1-liter\/","title":{"rendered":"Skump\u00e5legger 1 liter"},"content":{"rendered":"<p>Skump\u00e5legger med justering av s\u00e5peinnblanding som gir et meget tykt og fint skum. 1 liters beholder f\u00f8lger med.<\/p>\n<p>Varenavn: SKUMP\u00c5LEGGER 1 LITER<br \/>\nVarenummer: LCPR40039<br \/>\nTrykk (bar): 200 bar<br \/>\nVannmengde (l\/min): 20 l\/min<br \/>\nLegering: Messing\/Rustfritt st\u00e5l<br \/>\nTilkobling: KEW hann<br \/>\nDysest\u00f8rrelse: \u00d8 1,25 mm<br \/>\nTemperatur (\u00b0C): 60\u00b0C<br \/>\nType: med justering av blandingsforhold<br \/>\nLengde: 170 mm<br \/>\nVekt (gram): 561 g<\/p>\n","protected":false},"excerpt":{"rendered":"<p>Skump\u00e5legger med justering av s\u00e5peinnblanding som gir et meget tykt og fint skum. 1 liters beholder f\u00f8lger med. Varenavn: SKUMP\u00c5LEGGER 1 LITER Varenummer: LCPR40039 Trykk (bar): 200 bar Vannmengde (l\/min): 20 l\/min Legering: Messing\/Rustfritt st\u00e5l Tilkobling: KEW hann Dysest\u00f8rrelse: \u00d8 1,25 mm Temperatur (\u00b0C): 60\u00b0C Type: med justering av blandingsforhold Lengde: 170 mm Vekt (gram): [&hellip;]<\/p>\n","protected":false},"featured_media":354,"comment_status":"open","ping_status":"closed","template":"","meta":[],"product_brand":[],"product_cat":[73],"product_tag":[],"class_list":{"0":"post-444","1":"product","2":"type-product","3":"status-publish","4":"has-post-thumbnail","6":"product_cat-high-pressure-washers","8":"first","9":"outofstock","10":"taxable","11":"shipping-taxable","12":"product-type-variable","13":"has-default-attributes"},"ct_brands":[],"_links":{"self":[{"href":"https:\/\/stavanger-industri.no\/nb\/wp-json\/wp\/v2\/product\/444","targetHints":{"allow":["GET"]}}],"collection":[{"href":"https:\/\/stavanger-industri.no\/nb\/wp-json\/wp\/v2\/product"}],"about":[{"href":"https:\/\/stavanger-industri.no\/nb\/wp-json\/wp\/v2\/types\/product"}],"replies":[{"embeddable":true,"href":"https:\/\/stavanger-industri.no\/nb\/wp-json\/wp\/v2\/comments?post=444"}],"version-history":[{"count":1,"href":"https:\/\/stavanger-industri.no\/nb\/wp-json\/wp\/v2\/product\/444\/revisions"}],"predecessor-version":[{"id":469,"href":"https:\/\/stavanger-industri.no\/nb\/wp-json\/wp\/v2\/product\/444\/revisions\/469"}],"wp:featuredmedia":[{"embeddable":true,"href":"https:\/\/stavanger-industri.no\/nb\/wp-json\/wp\/v2\/media\/354"}],"wp:attachment":[{"href":"https:\/\/stavanger-industri.no\/nb\/wp-json\/wp\/v2\/media?parent=444"}],"wp:term":[{"taxonomy":"product_brand","embeddable":true,"href":"https:\/\/stavanger-industri.no\/nb\/wp-json\/wp\/v2\/product_brand?post=444"},{"taxonomy":"product_cat","embeddable":true,"href":"https:\/\/stavanger-industri.no\/nb\/wp-json\/wp\/v2\/product_cat?post=444"},{"taxonomy":"product_tag","embeddable":true,"href":"https:\/\/stavanger-industri.no\/nb\/wp-json\/wp\/v2\/product_tag?post=444"}],"curies":[{"name":"wp","href":"https:\/\/api.w.org\/{rel}","templated":true}]}}