{"id":443,"date":"2025-03-08T18:42:04","date_gmt":"2025-03-08T18:42:04","guid":{"rendered":"https:\/\/stavanger-industri.no\/?post_type=product&#038;p=443"},"modified":"2025-03-08T18:42:06","modified_gmt":"2025-03-08T18:42:06","slug":"hanske-montering-medop-polyester-med-belegg-av-skumnitril","status":"publish","type":"product","link":"https:\/\/stavanger-industri.no\/nb\/product\/hanske-montering-medop-polyester-med-belegg-av-skumnitril\/","title":{"rendered":"Hanske Montering Medop polyester med belegg av skumnitril"},"content":{"rendered":"<p>NITRIL HANSKER&nbsp;REFLEXX&nbsp;N85 BEREGNET FOR&nbsp;TUNGT ARBEID<\/p>\n<p>FULL GRIPEEVNE: Grep p\u00e5 hele h\u00e5ndflaten og fingrene<\/p>\n<p>HEAVY DUTY : &nbsp;&nbsp;Spesiell 3D-grep og h\u00f8y vekt gj\u00f8r hansken spesielt egnet for tung bruk<\/p>\n<p>H\u00f8y synlighet: Den oransje fargen hjelper arbeideren \u00e5 se selv i svake lysforhold<\/p>\n<p>Cat. 3 ogs\u00e5 egnet for beskyttelse mot kjemikalier og mikroorganismer (Reg EU 2016\/425).<\/p>\n<p>EN ISO 374-1: 2016 \/ TYPE B: sertifisert med kjemikalier.<\/p>\n<p>EN ISO 374-5: 2016: For beskyttelse mot bakterier og sopp.<\/p>\n<p>FCM Egnet for et begrenset antall matvarer. Vennligst les mattilsynet for mer info<\/p>\n<p>Frav\u00e6ret av pulver reduserer risikoen for dermatitt og forurensning<\/p>\n<p>Disponibel, ambidextrous. 100% Latex Free.<\/p>\n","protected":false},"excerpt":{"rendered":"<p>NITRIL HANSKER&nbsp;REFLEXX&nbsp;N85 BEREGNET FOR&nbsp;TUNGT ARBEID FULL GRIPEEVNE: Grep p\u00e5 hele h\u00e5ndflaten og fingrene HEAVY DUTY : &nbsp;&nbsp;Spesiell 3D-grep og h\u00f8y vekt gj\u00f8r hansken spesielt egnet for tung bruk H\u00f8y synlighet: Den oransje fargen hjelper arbeideren \u00e5 se selv i svake lysforhold Cat. 3 ogs\u00e5 egnet for beskyttelse mot kjemikalier og mikroorganismer (Reg EU 2016\/425). EN [&hellip;]<\/p>\n","protected":false},"featured_media":316,"comment_status":"open","ping_status":"closed","template":"","meta":[],"product_brand":[],"product_cat":[58],"product_tag":[],"class_list":{"0":"post-443","1":"product","2":"type-product","3":"status-publish","4":"has-post-thumbnail","6":"product_cat-verneutstyr","8":"first","9":"instock","10":"taxable","11":"shipping-taxable","12":"purchasable","13":"product-type-variable","14":"has-default-attributes"},"_links":{"self":[{"href":"https:\/\/stavanger-industri.no\/nb\/wp-json\/wp\/v2\/product\/443","targetHints":{"allow":["GET"]}}],"collection":[{"href":"https:\/\/stavanger-industri.no\/nb\/wp-json\/wp\/v2\/product"}],"about":[{"href":"https:\/\/stavanger-industri.no\/nb\/wp-json\/wp\/v2\/types\/product"}],"replies":[{"embeddable":true,"href":"https:\/\/stavanger-industri.no\/nb\/wp-json\/wp\/v2\/comments?post=443"}],"version-history":[{"count":1,"href":"https:\/\/stavanger-industri.no\/nb\/wp-json\/wp\/v2\/product\/443\/revisions"}],"predecessor-version":[{"id":458,"href":"https:\/\/stavanger-industri.no\/nb\/wp-json\/wp\/v2\/product\/443\/revisions\/458"}],"wp:featuredmedia":[{"embeddable":true,"href":"https:\/\/stavanger-industri.no\/nb\/wp-json\/wp\/v2\/media\/316"}],"wp:attachment":[{"href":"https:\/\/stavanger-industri.no\/nb\/wp-json\/wp\/v2\/media?parent=443"}],"wp:term":[{"taxonomy":"product_brand","embeddable":true,"href":"https:\/\/stavanger-industri.no\/nb\/wp-json\/wp\/v2\/product_brand?post=443"},{"taxonomy":"product_cat","embeddable":true,"href":"https:\/\/stavanger-industri.no\/nb\/wp-json\/wp\/v2\/product_cat?post=443"},{"taxonomy":"product_tag","embeddable":true,"href":"https:\/\/stavanger-industri.no\/nb\/wp-json\/wp\/v2\/product_tag?post=443"}],"curies":[{"name":"wp","href":"https:\/\/api.w.org\/{rel}","templated":true}]}}