{"id":1086,"date":"2025-03-13T13:45:10","date_gmt":"2025-03-13T13:45:10","guid":{"rendered":"https:\/\/stavanger-industri.no\/?post_type=product&#038;p=1086"},"modified":"2025-10-24T11:37:30","modified_gmt":"2025-10-24T11:37:30","slug":"feiemaskin-750m","status":"publish","type":"product","link":"https:\/\/stavanger-industri.no\/nb\/product\/feiemaskin-750m\/","title":{"rendered":"Feiemaskin 750M"},"content":{"rendered":"<p><strong>Feiemaskin 750M<\/strong><\/p>\n<p>Feiemaskinen 750M kombinerer kraft og brukervennlighet i et robust design. Med en\u00a0<strong>stor avfallsbeholder<\/strong>\u00a0og\u00a0<strong>bred feiebredde<\/strong>\u00a0takler den store omr\u00e5der effektivt. Den er utstyrt med en\u00a0<strong>hovedb\u00f8rste med &laquo;V&raquo;-design<\/strong>\u00a0som sikrer optimal feieytelse, samt\u00a0<strong>mikrofiltrering av st\u00f8v<\/strong>\u00a0for en renere arbeidsplass.<\/p>\n<p>Takket v\u00e6re en\u00a0<strong>optimal vektfordeling<\/strong>\u00a0er maskinen lett \u00e5 man\u00f8vrere, samtidig som den gir\u00a0<strong>sv\u00e6rt god sikt<\/strong>\u00a0for operat\u00f8ren. Den er\u00a0<strong>enkel \u00e5 transportere<\/strong>\u00a0og har et\u00a0<strong>fuktsikret kontrollpanel<\/strong>\u00a0som gir lang levetid og p\u00e5litelighet. I tillegg gir den\u00a0<strong>lett tilgang til alle maskindeler<\/strong>, noe som forenkler vedlikehold.<\/p>\n<p>Bygget med et\u00a0<strong>chassis i pulverlakkert st\u00e5l<\/strong>, er 750M b\u00e5de holdbar og beskyttet mot slitasje, noe som gj\u00f8r den til et p\u00e5litelig valg for krevende oppgaver.<\/p>\n<h2>Teknisk data<\/h2>\n<table>\n<tbody>\n<tr>\n<td>Varenummer: 121260<\/td>\n<\/tr>\n<tr>\n<td>EAN-nr: 7050481212600<\/td>\n<\/tr>\n<tr>\n<td>Opprinnelsesland:\u00a0ITALIA<\/td>\n<\/tr>\n<tr>\n<td>Tolltariff:\u00a084798997<\/td>\n<\/tr>\n<tr>\n<td>Feiebredde: 750 mm<\/td>\n<\/tr>\n<tr>\n<td>Feiebredde med sideb\u00f8rste: 770 mm<\/td>\n<\/tr>\n<tr>\n<td>Rengj\u00f8ringskapasitet: 2900 m\u00b2\/time<\/td>\n<\/tr>\n<tr>\n<td>CE sertifisert: Ja<\/td>\n<\/tr>\n<tr>\n<td>Avfallsbeholder: 50 liter<\/td>\n<\/tr>\n<tr>\n<td>Maks. helling: 2 %<\/td>\n<\/tr>\n<tr>\n<td>Hastighet: 3,5 km\/time<\/td>\n<\/tr>\n<tr>\n<td>Fremdrift: Manuell<\/td>\n<\/tr>\n<tr>\n<td>Dimensjoner: 1030x770x750 ( LxBxH )<\/td>\n<\/tr>\n<tr>\n<td>Vekt (kg): 16<\/td>\n<\/tr>\n<\/tbody>\n<\/table>\n<p>&nbsp;<\/p>\n<p>&nbsp;<\/p>\n","protected":false},"excerpt":{"rendered":"<p>Feiemaskin 750M Feiemaskinen 750M kombinerer kraft og brukervennlighet i et robust design. Med en\u00a0stor avfallsbeholder\u00a0og\u00a0bred feiebredde\u00a0takler den store omr\u00e5der effektivt. Den er utstyrt med en\u00a0hovedb\u00f8rste med &laquo;V&raquo;-design\u00a0som sikrer optimal feieytelse, samt\u00a0mikrofiltrering av st\u00f8v\u00a0for en renere arbeidsplass. Takket v\u00e6re en\u00a0optimal vektfordeling\u00a0er maskinen lett \u00e5 man\u00f8vrere, samtidig som den gir\u00a0sv\u00e6rt god sikt\u00a0for operat\u00f8ren. Den er\u00a0enkel \u00e5 transportere\u00a0og [&hellip;]<\/p>\n","protected":false},"featured_media":1087,"comment_status":"open","ping_status":"closed","template":"","meta":[],"product_brand":[],"product_cat":[60],"product_tag":[],"class_list":{"0":"post-1086","1":"product","2":"type-product","3":"status-publish","4":"has-post-thumbnail","6":"product_cat-feiemaskiner","8":"first","9":"instock","10":"taxable","11":"shipping-taxable","12":"product-type-simple"},"_links":{"self":[{"href":"https:\/\/stavanger-industri.no\/nb\/wp-json\/wp\/v2\/product\/1086","targetHints":{"allow":["GET"]}}],"collection":[{"href":"https:\/\/stavanger-industri.no\/nb\/wp-json\/wp\/v2\/product"}],"about":[{"href":"https:\/\/stavanger-industri.no\/nb\/wp-json\/wp\/v2\/types\/product"}],"replies":[{"embeddable":true,"href":"https:\/\/stavanger-industri.no\/nb\/wp-json\/wp\/v2\/comments?post=1086"}],"version-history":[{"count":7,"href":"https:\/\/stavanger-industri.no\/nb\/wp-json\/wp\/v2\/product\/1086\/revisions"}],"predecessor-version":[{"id":1095,"href":"https:\/\/stavanger-industri.no\/nb\/wp-json\/wp\/v2\/product\/1086\/revisions\/1095"}],"wp:featuredmedia":[{"embeddable":true,"href":"https:\/\/stavanger-industri.no\/nb\/wp-json\/wp\/v2\/media\/1087"}],"wp:attachment":[{"href":"https:\/\/stavanger-industri.no\/nb\/wp-json\/wp\/v2\/media?parent=1086"}],"wp:term":[{"taxonomy":"product_brand","embeddable":true,"href":"https:\/\/stavanger-industri.no\/nb\/wp-json\/wp\/v2\/product_brand?post=1086"},{"taxonomy":"product_cat","embeddable":true,"href":"https:\/\/stavanger-industri.no\/nb\/wp-json\/wp\/v2\/product_cat?post=1086"},{"taxonomy":"product_tag","embeddable":true,"href":"https:\/\/stavanger-industri.no\/nb\/wp-json\/wp\/v2\/product_tag?post=1086"}],"curies":[{"name":"wp","href":"https:\/\/api.w.org\/{rel}","templated":true}]}}