{"id":1069,"date":"2025-03-13T13:20:40","date_gmt":"2025-03-13T13:20:40","guid":{"rendered":"https:\/\/stavanger-industri.no\/?post_type=product&#038;p=1069"},"modified":"2025-10-24T11:40:32","modified_gmt":"2025-10-24T11:40:32","slug":"feiemaskin-550-m","status":"publish","type":"product","link":"https:\/\/stavanger-industri.no\/nb\/product\/feiemaskin-550-m\/","title":{"rendered":"Feiemaskin 550 M"},"content":{"rendered":"\t\t<div data-elementor-type=\"product-post\" data-elementor-id=\"1069\" class=\"elementor elementor-1069\" data-elementor-post-type=\"product\">\n\t\t\t\t<div class=\"elementor-element elementor-element-57bea579 e-grid e-con-full e-con e-parent\" data-id=\"57bea579\" data-element_type=\"container\" data-e-type=\"container\">\n\t\t\t\t<div class=\"elementor-element elementor-element-e76f931 elementor-widget elementor-widget-text-editor\" data-id=\"e76f931\" data-element_type=\"widget\" data-e-type=\"widget\" data-widget_type=\"text-editor.default\">\n\t\t\t\t\t\t\t\t\t<h2 class=\"d-none d-md-block mb-md-4\" style=\"font-weight: 600;line-height: 1.2;font-size: 2.375rem;font-family: canada-type-gibson, sans-serif;font-style: normal;color: #212529;letter-spacing: normal;text-transform: none;margin-bottom: 1.5rem !important\">Teknisk data<\/h2><table class=\"alternate-rows mb-5\" style=\"font-family: -apple-system, BlinkMacSystemFont, 'Segoe UI', Roboto, 'Helvetica Neue', Arial, 'Noto Sans', 'Liberation Sans', sans-serif, 'Apple Color Emoji', 'Segoe UI Emoji', 'Segoe UI Symbol', 'Noto Color Emoji';margin-bottom: 3rem !important\"><tbody style=\"margin: 0px;width: 279.672px\"><tr style=\"width: 279.672px;background-color: var(--vibrant-light)\"><td style=\"width: 279.672px;padding: 0.5rem\">Varenummer: 121298<\/td><\/tr><tr style=\"width: 279.672px\"><td style=\"width: 279.672px;padding: 0.5rem\">EAN-nr: 7050481212983<\/td><\/tr><tr style=\"width: 279.672px;background-color: var(--vibrant-light)\"><td style=\"width: 279.672px;padding: 0.5rem\">Opprinnelsesland:\u00a0<span id=\"opprinnelsesland\" style=\"margin: 0px\">ITALIA<\/span><\/td><\/tr><tr style=\"width: 279.672px\"><td style=\"width: 279.672px;padding: 0.5rem\">Tolltariff:\u00a0<span id=\"tollfariff\" style=\"margin: 0px\">84798997<\/span><\/td><\/tr><tr style=\"width: 279.672px;background-color: var(--vibrant-light)\"><td style=\"width: 279.672px;padding: 0.5rem\">Feiebredde: 550 mm<\/td><\/tr><tr style=\"width: 279.672px\"><td style=\"width: 279.672px;padding: 0.5rem\">Rengj\u00f8ringskapasitet: 1950 m\u00b2\/time<\/td><\/tr><tr style=\"width: 279.672px;background-color: var(--vibrant-light)\"><td style=\"width: 279.672px;padding: 0.5rem\">CE sertifisert: Ja<\/td><\/tr><tr style=\"width: 279.672px\"><td style=\"width: 279.672px;padding: 0.5rem\">Avfallsbeholder: 20 liter<\/td><\/tr><tr style=\"width: 279.672px;background-color: var(--vibrant-light)\"><td style=\"width: 279.672px;padding: 0.5rem\">Fremdrift: Manuell<\/td><\/tr><tr style=\"width: 279.672px\"><td style=\"width: 279.672px;padding: 0.5rem\">Dimensjoner: 1200x530x550 ( LxBxH )<\/td><\/tr><tr style=\"width: 279.672px;background-color: var(--vibrant-light)\"><td style=\"width: 279.672px;padding: 0.5rem\">Vekt (kg): 9<\/td><\/tr><\/tbody><\/table>\t\t\t\t\t\t\t\t<\/div>\n\t\t\t\t<div class=\"elementor-element elementor-element-1700ebb5 elementor-widget elementor-widget-text-editor\" data-id=\"1700ebb5\" data-element_type=\"widget\" data-e-type=\"widget\" data-widget_type=\"text-editor.default\">\n\t\t\t\t\t\t\t\t\t<p><strong>Feiemaskinen 550 M<\/strong>\u00a0er lettvekts og enkel \u00e5 h\u00e5ndtere. Med sitt beltefrie system krever den minimalt vedlikehold, noe som gj\u00f8r den til et problemfritt valg for effektiv rengj\u00f8ring. Maskinen h\u00e5ndterer b\u00e5de fint og grovt st\u00f8v, samt t\u00f8rt og v\u00e5tt l\u00f8v med letthet.<\/p><p>TK 550M er utstyrt med to roterende b\u00f8rster som spinner i motsatt retning av hverandre. Dette sikrer at maskinen ikke bare skyver materialet foran seg, men samler det effektivt rett foran maskinen og f\u00f8rer det direkte inn i beholderen, som er plassert rett bak b\u00f8rstene. Resultatet er en grundig og effektiv feieprosess.<\/p>\t\t\t\t\t\t\t\t<\/div>\n\t\t\t\t<div class=\"elementor-element elementor-element-9a5d76c elementor-widget elementor-widget-text-editor\" data-id=\"9a5d76c\" data-element_type=\"widget\" data-e-type=\"widget\" data-widget_type=\"text-editor.default\">\n\t\t\t\t\t\t\t\t\t<h2 class=\"h2 border--bottom-sm d-inline-block w-100\">Anbefalt tilbeh\u00f8r<\/h2><div class=\"products__grid\"><div class=\"products__grid__item products__grid__item--detailed\"><p><a href=\"https:\/\/foma.no\/produkter\/tilbehor\/original-ipc-feiemaskiner\/hovedborste-550m\/\"><img decoding=\"async\" class=\"alignleft\" src=\"https:\/\/bildebank.foma.no\/media\/pixguzmg\/sppv02216_1.jpg?width=200&amp;height=150&amp;mode=pad&amp;bgcolor=ffffff&amp;lastupdate=17.02.2023\" \/><\/a><\/p><div class=\"products__grid__item--detailed__content\"><h3 class=\"h3\">Hovedb\u00f8rste 550M<\/h3><p class=\"h4\">Art. nr: SPPV02216<\/p><\/div><div class=\"products__grid__item--detailed__footer product__footer\"><div class=\"products__grid__item--detailed__footer product__footer\"><div class=\"d-flex p-3 justify-content-start\">\u00a0<\/div><div class=\"variantwrapper_1a602f7e-d59e-4e7d-a408-b7259ab707b4 variantwrapper_SPPV02216\"><div id=\"priceTagContainer_SPPV02216\">\u00a0<\/div><\/div><\/div><\/div><\/div><div class=\"products__grid__item products__grid__item--detailed\"><div class=\"products__grid__item--detailed__content\"><p class=\"h4\">\u00a0<\/p><\/div><\/div><\/div>\t\t\t\t\t\t\t\t<\/div>\n\t\t\t\t<div class=\"elementor-element elementor-element-1eaa185 elementor-widget elementor-widget-text-editor\" data-id=\"1eaa185\" data-element_type=\"widget\" data-e-type=\"widget\" data-widget_type=\"text-editor.default\">\n\t\t\t\t\t\t\t\t\t<div class=\"products__grid\"><div class=\"products__grid__item products__grid__item--detailed\"><div class=\"products__grid__item--detailed__content\"><p class=\"h4\">\u00a0<\/p><\/div><div class=\"products__grid__item--detailed__footer product__footer\"><div class=\"products__grid__item--detailed__footer product__footer\"><div class=\"d-flex p-3 justify-content-start\">\u00a0<\/div><\/div><\/div><\/div><div class=\"products__grid__item products__grid__item--detailed\"><p><a href=\"https:\/\/foma.no\/produkter\/tilbehor\/original-ipc-feiemaskiner\/sideborste-550m\/\"><img decoding=\"async\" class=\"alignleft\" src=\"https:\/\/bildebank.foma.no\/media\/rpahdwil\/sppv02217_1.jpg?width=200&amp;height=150&amp;mode=pad&amp;bgcolor=ffffff&amp;lastupdate=17.02.2023\" \/><\/a><\/p><div class=\"products__grid__item--detailed__content\"><h3 class=\"h3\">Sideb\u00f8rste 550M<\/h3><p class=\"h4\">Art. nr: SPPV02217<\/p><\/div><\/div><\/div>\t\t\t\t\t\t\t\t<\/div>\n\t\t\t\t<\/div>\n\t\t<div class=\"elementor-element elementor-element-83352c6 e-flex e-con-boxed e-con e-parent\" data-id=\"83352c6\" data-element_type=\"container\" data-e-type=\"container\">\n\t\t\t\t\t<div class=\"e-con-inner\">\n\t\t\t\t\t<\/div>\n\t\t\t\t<\/div>\n\t\t<div class=\"elementor-element elementor-element-d240f37 e-con-full e-flex e-con e-parent\" data-id=\"d240f37\" data-element_type=\"container\" data-e-type=\"container\">\n\t\t\t\t<\/div>\n\t\t\t\t<\/div>\n\t\t","protected":false},"excerpt":{"rendered":"<p>Teknisk data Varenummer: 121298 EAN-nr: 7050481212983 Opprinnelsesland:\u00a0ITALIA Tolltariff:\u00a084798997 Feiebredde: 550 mm Rengj\u00f8ringskapasitet: 1950 m\u00b2\/time CE sertifisert: Ja Avfallsbeholder: 20 liter Fremdrift: Manuell Dimensjoner: 1200x530x550 ( LxBxH ) Vekt (kg): 9 Feiemaskinen 550 M\u00a0er lettvekts og enkel \u00e5 h\u00e5ndtere. Med sitt beltefrie system krever den minimalt vedlikehold, noe som gj\u00f8r den til et problemfritt valg for [&hellip;]<\/p>\n","protected":false},"featured_media":1070,"comment_status":"open","ping_status":"closed","template":"","meta":[],"product_brand":[],"product_cat":[60],"product_tag":[],"class_list":{"0":"post-1069","1":"product","2":"type-product","3":"status-publish","4":"has-post-thumbnail","6":"product_cat-feiemaskiner","8":"first","9":"instock","10":"taxable","11":"shipping-taxable","12":"product-type-simple"},"_links":{"self":[{"href":"https:\/\/stavanger-industri.no\/nb\/wp-json\/wp\/v2\/product\/1069","targetHints":{"allow":["GET"]}}],"collection":[{"href":"https:\/\/stavanger-industri.no\/nb\/wp-json\/wp\/v2\/product"}],"about":[{"href":"https:\/\/stavanger-industri.no\/nb\/wp-json\/wp\/v2\/types\/product"}],"replies":[{"embeddable":true,"href":"https:\/\/stavanger-industri.no\/nb\/wp-json\/wp\/v2\/comments?post=1069"}],"version-history":[{"count":14,"href":"https:\/\/stavanger-industri.no\/nb\/wp-json\/wp\/v2\/product\/1069\/revisions"}],"predecessor-version":[{"id":1841,"href":"https:\/\/stavanger-industri.no\/nb\/wp-json\/wp\/v2\/product\/1069\/revisions\/1841"}],"wp:featuredmedia":[{"embeddable":true,"href":"https:\/\/stavanger-industri.no\/nb\/wp-json\/wp\/v2\/media\/1070"}],"wp:attachment":[{"href":"https:\/\/stavanger-industri.no\/nb\/wp-json\/wp\/v2\/media?parent=1069"}],"wp:term":[{"taxonomy":"product_brand","embeddable":true,"href":"https:\/\/stavanger-industri.no\/nb\/wp-json\/wp\/v2\/product_brand?post=1069"},{"taxonomy":"product_cat","embeddable":true,"href":"https:\/\/stavanger-industri.no\/nb\/wp-json\/wp\/v2\/product_cat?post=1069"},{"taxonomy":"product_tag","embeddable":true,"href":"https:\/\/stavanger-industri.no\/nb\/wp-json\/wp\/v2\/product_tag?post=1069"}],"curies":[{"name":"wp","href":"https:\/\/api.w.org\/{rel}","templated":true}]}}