{"id":97,"date":"2025-03-07T15:29:33","date_gmt":"2025-03-07T15:29:33","guid":{"rendered":"https:\/\/stavanger-industri.no\/?page_id=97"},"modified":"2025-05-15T06:45:12","modified_gmt":"2025-05-15T06:45:12","slug":"about-us","status":"publish","type":"page","link":"https:\/\/stavanger-industri.no\/nb\/about-us\/","title":{"rendered":"Om oss"},"content":{"rendered":"\t\t<div data-elementor-type=\"wp-page\" data-elementor-id=\"97\" class=\"elementor elementor-97\" data-elementor-post-type=\"page\">\n\t\t\t\t<div class=\"elementor-element elementor-element-02a1168 e-flex e-con-boxed e-con e-parent\" data-id=\"02a1168\" data-element_type=\"container\" data-e-type=\"container\">\n\t\t\t\t\t<div class=\"e-con-inner\">\n\t\t\t\t<div class=\"elementor-element elementor-element-135da62 elementor-widget elementor-widget-heading\" data-id=\"135da62\" data-element_type=\"widget\" data-e-type=\"widget\" data-widget_type=\"heading.default\">\n\t\t\t\t\t<h3 class=\"elementor-heading-title elementor-size-default\">Stavanger Industri Service AS (Etablert 1998)<\/h3>\t\t\t\t<\/div>\n\t\t\t\t<div class=\"elementor-element elementor-element-cb7a307 elementor-widget elementor-widget-text-editor\" data-id=\"cb7a307\" data-element_type=\"widget\" data-e-type=\"widget\" data-widget_type=\"text-editor.default\">\n\t\t\t\t\t\t\t\t\t<p style=\"text-align: center\"><strong>&laquo;DEN RETTE MASKINEN FOR DEN RETTE OPPGAVEN ER V\u00c5R SPESIALITET&raquo;<\/strong><\/p>\t\t\t\t\t\t\t\t<\/div>\n\t\t\t\t<div class=\"elementor-element elementor-element-a7f5616 elementor-widget elementor-widget-text-editor\" data-id=\"a7f5616\" data-element_type=\"widget\" data-e-type=\"widget\" data-widget_type=\"text-editor.default\">\n\t\t\t\t\t\t\t\t\t<h3><strong>Din komplette partner for profesjonell rengj\u00f8ring<\/strong><\/h3><p class=\"ds-markdown-paragraph\">I\u00a0<strong>Stavanger Industri Service AS<\/strong>\u00a0kombinerer vi\u00a0<strong>ekspertise, kvalitetsutstyr og egenutviklede kjemiprodukter<\/strong>\u00a0for \u00e5 levere helhetlige rengj\u00f8ringsl\u00f8sninger.<\/p><p class=\"ds-markdown-paragraph\"><strong>V\u00e5re unike fordeler:<\/strong><br \/>\u2714\u00a0<strong>Eksklusiv import\u00f8r av Mazzoni<\/strong>\u00a0siden 2011<br \/>\u2714\u00a0<strong>Offisiell K\u00e4rcher-servicepartner<\/strong>\u00a0(profesjonell &amp; hobby) fra 2024<br \/>\u2714\u00a0<strong>Egenprodusert kjemi<\/strong>\u00a0som l\u00f8ser alle typer rengj\u00f8ringsoppgaver<br \/>\u2714 Komplett utvalg verneutstyr og tilbeh\u00f8r<\/p><h3><strong>Alt du trenger under ett tak<\/strong><\/h3><p class=\"ds-markdown-paragraph\">Vi tilbyr ikke bare ledende merkevarer, men utvikler ogs\u00e5 v\u00e5re egne\u00a0<strong>effektive rengj\u00f8ringskjemikalier<\/strong>\u00a0som ergonomisk l\u00f8ser alt fra daglig rengj\u00f8ring til tunge industrielle oppgaver. Kombinert med v\u00e5rt utstyr f\u00e5r du perfekt tilpassede l\u00f8sninger.<\/p><h3><strong>Autorisert service og ekspertise<\/strong><\/h3><p class=\"ds-markdown-paragraph\">V\u00e5rt verksted er autorisert for:<br \/>\u2022\u00a0<strong>K\u00e4rcher<\/strong>\u00a0\u2022\u00a0<strong>Foma<\/strong>\u00a0\u2022\u00a0<strong>Reno<\/strong>\u00a0\u2022\u00a0<strong>Mazzoni<\/strong><br \/>Vi utf\u00f8rer service og reparasjoner av alle typer rengj\u00f8ringsmaskiner, slik at ditt utstyr alltid yter optimalt.<\/p><h3><strong>Bransjekunnskap som gir resultater<\/strong><\/h3><p class=\"ds-markdown-paragraph\">Med v\u00e5r lange erfaring gir vi deg:<br \/>\u2713 Skreddersydd produktanbefaling<br \/>\u2713 Teknisk veiledning<br \/>\u2713 P\u00e5litelig etterkj\u00f8psservice<br \/>\u2713 Kostnadseffektive l\u00f8sninger<\/p>\t\t\t\t\t\t\t\t<\/div>\n\t\t\t\t\t<\/div>\n\t\t\t\t<\/div>\n\t\t\t\t<\/div>\n\t\t","protected":false},"excerpt":{"rendered":"<p>Stavanger Industri Service AS (Etablert 1998) &laquo;DEN RETTE MASKINEN FOR DEN RETTE OPPGAVEN ER V\u00c5R SPESIALITET&raquo; Din komplette partner for profesjonell rengj\u00f8ring I\u00a0Stavanger Industri Service AS\u00a0kombinerer vi\u00a0ekspertise, kvalitetsutstyr og egenutviklede kjemiprodukter\u00a0for \u00e5 levere helhetlige rengj\u00f8ringsl\u00f8sninger. V\u00e5re unike fordeler:\u2714\u00a0Eksklusiv import\u00f8r av Mazzoni\u00a0siden 2011\u2714\u00a0Offisiell K\u00e4rcher-servicepartner\u00a0(profesjonell &amp; hobby) fra 2024\u2714\u00a0Egenprodusert kjemi\u00a0som l\u00f8ser alle typer rengj\u00f8ringsoppgaver\u2714 Komplett utvalg verneutstyr [&hellip;]<\/p>\n","protected":false},"author":1,"featured_media":0,"parent":0,"menu_order":0,"comment_status":"closed","ping_status":"closed","template":"","meta":{"footnotes":""},"class_list":["post-97","page","type-page","status-publish","hentry"],"blocksy_meta":[],"_links":{"self":[{"href":"https:\/\/stavanger-industri.no\/nb\/wp-json\/wp\/v2\/pages\/97","targetHints":{"allow":["GET"]}}],"collection":[{"href":"https:\/\/stavanger-industri.no\/nb\/wp-json\/wp\/v2\/pages"}],"about":[{"href":"https:\/\/stavanger-industri.no\/nb\/wp-json\/wp\/v2\/types\/page"}],"author":[{"embeddable":true,"href":"https:\/\/stavanger-industri.no\/nb\/wp-json\/wp\/v2\/users\/1"}],"replies":[{"embeddable":true,"href":"https:\/\/stavanger-industri.no\/nb\/wp-json\/wp\/v2\/comments?post=97"}],"version-history":[{"count":13,"href":"https:\/\/stavanger-industri.no\/nb\/wp-json\/wp\/v2\/pages\/97\/revisions"}],"predecessor-version":[{"id":1269,"href":"https:\/\/stavanger-industri.no\/nb\/wp-json\/wp\/v2\/pages\/97\/revisions\/1269"}],"wp:attachment":[{"href":"https:\/\/stavanger-industri.no\/nb\/wp-json\/wp\/v2\/media?parent=97"}],"curies":[{"name":"wp","href":"https:\/\/api.w.org\/{rel}","templated":true}]}}